{"id":1508,"date":"2025-07-30T12:52:05","date_gmt":"2025-07-30T12:52:05","guid":{"rendered":"https:\/\/www.hdry.com\/unsere-geschichte\/"},"modified":"2025-12-04T13:34:01","modified_gmt":"2025-12-04T13:34:01","slug":"unsere-geschichte","status":"publish","type":"page","link":"https:\/\/www.hdry.com\/de\/unsere-geschichte\/","title":{"rendered":"Unsere Geschichte"},"content":{"rendered":"<p><div class=\"fusion-fullwidth fullwidth-box fusion-builder-row-1 fusion-flex-container has-pattern-background has-mask-background nonhundred-percent-fullwidth non-hundred-percent-height-scrolling\" style=\"--awb-border-radius-top-left:0px;--awb-border-radius-top-right:0px;--awb-border-radius-bottom-right:0px;--awb-border-radius-bottom-left:0px;--awb-padding-top:30px;--awb-padding-right:50px;--awb-padding-bottom:30px;--awb-padding-left:50px;--awb-margin-top:40px;--awb-flex-wrap:wrap;\" ><div class=\"fusion-builder-row fusion-row fusion-flex-align-items-flex-start fusion-flex-content-wrap\" style=\"max-width:1872px;margin-left: calc(-4% \/ 2 );margin-right: calc(-4% \/ 2 );\"><div class=\"fusion-layout-column fusion_builder_column fusion-builder-column-0 fusion_builder_column_1_3 1_3 fusion-flex-column fusion-animated\" style=\"--awb-bg-color:var(--awb-color2);--awb-bg-color-hover:var(--awb-color2);--awb-bg-size:cover;--awb-border-color:var(--awb-color5);--awb-border-top:0px;--awb-border-right:0px;--awb-border-bottom:0px;--awb-border-left:0px;--awb-border-style:solid;--awb-width-large:33.333333333333%;--awb-margin-top-large:0px;--awb-spacing-right-large:5.76%;--awb-margin-bottom-large:20px;--awb-spacing-left-large:5.76%;--awb-width-medium:33.333333333333%;--awb-order-medium:0;--awb-spacing-right-medium:5.76%;--awb-spacing-left-medium:5.76%;--awb-width-small:100%;--awb-order-small:0;--awb-spacing-right-small:1.92%;--awb-spacing-left-small:1.92%;\" data-animationType=\"fadeIn\" data-animationDuration=\"0.5\" data-animationDelay=\"0.4\" data-animationOffset=\"top-into-view\" data-scroll-devices=\"small-visibility,medium-visibility,large-visibility\"><div class=\"fusion-column-wrapper fusion-column-has-shadow fusion-flex-justify-content-flex-start fusion-content-layout-column\"><div class=\"fusion-image-element \" style=\"--awb-caption-title-color:var(--awb-color1);--awb-caption-overlay-color:rgba(193,197,200,0.4);--awb-caption-title-font-family:&quot;Graphik wide bold&quot;;--awb-caption-title-font-weight:400;--awb-caption-title-font-style:normal;--awb-caption-title-size:30px;--awb-caption-title-transform:var(--h1_typography-text-transform);--awb-caption-title-line-height:var(--h1_typography-line-height);--awb-caption-title-letter-spacing:var(--h1_typography-letter-spacing);\"><span class=\" fusion-imageframe imageframe-none imageframe-1 awb-imageframe-style awb-imageframe-style-schantel\"><img decoding=\"async\" width=\"680\" height=\"525\" alt=\"2006\" title=\"2006\" src=\"https:\/\/www.hdry.com\/wp-content\/uploads\/2025\/07\/2006.jpg\" class=\"img-responsive wp-image-1511\" srcset=\"https:\/\/www.hdry.com\/wp-content\/uploads\/2025\/07\/2006-200x154.jpg 200w, https:\/\/www.hdry.com\/wp-content\/uploads\/2025\/07\/2006-400x309.jpg 400w, https:\/\/www.hdry.com\/wp-content\/uploads\/2025\/07\/2006-600x463.jpg 600w, https:\/\/www.hdry.com\/wp-content\/uploads\/2025\/07\/2006.jpg 680w\" sizes=\"(max-width: 640px) 100vw, 600px\" \/><div class=\"awb-imageframe-caption-container\"><div class=\"awb-imageframe-caption\"><h1 class=\"awb-imageframe-caption-title\">2006<\/h1><\/div><\/div><\/span><\/div><\/div><\/div><div class=\"fusion-layout-column fusion_builder_column fusion-builder-column-1 fusion_builder_column_2_3 2_3 fusion-flex-column fusion-flex-align-self-center\" style=\"--awb-bg-size:cover;--awb-width-large:66.666666666667%;--awb-margin-top-large:0px;--awb-spacing-right-large:2.88%;--awb-margin-bottom-large:20px;--awb-spacing-left-large:2.88%;--awb-width-medium:66.666666666667%;--awb-order-medium:0;--awb-spacing-right-medium:2.88%;--awb-spacing-left-medium:2.88%;--awb-width-small:100%;--awb-order-small:0;--awb-spacing-right-small:1.92%;--awb-spacing-left-small:1.92%;\" data-scroll-devices=\"small-visibility,medium-visibility,large-visibility\"><div class=\"fusion-column-wrapper fusion-column-has-shadow fusion-flex-justify-content-flex-start fusion-content-layout-column\"><div class=\"fusion-text fusion-text-1\" style=\"--awb-font-size:16px;--awb-margin-top:0px;--awb-margin-right:0px;--awb-margin-left:0px;\"><p>HDry ist die fortschrittlichste Technologie zur Wasserdichtigkeit von Outdoor-Produkten durch direkte Laminierung einer wasserdichten\/atmungsaktiven Membran.<\/p>\n<p>HDry baut auf der technologischen Entwicklung auf, die seine Gr\u00fcnder 2006 mit der Schaffung der OutDry-Technologie und -Marke begonnen haben.<\/p>\n<\/div><\/div><\/div><\/div><\/div><div class=\"fusion-fullwidth fullwidth-box fusion-builder-row-2 fusion-flex-container has-pattern-background has-mask-background nonhundred-percent-fullwidth non-hundred-percent-height-scrolling\" style=\"--awb-border-radius-top-left:0px;--awb-border-radius-top-right:0px;--awb-border-radius-bottom-right:0px;--awb-border-radius-bottom-left:0px;--awb-padding-top:50px;--awb-padding-right:50px;--awb-padding-bottom:30px;--awb-padding-left:50px;--awb-background-color:var(--awb-color2);--awb-flex-wrap:wrap;\" ><div class=\"fusion-builder-row fusion-row fusion-flex-align-items-flex-start fusion-flex-content-wrap\" style=\"max-width:1872px;margin-left: calc(-4% \/ 2 );margin-right: calc(-4% \/ 2 );\"><div class=\"fusion-layout-column fusion_builder_column fusion-builder-column-2 fusion_builder_column_1_3 1_3 fusion-flex-column fusion-animated\" style=\"--awb-overflow:hidden;--awb-bg-color:var(--awb-color2);--awb-bg-color-hover:var(--awb-color2);--awb-bg-size:cover;--awb-border-color:var(--awb-color7);--awb-border-top:0px;--awb-border-right:0px;--awb-border-bottom:0px;--awb-border-left:0px;--awb-border-style:solid;--awb-border-radius:9px 9px 9px 9px;--awb-width-large:33.333333333333%;--awb-margin-top-large:0px;--awb-spacing-right-large:5.76%;--awb-margin-bottom-large:20px;--awb-spacing-left-large:5.76%;--awb-width-medium:33.333333333333%;--awb-order-medium:0;--awb-spacing-right-medium:5.76%;--awb-spacing-left-medium:5.76%;--awb-width-small:100%;--awb-order-small:0;--awb-spacing-right-small:1.92%;--awb-spacing-left-small:1.92%;\" data-animationType=\"fadeIn\" data-animationDuration=\"0.5\" data-animationDelay=\"0.4\" data-animationOffset=\"top-into-view\" data-scroll-devices=\"small-visibility,medium-visibility,large-visibility\"><div class=\"fusion-column-wrapper fusion-column-has-shadow fusion-flex-justify-content-flex-start fusion-content-layout-column\"><div class=\"fusion-image-element \" style=\"--awb-caption-title-color:#979a9e;--awb-caption-overlay-color:rgba(193,197,200,0.4);--awb-caption-title-font-family:&quot;Graphik wide bold&quot;;--awb-caption-title-font-weight:400;--awb-caption-title-font-style:normal;--awb-caption-title-size:30px;--awb-caption-title-transform:var(--h1_typography-text-transform);--awb-caption-title-line-height:var(--h1_typography-line-height);--awb-caption-title-letter-spacing:var(--h1_typography-letter-spacing);\"><span class=\" fusion-imageframe imageframe-none imageframe-2 awb-imageframe-style awb-imageframe-style-schantel\"><img decoding=\"async\" width=\"680\" height=\"525\" alt=\"2008\" title=\"2008\" src=\"https:\/\/www.hdry.com\/wp-content\/uploads\/2025\/07\/2008.jpg\" class=\"img-responsive wp-image-1513\" srcset=\"https:\/\/www.hdry.com\/wp-content\/uploads\/2025\/07\/2008-200x154.jpg 200w, https:\/\/www.hdry.com\/wp-content\/uploads\/2025\/07\/2008-400x309.jpg 400w, https:\/\/www.hdry.com\/wp-content\/uploads\/2025\/07\/2008-600x463.jpg 600w, https:\/\/www.hdry.com\/wp-content\/uploads\/2025\/07\/2008.jpg 680w\" sizes=\"(max-width: 640px) 100vw, 600px\" \/><div class=\"awb-imageframe-caption-container\"><div class=\"awb-imageframe-caption\"><h1 class=\"awb-imageframe-caption-title\">2008<\/h1><\/div><\/div><\/span><\/div><\/div><\/div><div class=\"fusion-layout-column fusion_builder_column fusion-builder-column-3 fusion_builder_column_2_3 2_3 fusion-flex-column fusion-flex-align-self-center\" style=\"--awb-bg-size:cover;--awb-width-large:66.666666666667%;--awb-margin-top-large:0px;--awb-spacing-right-large:2.88%;--awb-margin-bottom-large:20px;--awb-spacing-left-large:2.88%;--awb-width-medium:66.666666666667%;--awb-order-medium:0;--awb-spacing-right-medium:2.88%;--awb-spacing-left-medium:2.88%;--awb-width-small:100%;--awb-order-small:0;--awb-spacing-right-small:1.92%;--awb-spacing-left-small:1.92%;\" data-scroll-devices=\"small-visibility,medium-visibility,large-visibility\"><div class=\"fusion-column-wrapper fusion-column-has-shadow fusion-flex-justify-content-flex-start fusion-content-layout-column\"><div class=\"fusion-text fusion-text-2\" style=\"--awb-font-size:16px;--awb-margin-top:0px;--awb-margin-right:0px;--awb-margin-left:0px;\"><p>Sie waren die Ersten, die das direkte, dreidimensionale Laminierungsverfahren einer Membran auf ein Obermaterial von Outdoor-Schuhen einf\u00fchrten und gewannen damit 2008 den renommierten ISPO-Award \u201eECO DESIGN \u2013 FORM FOLLOW SUSTAINABILITY\u201c.<\/p>\n<p>Die Marke \u201eHDry\u201c leitet sich vom chemischen Symbol H f\u00fcr Wasserstoff ab, kombiniert mit dem Wort \u201eDry\u201c, und symbolisiert die Affinit\u00e4t dieser Technologie zu Wasser. Tats\u00e4chlich interagiert die HDry-Technologie auf vielf\u00e4ltige Weise mit Wasser, fungiert manchmal als sch\u00fctzendes Element (vor Regen, Schnee oder Eis), manchmal als Leitung (die das Verdunsten von Schwei\u00df erm\u00f6glicht) und schont dabei gleichzeitig Wasser aus \u00f6kologischer Sicht.<\/p>\n<\/div><\/div><\/div><\/div><\/div><div class=\"fusion-fullwidth fullwidth-box fusion-builder-row-3 fusion-flex-container has-pattern-background has-mask-background nonhundred-percent-fullwidth non-hundred-percent-height-scrolling\" style=\"--awb-border-radius-top-left:0px;--awb-border-radius-top-right:0px;--awb-border-radius-bottom-right:0px;--awb-border-radius-bottom-left:0px;--awb-padding-top:50px;--awb-padding-right:50px;--awb-padding-bottom:30px;--awb-padding-left:50px;--awb-flex-wrap:wrap;\" ><div class=\"fusion-builder-row fusion-row fusion-flex-align-items-flex-start fusion-flex-content-wrap\" style=\"max-width:1872px;margin-left: calc(-4% \/ 2 );margin-right: calc(-4% \/ 2 );\"><div class=\"fusion-layout-column fusion_builder_column fusion-builder-column-4 fusion_builder_column_1_3 1_3 fusion-flex-column fusion-animated\" style=\"--awb-bg-color:var(--awb-color2);--awb-bg-color-hover:var(--awb-color2);--awb-bg-size:cover;--awb-border-color:var(--awb-color4);--awb-border-top:0px;--awb-border-right:0px;--awb-border-bottom:0px;--awb-border-left:0px;--awb-border-style:solid;--awb-width-large:33.333333333333%;--awb-margin-top-large:0px;--awb-spacing-right-large:5.76%;--awb-margin-bottom-large:20px;--awb-spacing-left-large:5.76%;--awb-width-medium:33.333333333333%;--awb-order-medium:0;--awb-spacing-right-medium:5.76%;--awb-spacing-left-medium:5.76%;--awb-width-small:100%;--awb-order-small:0;--awb-spacing-right-small:1.92%;--awb-spacing-left-small:1.92%;\" data-animationType=\"fadeIn\" data-animationDuration=\"0.5\" data-animationDelay=\"0.4\" data-animationOffset=\"top-into-view\" data-scroll-devices=\"small-visibility,medium-visibility,large-visibility\"><div class=\"fusion-column-wrapper fusion-column-has-shadow fusion-flex-justify-content-flex-start fusion-content-layout-column\"><div class=\"fusion-image-element \" style=\"--awb-caption-title-color:#686868;--awb-caption-overlay-color:rgba(193,197,200,0.35);--awb-caption-title-font-family:&quot;Graphik wide bold&quot;;--awb-caption-title-font-weight:400;--awb-caption-title-font-style:normal;--awb-caption-title-size:30px;--awb-caption-title-transform:var(--h1_typography-text-transform);--awb-caption-title-line-height:var(--h1_typography-line-height);--awb-caption-title-letter-spacing:var(--h1_typography-letter-spacing);\"><span class=\" fusion-imageframe imageframe-none imageframe-3 awb-imageframe-style awb-imageframe-style-schantel\"><img decoding=\"async\" width=\"680\" height=\"525\" alt=\"2012\" title=\"2012\" src=\"https:\/\/www.hdry.com\/wp-content\/uploads\/2025\/07\/2012.jpg\" class=\"img-responsive wp-image-1515\" srcset=\"https:\/\/www.hdry.com\/wp-content\/uploads\/2025\/07\/2012-200x154.jpg 200w, https:\/\/www.hdry.com\/wp-content\/uploads\/2025\/07\/2012-400x309.jpg 400w, https:\/\/www.hdry.com\/wp-content\/uploads\/2025\/07\/2012-600x463.jpg 600w, https:\/\/www.hdry.com\/wp-content\/uploads\/2025\/07\/2012.jpg 680w\" sizes=\"(max-width: 640px) 100vw, 600px\" \/><div class=\"awb-imageframe-caption-container\"><div class=\"awb-imageframe-caption\"><h1 class=\"awb-imageframe-caption-title\">2012<\/h1><\/div><\/div><\/span><\/div><\/div><\/div><div class=\"fusion-layout-column fusion_builder_column fusion-builder-column-5 fusion_builder_column_2_3 2_3 fusion-flex-column fusion-flex-align-self-center\" style=\"--awb-bg-size:cover;--awb-width-large:66.666666666667%;--awb-margin-top-large:0px;--awb-spacing-right-large:2.88%;--awb-margin-bottom-large:20px;--awb-spacing-left-large:2.88%;--awb-width-medium:66.666666666667%;--awb-order-medium:0;--awb-spacing-right-medium:2.88%;--awb-spacing-left-medium:2.88%;--awb-width-small:100%;--awb-order-small:0;--awb-spacing-right-small:1.92%;--awb-spacing-left-small:1.92%;\" data-scroll-devices=\"small-visibility,medium-visibility,large-visibility\"><div class=\"fusion-column-wrapper fusion-column-has-shadow fusion-flex-justify-content-flex-start fusion-content-layout-column\"><div class=\"fusion-text fusion-text-3\" style=\"--awb-font-size:16px;--awb-margin-top:0px;--awb-margin-right:0px;--awb-margin-left:0px;\"><p>Die Erkenntnis, die die technologische Entwicklung von HDry vorantrieb, ist einfach. Seit vielen Jahren und bis heute beinhaltet der Prozess, nach dem die meisten wasserdichten Schuhe konstruiert werden, die Verwendung einer Membran als sockenartiges Innenfutter (der sogenannte \u201eBootie\u201c), das in den Schuh eingesetzt und vom eigentlichen Obermaterial getrennt ist.<\/p>\n<p>Der \u201eBootie\u201c ist aus industrieller Sicht einfach und g\u00fcnstig herzustellen, bietet aber eine schlechte Leistung und hat zahlreiche Nachteile. Das gravierendste Problem ist die Tatsache, dass Wasser (von Regen, Schnee oder feuchter Umgebung) leicht in den Raum zwischen Obermaterial und Membran eindringen und dort stagnieren kann. Dies macht den Schuh schwerer, schr\u00e4nkt die Atmungsaktivit\u00e4t und W\u00e4rmed\u00e4mmung ein und beeintr\u00e4chtigt den Komfort.<\/p>\n<\/div><\/div><\/div><\/div><\/div><div class=\"fusion-fullwidth fullwidth-box fusion-builder-row-4 fusion-flex-container has-pattern-background has-mask-background nonhundred-percent-fullwidth non-hundred-percent-height-scrolling\" style=\"--awb-border-radius-top-left:0px;--awb-border-radius-top-right:0px;--awb-border-radius-bottom-right:0px;--awb-border-radius-bottom-left:0px;--awb-padding-top:50px;--awb-padding-right:50px;--awb-padding-bottom:30px;--awb-padding-left:50px;--awb-background-color:var(--awb-color2);--awb-flex-wrap:wrap;\" ><div class=\"fusion-builder-row fusion-row fusion-flex-align-items-flex-start fusion-flex-content-wrap\" style=\"max-width:1872px;margin-left: calc(-4% \/ 2 );margin-right: calc(-4% \/ 2 );\"><div class=\"fusion-layout-column fusion_builder_column fusion-builder-column-6 fusion_builder_column_1_3 1_3 fusion-flex-column fusion-animated\" style=\"--awb-bg-color:var(--awb-color2);--awb-bg-color-hover:var(--awb-color2);--awb-bg-size:cover;--awb-border-color:var(--awb-color4);--awb-border-top:0px;--awb-border-right:0px;--awb-border-bottom:0px;--awb-border-left:0px;--awb-border-style:solid;--awb-width-large:33.333333333333%;--awb-margin-top-large:0px;--awb-spacing-right-large:5.76%;--awb-margin-bottom-large:20px;--awb-spacing-left-large:5.76%;--awb-width-medium:33.333333333333%;--awb-order-medium:0;--awb-spacing-right-medium:5.76%;--awb-spacing-left-medium:5.76%;--awb-width-small:100%;--awb-order-small:0;--awb-spacing-right-small:1.92%;--awb-spacing-left-small:1.92%;\" data-animationType=\"fadeIn\" data-animationDuration=\"0.5\" data-animationDelay=\"0.4\" data-animationOffset=\"top-into-view\" data-scroll-devices=\"small-visibility,medium-visibility,large-visibility\"><div class=\"fusion-column-wrapper fusion-column-has-shadow fusion-flex-justify-content-flex-start fusion-content-layout-column\"><div class=\"fusion-image-element \" style=\"--awb-caption-title-color:#ffffff;--awb-caption-overlay-color:rgba(193,197,200,0.35);--awb-caption-title-font-family:&quot;Graphik wide bold&quot;;--awb-caption-title-font-weight:400;--awb-caption-title-font-style:normal;--awb-caption-title-size:30px;--awb-caption-title-transform:var(--h1_typography-text-transform);--awb-caption-title-line-height:var(--h1_typography-line-height);--awb-caption-title-letter-spacing:var(--h1_typography-letter-spacing);\"><span class=\" fusion-imageframe imageframe-none imageframe-4 awb-imageframe-style awb-imageframe-style-schantel\"><img decoding=\"async\" width=\"680\" height=\"525\" alt=\"2020\" title=\"2020\" src=\"https:\/\/www.hdry.com\/wp-content\/uploads\/2025\/07\/2020.jpg\" class=\"img-responsive wp-image-1516\" srcset=\"https:\/\/www.hdry.com\/wp-content\/uploads\/2025\/07\/2020-200x154.jpg 200w, https:\/\/www.hdry.com\/wp-content\/uploads\/2025\/07\/2020-400x309.jpg 400w, https:\/\/www.hdry.com\/wp-content\/uploads\/2025\/07\/2020-600x463.jpg 600w, https:\/\/www.hdry.com\/wp-content\/uploads\/2025\/07\/2020.jpg 680w\" sizes=\"(max-width: 640px) 100vw, 600px\" \/><div class=\"awb-imageframe-caption-container\"><div class=\"awb-imageframe-caption\"><h1 class=\"awb-imageframe-caption-title\">2020<\/h1><\/div><\/div><\/span><\/div><\/div><\/div><div class=\"fusion-layout-column fusion_builder_column fusion-builder-column-7 fusion_builder_column_2_3 2_3 fusion-flex-column fusion-flex-align-self-center\" style=\"--awb-bg-size:cover;--awb-width-large:66.666666666667%;--awb-margin-top-large:0px;--awb-spacing-right-large:2.88%;--awb-margin-bottom-large:20px;--awb-spacing-left-large:2.88%;--awb-width-medium:66.666666666667%;--awb-order-medium:0;--awb-spacing-right-medium:2.88%;--awb-spacing-left-medium:2.88%;--awb-width-small:100%;--awb-order-small:0;--awb-spacing-right-small:1.92%;--awb-spacing-left-small:1.92%;\" data-scroll-devices=\"small-visibility,medium-visibility,large-visibility\"><div class=\"fusion-column-wrapper fusion-column-has-shadow fusion-flex-justify-content-flex-start fusion-content-layout-column\"><div class=\"fusion-text fusion-text-4\" style=\"--awb-font-size:16px;--awb-margin-top:0px;--awb-margin-right:0px;--awb-margin-left:0px;\"><p>Eine L\u00f6sung f\u00fcr diese Probleme zu finden, inspirierte die Entwicklung der HDry-Technologie. Mit der HDry-Technologie wird die Membran direkt auf die Innenfl\u00e4che des Obermaterials laminiert, das bereits gen\u00e4ht und komplett mit Haken und \u00d6sen versehen ist, in einer echten 3D-Konformation.<\/p>\n<p>Mittels einer patentierten Laminiermaschine, die aus der Luft- und Raumfahrtindustrie stammt, wird die wasserdichte Membran fest mit dem Innenmaterial des Obermaterials verbunden, wodurch in einem einzigen Schritt die Materialien, die N\u00e4hte und alle anderen potenziellen Eintrittspunkte versiegelt werden. Dies stellt sicher, dass Wasser nicht in den Raum zwischen Obermaterial und Membran eindringen kann und dass der Schuh bei allen Wetterbedingungen stets leicht und trocken bleibt.<\/p>\n<p>Es ist wichtig zu beachten, dass die technologische Innovation nicht in der Membran liegt, sondern in der Art und Weise, wie der Schuh konstruiert wird, insbesondere im Prozess der Laminierung der Membran auf das Obermaterial.<br \/>\nDie Membran kann daher je nach Verwendungszweck ausgew\u00e4hlt werden, wobei Kriterien wie Leistung, Effizienz und vor allem Nachhaltigkeit zugrunde gelegt werden.<\/p>\n<\/div><\/div><\/div><\/div><\/div><\/p>\n","protected":false},"excerpt":{"rendered":"","protected":false},"author":1,"featured_media":0,"parent":0,"menu_order":0,"comment_status":"closed","ping_status":"closed","template":"100-width.php","meta":{"footnotes":""},"class_list":["post-1508","page","type-page","status-publish","hentry"],"_links":{"self":[{"href":"https:\/\/www.hdry.com\/de\/wp-json\/wp\/v2\/pages\/1508","targetHints":{"allow":["GET"]}}],"collection":[{"href":"https:\/\/www.hdry.com\/de\/wp-json\/wp\/v2\/pages"}],"about":[{"href":"https:\/\/www.hdry.com\/de\/wp-json\/wp\/v2\/types\/page"}],"author":[{"embeddable":true,"href":"https:\/\/www.hdry.com\/de\/wp-json\/wp\/v2\/users\/1"}],"replies":[{"embeddable":true,"href":"https:\/\/www.hdry.com\/de\/wp-json\/wp\/v2\/comments?post=1508"}],"version-history":[{"count":0,"href":"https:\/\/www.hdry.com\/de\/wp-json\/wp\/v2\/pages\/1508\/revisions"}],"wp:attachment":[{"href":"https:\/\/www.hdry.com\/de\/wp-json\/wp\/v2\/media?parent=1508"}],"curies":[{"name":"wp","href":"https:\/\/api.w.org\/{rel}","templated":true}]}}