{"id":1990,"date":"2025-09-06T08:27:00","date_gmt":"2025-09-06T08:27:00","guid":{"rendered":"https:\/\/www.hdry.com\/qualitaet-und-pruefung\/"},"modified":"2025-12-04T13:45:38","modified_gmt":"2025-12-04T13:45:38","slug":"qualitaet-und-pruefung","status":"publish","type":"page","link":"https:\/\/www.hdry.com\/de\/qualitaet-und-pruefung\/","title":{"rendered":"QUALIT\u00c4T UND PR\u00dcFUNG"},"content":{"rendered":"<p><div class=\"fusion-fullwidth fullwidth-box fusion-builder-row-1 fusion-flex-container has-pattern-background has-mask-background nonhundred-percent-fullwidth non-hundred-percent-height-scrolling\" style=\"--awb-border-radius-top-left:0px;--awb-border-radius-top-right:0px;--awb-border-radius-bottom-right:0px;--awb-border-radius-bottom-left:0px;--awb-margin-top:45px;--awb-flex-wrap:wrap;\" ><div class=\"fusion-builder-row fusion-row fusion-flex-align-items-flex-start fusion-flex-content-wrap\" style=\"max-width:1872px;margin-left: calc(-4% \/ 2 );margin-right: calc(-4% \/ 2 );\"><div class=\"fusion-layout-column fusion_builder_column fusion-builder-column-0 fusion_builder_column_1_1 1_1 fusion-flex-column\" style=\"--awb-bg-size:cover;--awb-width-large:100%;--awb-margin-top-large:0px;--awb-spacing-right-large:1.92%;--awb-margin-bottom-large:20px;--awb-spacing-left-large:1.92%;--awb-width-medium:100%;--awb-order-medium:0;--awb-spacing-right-medium:1.92%;--awb-spacing-left-medium:1.92%;--awb-width-small:100%;--awb-order-small:0;--awb-spacing-right-small:1.92%;--awb-spacing-left-small:1.92%;\" data-scroll-devices=\"small-visibility,medium-visibility,large-visibility\"><div class=\"fusion-column-wrapper fusion-column-has-shadow fusion-flex-justify-content-flex-start fusion-content-layout-column\"><div class=\"fusion-title title fusion-title-1 fusion-sep-none fusion-title-text fusion-title-size-one\" style=\"--awb-margin-top-small:10px;--awb-margin-right-small:0px;--awb-margin-bottom-small:10px;--awb-margin-left-small:0px;--awb-font-size:28px;\"><h1 class=\"fusion-title-heading title-heading-left fusion-responsive-typography-calculated\" style=\"font-family:&quot;Graphik wide regular&quot;;font-style:normal;font-weight:400;margin:0;text-transform:uppercase;font-size:1em;--fontSize:28;line-height:var(--awb-typography1-line-height);\"><h1 style=\"text-align: center;\">DIE MATERIALIEN UND PROZESSE DER HDRY-TECHNOLOGIE SIND AUF H\u00d6CHSTE LEISTUNG AUSGELEGT, VOLLST\u00c4NDIG AUF HALTBARKEIT UNTER EXTREMEN BEDINGUNGEN GETESTET UND ERHALTEN IHRE EIGENSCHAFTEN F\u00dcR DIE GESAMTE LEBENSDAUER DES PRODUKTS.<\/h1><\/h1><\/div><div class=\"fusion-text fusion-text-1\" style=\"--awb-margin-top:10px;\"><p>Schuhe, Handschuhe und Rucks\u00e4cke mit HDry werden vollst\u00e4ndig auf Haltbarkeit unter extremen Bedingungen getestet, um sicherzustellen, dass sie ihre Eigenschaften beibehalten. Wir arbeiten kontinuierlich mit Ger\u00e4teherstellern zusammen, um den Produktionsprozess zu verfeinern und zu verbessern und um sicherzustellen, dass Wasserdichtigkeit, Atmungsaktivit\u00e4t und Komfort alle HDry-Standardanforderungen erf\u00fcllen:<\/p>\n<\/div><\/div><\/div><\/div><\/div><div class=\"fusion-fullwidth fullwidth-box fusion-builder-row-2 fusion-flex-container has-pattern-background has-mask-background nonhundred-percent-fullwidth non-hundred-percent-height-scrolling\" style=\"--awb-border-radius-top-left:0px;--awb-border-radius-top-right:0px;--awb-border-radius-bottom-right:0px;--awb-border-radius-bottom-left:0px;--awb-padding-right:40px;--awb-padding-left:40px;--awb-margin-top:0px;--awb-flex-wrap:wrap;\" ><div class=\"fusion-builder-row fusion-row fusion-flex-align-items-flex-start fusion-flex-content-wrap\" style=\"max-width:1872px;margin-left: calc(-4% \/ 2 );margin-right: calc(-4% \/ 2 );\"><div class=\"fusion-layout-column fusion_builder_column fusion-builder-column-1 fusion_builder_column_1_1 1_1 fusion-flex-column\" style=\"--awb-bg-size:cover;--awb-width-large:100%;--awb-margin-top-large:0px;--awb-spacing-right-large:1.92%;--awb-margin-bottom-large:20px;--awb-spacing-left-large:1.92%;--awb-width-medium:100%;--awb-order-medium:0;--awb-spacing-right-medium:1.92%;--awb-spacing-left-medium:1.92%;--awb-width-small:100%;--awb-order-small:0;--awb-spacing-right-small:1.92%;--awb-spacing-left-small:1.92%;\" data-scroll-devices=\"small-visibility,medium-visibility,large-visibility\"><div class=\"fusion-column-wrapper fusion-column-has-shadow fusion-flex-justify-content-flex-start fusion-content-layout-column\"><div class=\"fusion-title title fusion-title-2 fusion-sep-none fusion-title-text fusion-title-size-one\" style=\"--awb-margin-top-small:10px;--awb-margin-right-small:0px;--awb-margin-bottom-small:10px;--awb-margin-left-small:0px;--awb-font-size:28px;\"><h1 class=\"fusion-title-heading title-heading-left fusion-responsive-typography-calculated\" style=\"font-family:&quot;Graphik wide regular&quot;;font-style:normal;font-weight:400;margin:0;text-transform:uppercase;font-size:1em;--fontSize:28;line-height:var(--awb-typography1-line-height);\"><h1 style=\"text-align: center;\">WIE WIR TESTEN<\/h1><\/h1><\/div><\/div><\/div><\/div><\/div><div class=\"fusion-fullwidth fullwidth-box fusion-builder-row-3 fusion-flex-container has-pattern-background has-mask-background hundred-percent-fullwidth non-hundred-percent-height-scrolling\" style=\"--awb-border-radius-top-left:0px;--awb-border-radius-top-right:0px;--awb-border-radius-bottom-right:0px;--awb-border-radius-bottom-left:0px;--awb-padding-top:0px;--awb-padding-right:0px;--awb-padding-bottom:0px;--awb-padding-left:0px;--awb-margin-top:15px;--awb-margin-bottom:0px;--awb-flex-wrap:wrap;\" ><div class=\"fusion-builder-row fusion-row fusion-flex-align-items-flex-start fusion-flex-content-wrap\" style=\"width:calc( 100% + 0px ) !important;max-width:calc( 100% + 0px ) !important;margin-left: calc(-0px \/ 2 );margin-right: calc(-0px \/ 2 );\"><div class=\"fusion-layout-column fusion_builder_column fusion-builder-column-2 fusion_builder_column_1_2 1_2 fusion-flex-column\" style=\"--awb-bg-size:cover;--awb-width-large:50%;--awb-margin-top-large:0px;--awb-spacing-right-large:0px;--awb-margin-bottom-large:20px;--awb-spacing-left-large:0px;--awb-width-medium:50%;--awb-order-medium:0;--awb-spacing-right-medium:0px;--awb-spacing-left-medium:0px;--awb-width-small:100%;--awb-order-small:0;--awb-spacing-right-small:0px;--awb-spacing-left-small:0px;\"><div class=\"fusion-column-wrapper fusion-column-has-shadow fusion-flex-justify-content-flex-start fusion-content-layout-column\"><div class=\"fusion-video fusion-selfhosted-video\" style=\"max-width:100%;\"><div class=\"video-wrapper\"><video playsinline=\"true\" width=\"100%\" style=\"object-fit: cover;\" autoplay=\"true\" muted=\"true\" loop=\"true\" preload=\"auto\"><source src=\"https:\/\/www.hdry.com\/wp-content\/uploads\/2025\/09\/QUALITY-1-square.mp4\" type=\"video\/mp4\">Sorry, your browser doesn&#039;t support embedded videos.<\/video><\/div><\/div><div class=\"fusion-separator fusion-no-medium-visibility fusion-no-large-visibility fusion-full-width-sep\" style=\"align-self: center;margin-left: auto;margin-right: auto;margin-top:30px;width:100%;\"><\/div><div class=\"fusion-title title fusion-title-3 fusion-sep-none fusion-title-text fusion-title-size-two\" style=\"--awb-text-color:var(--awb-color8);--awb-margin-top:40px;--awb-margin-right:40px;--awb-margin-bottom:0px;--awb-margin-left:40px;--awb-margin-top-small:10px;--awb-margin-right-small:0px;--awb-margin-bottom-small:10px;--awb-margin-left-small:0px;--awb-font-size:20px;\"><h2 class=\"fusion-title-heading title-heading-left fusion-responsive-typography-calculated\" style=\"font-family:&quot;Graphik wide medium&quot;;font-style:normal;font-weight:400;margin:0;text-transform:uppercase;font-size:1em;--fontSize:20;--minFontSize:20;line-height:var(--awb-typography1-line-height);\"><p style=\"text-align: center;\">DER BIEGETEST<\/p><\/h2><\/div><div class=\"fusion-text fusion-text-2 fusion-text-no-margin\" style=\"--awb-margin-top:25px;--awb-margin-right:35px;--awb-margin-bottom:20px;--awb-margin-left:35px;\"><p>Die Stiefel werden in ein Wasserbad gestellt und nach der SATRA-Methode TM77 Hunderttausende Male gebogen, um das Gehen oder Laufen unter extremen Wetterbedingungen zu simulieren. Wenn das Design oder die Materialien nicht dem strengen HDry-Standard entsprechen, warnen die Sensoren der Testmaschine vor Feuchtigkeit im Schuh. Dar\u00fcber hinaus erfordert der HDry-Qualit\u00e4tsstandard nach dem Test eine Gewichtszunahme des Schuhs von weniger als 10 % (durch absorbiertes\/eingedrungenes Wasser) (gem\u00e4\u00df den ISO EN 20344-Testmethoden).<\/p>\n<\/div><\/div><\/div><div class=\"fusion-layout-column fusion_builder_column fusion-builder-column-3 fusion_builder_column_1_2 1_2 fusion-flex-column\" style=\"--awb-bg-size:cover;--awb-width-large:50%;--awb-margin-top-large:0px;--awb-spacing-right-large:0px;--awb-margin-bottom-large:20px;--awb-spacing-left-large:0px;--awb-width-medium:50%;--awb-order-medium:0;--awb-spacing-right-medium:0px;--awb-spacing-left-medium:0px;--awb-width-small:100%;--awb-order-small:0;--awb-spacing-right-small:0px;--awb-spacing-left-small:0px;\"><div class=\"fusion-column-wrapper fusion-column-has-shadow fusion-flex-justify-content-flex-start fusion-content-layout-column\"><div class=\"fusion-video fusion-selfhosted-video\" style=\"max-width:100%;\"><div class=\"video-wrapper\"><video playsinline=\"true\" width=\"100%\" style=\"object-fit: cover;\" autoplay=\"true\" muted=\"true\" loop=\"true\" preload=\"auto\"><source src=\"https:\/\/www.hdry.com\/wp-content\/uploads\/2025\/09\/QUALITY-2-square.mp4\" type=\"video\/mp4\">Sorry, your browser doesn&#039;t support embedded videos.<\/video><\/div><\/div><div class=\"fusion-separator fusion-no-medium-visibility fusion-no-large-visibility fusion-full-width-sep\" style=\"align-self: center;margin-left: auto;margin-right: auto;margin-top:30px;width:100%;\"><\/div><div class=\"fusion-title title fusion-title-4 fusion-sep-none fusion-title-text fusion-title-size-two\" style=\"--awb-text-color:var(--awb-color8);--awb-margin-top:40px;--awb-margin-right:40px;--awb-margin-bottom:0px;--awb-margin-left:40px;--awb-margin-top-small:10px;--awb-margin-right-small:0px;--awb-margin-bottom-small:10px;--awb-margin-left-small:0px;--awb-font-size:20px;\"><h2 class=\"fusion-title-heading title-heading-left fusion-responsive-typography-calculated\" style=\"font-family:&quot;Graphik wide medium&quot;;font-style:normal;font-weight:400;margin:0;text-transform:uppercase;font-size:1em;--fontSize:20;--minFontSize:20;line-height:var(--awb-typography1-line-height);\"><p style=\"text-align: center;\">DER ZENTRIFUGALTEST<\/p><\/h2><\/div><div class=\"fusion-text fusion-text-3 fusion-text-no-margin\" style=\"--awb-margin-top:25px;--awb-margin-right:35px;--awb-margin-bottom:20px;--awb-margin-left:35px;\"><p>Dieser Test, der gem\u00e4\u00df der SATRA-Methode TM444 durchgef\u00fchrt wird, basiert auf einem Zentrifugenprinzip. Eine Schuhprobe wird sicher in einen Beh\u00e4lter gegeben, der dann bis zu einer bestimmten H\u00f6he mit Wasser gef\u00fcllt wird. Der Beh\u00e4lter wird an einer vertikalen Welle innerhalb der Zentrifuge befestigt und schnell (250 U\/min) gedreht, so dass das Wasser im Tank einen Druck auf die Au\u00dfenseite des Schuhs aus\u00fcbt. Der Schuh wird nach seiner Zeit in der Zentrifuge auf Wasserdurchl\u00e4ssigkeit untersucht. Die HDry-Anforderungen erlauben keine Wasserlecks und setzen auch in diesem Fall eine sehr niedrige Grenze f\u00fcr die Gewichtszunahme durch Wasseraufnahme.<\/p>\n<\/div><\/div><\/div><\/div><\/div><div class=\"fusion-fullwidth fullwidth-box fusion-builder-row-4 fusion-flex-container has-pattern-background has-mask-background hundred-percent-fullwidth non-hundred-percent-height-scrolling\" style=\"--awb-border-radius-top-left:0px;--awb-border-radius-top-right:0px;--awb-border-radius-bottom-right:0px;--awb-border-radius-bottom-left:0px;--awb-padding-top:0px;--awb-padding-right:0px;--awb-padding-bottom:0px;--awb-padding-left:0px;--awb-margin-top:15px;--awb-margin-bottom:0px;--awb-flex-wrap:wrap;\" ><div class=\"fusion-builder-row fusion-row fusion-flex-align-items-flex-start fusion-flex-content-wrap\" style=\"width:calc( 100% + 0px ) !important;max-width:calc( 100% + 0px ) !important;margin-left: calc(-0px \/ 2 );margin-right: calc(-0px \/ 2 );\"><div class=\"fusion-layout-column fusion_builder_column fusion-builder-column-4 fusion_builder_column_1_2 1_2 fusion-flex-column\" style=\"--awb-bg-size:cover;--awb-width-large:50%;--awb-margin-top-large:0px;--awb-spacing-right-large:0px;--awb-margin-bottom-large:20px;--awb-spacing-left-large:0px;--awb-width-medium:50%;--awb-order-medium:0;--awb-spacing-right-medium:0px;--awb-spacing-left-medium:0px;--awb-width-small:100%;--awb-order-small:0;--awb-spacing-right-small:0px;--awb-spacing-left-small:0px;\"><div class=\"fusion-column-wrapper fusion-column-has-shadow fusion-flex-justify-content-flex-start fusion-content-layout-column\"><div class=\"fusion-video fusion-selfhosted-video\" style=\"max-width:100%;\"><div class=\"video-wrapper\"><video playsinline=\"true\" width=\"100%\" style=\"object-fit: cover;\" autoplay=\"true\" muted=\"true\" loop=\"true\" preload=\"auto\"><source src=\"https:\/\/www.hdry.com\/wp-content\/uploads\/2025\/09\/quality3-square.mp4\" type=\"video\/mp4\">Sorry, your browser doesn&#039;t support embedded videos.<\/video><\/div><\/div><div class=\"fusion-separator fusion-no-medium-visibility fusion-no-large-visibility fusion-full-width-sep\" style=\"align-self: center;margin-left: auto;margin-right: auto;margin-top:30px;width:100%;\"><\/div><div class=\"fusion-title title fusion-title-5 fusion-sep-none fusion-title-text fusion-title-size-two\" style=\"--awb-text-color:var(--awb-color8);--awb-margin-top:40px;--awb-margin-right:40px;--awb-margin-bottom:0px;--awb-margin-left:40px;--awb-margin-top-small:10px;--awb-margin-right-small:0px;--awb-margin-bottom-small:10px;--awb-margin-left-small:0px;--awb-font-size:20px;\"><h2 class=\"fusion-title-heading title-heading-left fusion-responsive-typography-calculated\" style=\"font-family:&quot;Graphik wide medium&quot;;font-style:normal;font-weight:400;margin:0;text-transform:uppercase;font-size:1em;--fontSize:20;--minFontSize:20;line-height:var(--awb-typography1-line-height);\"><p style=\"text-align: center;\">DER WICKING-TEST<\/p><\/h2><\/div><div class=\"fusion-text fusion-text-4 fusion-text-no-margin\" style=\"--awb-margin-top:25px;--awb-margin-right:35px;--awb-margin-bottom:20px;--awb-margin-left:35px;\"><p>Um die Wasserdichtheitsstandards zu erf\u00fcllen, d\u00fcrfen die Materialien im Obermaterial nicht feuchtigkeitsableitend sein. Alle kritischen Komponenten werden getestet, um sicherzustellen, dass kein Risiko besteht, dass Wasser in den Schuh gelangt und \u00fcber die HDry-Membran gelangt.<\/p>\n<\/div><\/div><\/div><div class=\"fusion-layout-column fusion_builder_column fusion-builder-column-5 fusion_builder_column_1_2 1_2 fusion-flex-column\" style=\"--awb-bg-size:cover;--awb-width-large:50%;--awb-margin-top-large:0px;--awb-spacing-right-large:0px;--awb-margin-bottom-large:20px;--awb-spacing-left-large:0px;--awb-width-medium:50%;--awb-order-medium:0;--awb-spacing-right-medium:0px;--awb-spacing-left-medium:0px;--awb-width-small:100%;--awb-order-small:0;--awb-spacing-right-small:0px;--awb-spacing-left-small:0px;\"><div class=\"fusion-column-wrapper fusion-column-has-shadow fusion-flex-justify-content-flex-start fusion-content-layout-column\"><div class=\"fusion-image-element \" style=\"--awb-caption-title-font-family:var(--h2_typography-font-family);--awb-caption-title-font-weight:var(--h2_typography-font-weight);--awb-caption-title-font-style:var(--h2_typography-font-style);--awb-caption-title-size:var(--h2_typography-font-size);--awb-caption-title-transform:var(--h2_typography-text-transform);--awb-caption-title-line-height:var(--h2_typography-line-height);--awb-caption-title-letter-spacing:var(--h2_typography-letter-spacing);\"><span class=\" fusion-imageframe imageframe-none imageframe-1 hover-type-none\"><img decoding=\"async\" width=\"1500\" height=\"1500\" alt=\"Passform\" title=\"quality4\" src=\"https:\/\/www.hdry.com\/wp-content\/uploads\/2025\/09\/quality4.jpg\" class=\"img-responsive wp-image-1994\" srcset=\"https:\/\/www.hdry.com\/wp-content\/uploads\/2025\/09\/quality4-200x200.jpg 200w, https:\/\/www.hdry.com\/wp-content\/uploads\/2025\/09\/quality4-400x400.jpg 400w, https:\/\/www.hdry.com\/wp-content\/uploads\/2025\/09\/quality4-600x600.jpg 600w, https:\/\/www.hdry.com\/wp-content\/uploads\/2025\/09\/quality4-800x800.jpg 800w, https:\/\/www.hdry.com\/wp-content\/uploads\/2025\/09\/quality4-1200x1200.jpg 1200w, https:\/\/www.hdry.com\/wp-content\/uploads\/2025\/09\/quality4.jpg 1500w\" sizes=\"(max-width: 640px) 100vw, 1200px\" \/><\/span><\/div><div class=\"fusion-separator fusion-no-medium-visibility fusion-no-large-visibility fusion-full-width-sep\" style=\"align-self: center;margin-left: auto;margin-right: auto;margin-top:30px;width:100%;\"><\/div><div class=\"fusion-title title fusion-title-6 fusion-sep-none fusion-title-text fusion-title-size-two\" style=\"--awb-text-color:var(--awb-color8);--awb-margin-top:40px;--awb-margin-right:40px;--awb-margin-bottom:0px;--awb-margin-left:40px;--awb-margin-top-small:10px;--awb-margin-right-small:0px;--awb-margin-bottom-small:10px;--awb-margin-left-small:0px;--awb-font-size:20px;\"><h2 class=\"fusion-title-heading title-heading-left fusion-responsive-typography-calculated\" style=\"font-family:&quot;Graphik wide medium&quot;;font-style:normal;font-weight:400;margin:0;text-transform:uppercase;font-size:1em;--fontSize:20;--minFontSize:20;line-height:var(--awb-typography1-line-height);\"><p style=\"text-align: center;\">ATMUNGSAKTIVIT\u00c4TS- UND KOMFORTTEST<\/p><\/h2><\/div><div class=\"fusion-text fusion-text-5 fusion-text-no-margin\" style=\"--awb-margin-top:25px;--awb-margin-right:35px;--awb-margin-bottom:20px;--awb-margin-left:35px;\"><p>Die Schuhmaterialien m\u00fcssen die h\u00f6chsten Qualit\u00e4tsstandards der Wasserdampfdurchl\u00e4ssigkeit erf\u00fcllen, die durch die SATRA TM47-Testmethode festgelegt wurden. Dieser Test simuliert besser als jeder andere die tats\u00e4chlichen Bedingungen der Fu\u00dfatmungsaktivit\u00e4t w\u00e4hrend einer sportlichen Aktivit\u00e4t. Der atmungsaktive SATRA-Fu\u00df (STM567) wird dann verwendet, um die Gesamteffizienz des Schuhs bei der Aufrechterhaltung seiner thermischen Leistung unter trockenen und nassen Bedingungen zu bestimmen.<\/p>\n<\/div><\/div><\/div><\/div><\/div><div class=\"fusion-fullwidth fullwidth-box fusion-builder-row-5 fusion-flex-container has-pattern-background has-mask-background nonhundred-percent-fullwidth non-hundred-percent-height-scrolling\" style=\"--awb-border-radius-top-left:0px;--awb-border-radius-top-right:0px;--awb-border-radius-bottom-right:0px;--awb-border-radius-bottom-left:0px;--awb-padding-right:40px;--awb-padding-left:40px;--awb-margin-top:40px;--awb-flex-wrap:wrap;\" ><div class=\"fusion-builder-row fusion-row fusion-flex-align-items-center fusion-flex-content-wrap\" style=\"max-width:1872px;margin-left: calc(-4% \/ 2 );margin-right: calc(-4% \/ 2 );\"><div class=\"fusion-layout-column fusion_builder_column fusion-builder-column-6 fusion_builder_column_4_5 4_5 fusion-flex-column\" style=\"--awb-bg-size:cover;--awb-width-large:80%;--awb-margin-top-large:0px;--awb-spacing-right-large:2.4%;--awb-margin-bottom-large:20px;--awb-spacing-left-large:2.4%;--awb-width-medium:80%;--awb-order-medium:0;--awb-spacing-right-medium:2.4%;--awb-spacing-left-medium:2.4%;--awb-width-small:100%;--awb-order-small:0;--awb-spacing-right-small:1.92%;--awb-spacing-left-small:1.92%;\" data-scroll-devices=\"small-visibility,medium-visibility,large-visibility\"><div class=\"fusion-column-wrapper fusion-column-has-shadow fusion-flex-justify-content-flex-start fusion-content-layout-column\"><div class=\"fusion-title title fusion-title-7 fusion-sep-none fusion-title-text fusion-title-size-one\" style=\"--awb-margin-top-small:10px;--awb-margin-right-small:0px;--awb-margin-bottom-small:10px;--awb-margin-left-small:0px;--awb-font-size:28px;\"><h1 class=\"fusion-title-heading title-heading-left fusion-responsive-typography-calculated\" style=\"font-family:&quot;Graphik wide regular&quot;;font-style:normal;font-weight:400;margin:0;text-transform:uppercase;font-size:1em;--fontSize:28;line-height:var(--awb-typography1-line-height);\"><h1 style=\"text-align: left;\">HDRY IST MITGLIED VON SATRA, DEM WELTWEIT F\u00dcHRENDEN ANBIETER VON ZUVERL\u00c4SSIGEN METHODEN UND DIENSTLEISTUNGEN F\u00dcR DIE SCHUHINDUSTRIE<\/h1><\/h1><\/div><\/div><\/div><div class=\"fusion-layout-column fusion_builder_column fusion-builder-column-7 fusion_builder_column_1_5 1_5 fusion-flex-column\" style=\"--awb-bg-size:cover;--awb-width-large:20%;--awb-margin-top-large:0px;--awb-spacing-right-large:9.6%;--awb-margin-bottom-large:20px;--awb-spacing-left-large:9.6%;--awb-width-medium:20%;--awb-order-medium:0;--awb-spacing-right-medium:9.6%;--awb-spacing-left-medium:9.6%;--awb-width-small:100%;--awb-order-small:0;--awb-spacing-right-small:1.92%;--awb-spacing-left-small:1.92%;\" data-scroll-devices=\"small-visibility,medium-visibility,large-visibility\"><div class=\"fusion-column-wrapper fusion-column-has-shadow fusion-flex-justify-content-flex-start fusion-content-layout-column\"><div class=\"fusion-image-element \" style=\"--awb-caption-title-font-family:var(--h2_typography-font-family);--awb-caption-title-font-weight:var(--h2_typography-font-weight);--awb-caption-title-font-style:var(--h2_typography-font-style);--awb-caption-title-size:var(--h2_typography-font-size);--awb-caption-title-transform:var(--h2_typography-text-transform);--awb-caption-title-line-height:var(--h2_typography-line-height);--awb-caption-title-letter-spacing:var(--h2_typography-letter-spacing);\"><span class=\" fusion-imageframe imageframe-none imageframe-2 hover-type-none\"><img decoding=\"async\" width=\"211\" height=\"211\" alt=\"logo-satra\" title=\"logo-satra\" src=\"https:\/\/www.hdry.com\/wp-content\/uploads\/2025\/09\/logo-satra.png\" class=\"img-responsive wp-image-1995\" srcset=\"https:\/\/www.hdry.com\/wp-content\/uploads\/2025\/09\/logo-satra-200x200.png 200w, https:\/\/www.hdry.com\/wp-content\/uploads\/2025\/09\/logo-satra.png 211w\" sizes=\"(max-width: 640px) 100vw, 211px\" \/><\/span><\/div><\/div><\/div><\/div><\/div><\/p>\n","protected":false},"excerpt":{"rendered":"","protected":false},"author":1,"featured_media":0,"parent":0,"menu_order":0,"comment_status":"closed","ping_status":"closed","template":"100-width.php","meta":{"footnotes":""},"class_list":["post-1990","page","type-page","status-publish","hentry"],"_links":{"self":[{"href":"https:\/\/www.hdry.com\/de\/wp-json\/wp\/v2\/pages\/1990","targetHints":{"allow":["GET"]}}],"collection":[{"href":"https:\/\/www.hdry.com\/de\/wp-json\/wp\/v2\/pages"}],"about":[{"href":"https:\/\/www.hdry.com\/de\/wp-json\/wp\/v2\/types\/page"}],"author":[{"embeddable":true,"href":"https:\/\/www.hdry.com\/de\/wp-json\/wp\/v2\/users\/1"}],"replies":[{"embeddable":true,"href":"https:\/\/www.hdry.com\/de\/wp-json\/wp\/v2\/comments?post=1990"}],"version-history":[{"count":0,"href":"https:\/\/www.hdry.com\/de\/wp-json\/wp\/v2\/pages\/1990\/revisions"}],"wp:attachment":[{"href":"https:\/\/www.hdry.com\/de\/wp-json\/wp\/v2\/media?parent=1990"}],"curies":[{"name":"wp","href":"https:\/\/api.w.org\/{rel}","templated":true}]}}