{"id":4835,"date":"2025-09-06T08:27:00","date_gmt":"2025-09-06T08:27:00","guid":{"rendered":"https:\/\/www.hdry.com\/calidad-y-pruebas\/"},"modified":"2025-12-05T16:23:39","modified_gmt":"2025-12-05T16:23:39","slug":"calidad-y-pruebas","status":"publish","type":"page","link":"https:\/\/www.hdry.com\/es\/calidad-y-pruebas\/","title":{"rendered":"CALIDAD Y PRUEBAS"},"content":{"rendered":"<p><div class=\"fusion-fullwidth fullwidth-box fusion-builder-row-1 fusion-flex-container has-pattern-background has-mask-background nonhundred-percent-fullwidth non-hundred-percent-height-scrolling\" style=\"--awb-border-radius-top-left:0px;--awb-border-radius-top-right:0px;--awb-border-radius-bottom-right:0px;--awb-border-radius-bottom-left:0px;--awb-margin-top:45px;--awb-flex-wrap:wrap;\" ><div class=\"fusion-builder-row fusion-row fusion-flex-align-items-flex-start fusion-flex-content-wrap\" style=\"max-width:1872px;margin-left: calc(-4% \/ 2 );margin-right: calc(-4% \/ 2 );\"><div class=\"fusion-layout-column fusion_builder_column fusion-builder-column-0 fusion_builder_column_1_1 1_1 fusion-flex-column\" style=\"--awb-bg-size:cover;--awb-width-large:100%;--awb-margin-top-large:0px;--awb-spacing-right-large:1.92%;--awb-margin-bottom-large:20px;--awb-spacing-left-large:1.92%;--awb-width-medium:100%;--awb-order-medium:0;--awb-spacing-right-medium:1.92%;--awb-spacing-left-medium:1.92%;--awb-width-small:100%;--awb-order-small:0;--awb-spacing-right-small:1.92%;--awb-spacing-left-small:1.92%;\" data-scroll-devices=\"small-visibility,medium-visibility,large-visibility\"><div class=\"fusion-column-wrapper fusion-column-has-shadow fusion-flex-justify-content-flex-start fusion-content-layout-column\"><div class=\"fusion-title title fusion-title-1 fusion-sep-none fusion-title-text fusion-title-size-one\" style=\"--awb-margin-top-small:10px;--awb-margin-right-small:0px;--awb-margin-bottom-small:10px;--awb-margin-left-small:0px;--awb-font-size:28px;\"><h1 class=\"fusion-title-heading title-heading-left fusion-responsive-typography-calculated\" style=\"font-family:&quot;Graphik wide regular&quot;;font-style:normal;font-weight:400;margin:0;text-transform:uppercase;font-size:1em;--fontSize:28;line-height:var(--awb-typography1-line-height);\"><h1 style=\"text-align: center;\">LOS MATERIALES Y PROCESOS DE LA TECNOLOG\u00cdA HDRY EST\u00c1N DISE\u00d1ADOS PARA PROPORCIONAR EL M\u00c1XIMO NIVEL DE RENDIMIENTO, TOTALMENTE PROBADOS PARA LA DURABILIDAD EN CONDICIONES EXTREMAS, Y PARA MANTENER SUS CARACTER\u00cdSTICAS DURANTE TODA LA VIDA \u00daTIL DEL PRODUCTO.<\/h1><\/h1><\/div><div class=\"fusion-text fusion-text-1\" style=\"--awb-margin-top:10px;\"><p>El calzado, los guantes y las mochilas con HDry se prueban exhaustivamente para garantizar su durabilidad en condiciones extremas y confirmar que mantendr\u00e1n sus caracter\u00edsticas. Cooperamos continuamente con los fabricantes de equipos para ajustar y mejorar el proceso de producci\u00f3n y para verificar que la impermeabilidad, la transpirabilidad y la comodidad cumplen con todos los requisitos est\u00e1ndar de HDry:<\/p>\n<\/div><\/div><\/div><\/div><\/div><div class=\"fusion-fullwidth fullwidth-box fusion-builder-row-2 fusion-flex-container has-pattern-background has-mask-background nonhundred-percent-fullwidth non-hundred-percent-height-scrolling\" style=\"--awb-border-radius-top-left:0px;--awb-border-radius-top-right:0px;--awb-border-radius-bottom-right:0px;--awb-border-radius-bottom-left:0px;--awb-padding-right:40px;--awb-padding-left:40px;--awb-margin-top:0px;--awb-flex-wrap:wrap;\" ><div class=\"fusion-builder-row fusion-row fusion-flex-align-items-flex-start fusion-flex-content-wrap\" style=\"max-width:1872px;margin-left: calc(-4% \/ 2 );margin-right: calc(-4% \/ 2 );\"><div class=\"fusion-layout-column fusion_builder_column fusion-builder-column-1 fusion_builder_column_1_1 1_1 fusion-flex-column\" style=\"--awb-bg-size:cover;--awb-width-large:100%;--awb-margin-top-large:0px;--awb-spacing-right-large:1.92%;--awb-margin-bottom-large:20px;--awb-spacing-left-large:1.92%;--awb-width-medium:100%;--awb-order-medium:0;--awb-spacing-right-medium:1.92%;--awb-spacing-left-medium:1.92%;--awb-width-small:100%;--awb-order-small:0;--awb-spacing-right-small:1.92%;--awb-spacing-left-small:1.92%;\" data-scroll-devices=\"small-visibility,medium-visibility,large-visibility\"><div class=\"fusion-column-wrapper fusion-column-has-shadow fusion-flex-justify-content-flex-start fusion-content-layout-column\"><div class=\"fusion-title title fusion-title-2 fusion-sep-none fusion-title-text fusion-title-size-one\" style=\"--awb-margin-top-small:10px;--awb-margin-right-small:0px;--awb-margin-bottom-small:10px;--awb-margin-left-small:0px;--awb-font-size:28px;\"><h1 class=\"fusion-title-heading title-heading-left fusion-responsive-typography-calculated\" style=\"font-family:&quot;Graphik wide regular&quot;;font-style:normal;font-weight:400;margin:0;text-transform:uppercase;font-size:1em;--fontSize:28;line-height:var(--awb-typography1-line-height);\"><h1 style=\"text-align: center;\">C\u00d3MO PROBAMOS<\/h1><\/h1><\/div><\/div><\/div><\/div><\/div><div class=\"fusion-fullwidth fullwidth-box fusion-builder-row-3 fusion-flex-container has-pattern-background has-mask-background hundred-percent-fullwidth non-hundred-percent-height-scrolling\" style=\"--awb-border-radius-top-left:0px;--awb-border-radius-top-right:0px;--awb-border-radius-bottom-right:0px;--awb-border-radius-bottom-left:0px;--awb-padding-top:0px;--awb-padding-right:0px;--awb-padding-bottom:0px;--awb-padding-left:0px;--awb-margin-top:15px;--awb-margin-bottom:0px;--awb-flex-wrap:wrap;\" ><div class=\"fusion-builder-row fusion-row fusion-flex-align-items-flex-start fusion-flex-content-wrap\" style=\"width:calc( 100% + 0px ) !important;max-width:calc( 100% + 0px ) !important;margin-left: calc(-0px \/ 2 );margin-right: calc(-0px \/ 2 );\"><div class=\"fusion-layout-column fusion_builder_column fusion-builder-column-2 fusion_builder_column_1_2 1_2 fusion-flex-column\" style=\"--awb-bg-size:cover;--awb-width-large:50%;--awb-margin-top-large:0px;--awb-spacing-right-large:0px;--awb-margin-bottom-large:20px;--awb-spacing-left-large:0px;--awb-width-medium:50%;--awb-order-medium:0;--awb-spacing-right-medium:0px;--awb-spacing-left-medium:0px;--awb-width-small:100%;--awb-order-small:0;--awb-spacing-right-small:0px;--awb-spacing-left-small:0px;\"><div class=\"fusion-column-wrapper fusion-column-has-shadow fusion-flex-justify-content-flex-start fusion-content-layout-column\"><div class=\"fusion-video fusion-selfhosted-video\" style=\"max-width:100%;\"><div class=\"video-wrapper\"><video playsinline=\"true\" width=\"100%\" style=\"object-fit: cover;\" autoplay=\"true\" muted=\"true\" loop=\"true\" preload=\"auto\"><source src=\"https:\/\/www.hdry.com\/wp-content\/uploads\/2025\/09\/QUALITY-1-square.mp4\" type=\"video\/mp4\">Lo sentimos, su navegador no es compatible con los v\u00eddeos incrustados.<\/video><\/div><\/div><div class=\"fusion-separator fusion-no-medium-visibility fusion-no-large-visibility fusion-full-width-sep\" style=\"align-self: center;margin-left: auto;margin-right: auto;margin-top:30px;width:100%;\"><\/div><div class=\"fusion-title title fusion-title-3 fusion-sep-none fusion-title-text fusion-title-size-two\" style=\"--awb-text-color:var(--awb-color8);--awb-margin-top:40px;--awb-margin-right:40px;--awb-margin-bottom:0px;--awb-margin-left:40px;--awb-margin-top-small:10px;--awb-margin-right-small:0px;--awb-margin-bottom-small:10px;--awb-margin-left-small:0px;--awb-font-size:20px;\"><h2 class=\"fusion-title-heading title-heading-left fusion-responsive-typography-calculated\" style=\"font-family:&quot;Graphik wide medium&quot;;font-style:normal;font-weight:400;margin:0;text-transform:uppercase;font-size:1em;--fontSize:20;--minFontSize:20;line-height:var(--awb-typography1-line-height);\"><p style=\"text-align: center;\">LA PRUEBA DE FLEXI\u00d3N<\/p><\/h2><\/div><div class=\"fusion-text fusion-text-2 fusion-text-no-margin\" style=\"--awb-margin-top:25px;--awb-margin-right:35px;--awb-margin-bottom:20px;--awb-margin-left:35px;\"><p>Las botas se colocan en un ba\u00f1o de agua y se flexionan hasta cientos de miles de ciclos seg\u00fan el m\u00e9todo TM77 de SATRA, simulando caminar o correr en condiciones clim\u00e1ticas extremas. Si el dise\u00f1o o los materiales no cumplen con el estricto est\u00e1ndar de HDry, los sensores de la m\u00e1quina de prueba advertir\u00e1n de la presencia de humedad en el zapato. Adem\u00e1s, el est\u00e1ndar de calidad de HDry requiere menos del 10% de aumento de peso del zapato (por agua absorbida\/penetrada) despu\u00e9s de la prueba (seg\u00fan los m\u00e9todos de prueba ISO EN 20344)<\/p>\n<\/div><\/div><\/div><div class=\"fusion-layout-column fusion_builder_column fusion-builder-column-3 fusion_builder_column_1_2 1_2 fusion-flex-column\" style=\"--awb-bg-size:cover;--awb-width-large:50%;--awb-margin-top-large:0px;--awb-spacing-right-large:0px;--awb-margin-bottom-large:20px;--awb-spacing-left-large:0px;--awb-width-medium:50%;--awb-order-medium:0;--awb-spacing-right-medium:0px;--awb-spacing-left-medium:0px;--awb-width-small:100%;--awb-order-small:0;--awb-spacing-right-small:0px;--awb-spacing-left-small:0px;\"><div class=\"fusion-column-wrapper fusion-column-has-shadow fusion-flex-justify-content-flex-start fusion-content-layout-column\"><div class=\"fusion-video fusion-selfhosted-video\" style=\"max-width:100%;\"><div class=\"video-wrapper\"><video playsinline=\"true\" width=\"100%\" style=\"object-fit: cover;\" autoplay=\"true\" muted=\"true\" loop=\"true\" preload=\"auto\"><source src=\"https:\/\/www.hdry.com\/wp-content\/uploads\/2025\/09\/QUALITY-2-square.mp4\" type=\"video\/mp4\">Lo sentimos, su navegador no es compatible con los v\u00eddeos incrustados.<\/video><\/div><\/div><div class=\"fusion-separator fusion-no-medium-visibility fusion-no-large-visibility fusion-full-width-sep\" style=\"align-self: center;margin-left: auto;margin-right: auto;margin-top:30px;width:100%;\"><\/div><div class=\"fusion-title title fusion-title-4 fusion-sep-none fusion-title-text fusion-title-size-two\" style=\"--awb-text-color:var(--awb-color8);--awb-margin-top:40px;--awb-margin-right:40px;--awb-margin-bottom:0px;--awb-margin-left:40px;--awb-margin-top-small:10px;--awb-margin-right-small:0px;--awb-margin-bottom-small:10px;--awb-margin-left-small:0px;--awb-font-size:20px;\"><h2 class=\"fusion-title-heading title-heading-left fusion-responsive-typography-calculated\" style=\"font-family:&quot;Graphik wide medium&quot;;font-style:normal;font-weight:400;margin:0;text-transform:uppercase;font-size:1em;--fontSize:20;--minFontSize:20;line-height:var(--awb-typography1-line-height);\"><p style=\"text-align: center;\">LA PRUEBA CENTR\u00cdFUGA<\/p><\/h2><\/div><div class=\"fusion-text fusion-text-3 fusion-text-no-margin\" style=\"--awb-margin-top:25px;--awb-margin-right:35px;--awb-margin-bottom:20px;--awb-margin-left:35px;\"><p>Esta prueba, realizada seg\u00fan el m\u00e9todo TM444 de SATRA, se basa en un principio de centrifugado. Una muestra de calzado se coloca de forma segura en un recipiente, que luego se llena con agua hasta una profundidad conocida. El recipiente se une a un eje vertical dentro de la centr\u00edfuga y se hace girar r\u00e1pidamente (250 rpm) para que el agua del tanque ejerza presi\u00f3n sobre el exterior del calzado. Se inspecciona el calzado para detectar la penetraci\u00f3n de agua despu\u00e9s de su per\u00edodo en la centr\u00edfuga. Los requisitos de HDry no permiten ninguna fuga de agua y, tambi\u00e9n en este caso, establecen un l\u00edmite muy bajo de aumento de peso debido a la absorci\u00f3n de agua.<\/p>\n<\/div><\/div><\/div><\/div><\/div><div class=\"fusion-fullwidth fullwidth-box fusion-builder-row-4 fusion-flex-container has-pattern-background has-mask-background hundred-percent-fullwidth non-hundred-percent-height-scrolling\" style=\"--awb-border-radius-top-left:0px;--awb-border-radius-top-right:0px;--awb-border-radius-bottom-right:0px;--awb-border-radius-bottom-left:0px;--awb-padding-top:0px;--awb-padding-right:0px;--awb-padding-bottom:0px;--awb-padding-left:0px;--awb-margin-top:15px;--awb-margin-bottom:0px;--awb-flex-wrap:wrap;\" ><div class=\"fusion-builder-row fusion-row fusion-flex-align-items-flex-start fusion-flex-content-wrap\" style=\"width:calc( 100% + 0px ) !important;max-width:calc( 100% + 0px ) !important;margin-left: calc(-0px \/ 2 );margin-right: calc(-0px \/ 2 );\"><div class=\"fusion-layout-column fusion_builder_column fusion-builder-column-4 fusion_builder_column_1_2 1_2 fusion-flex-column\" style=\"--awb-bg-size:cover;--awb-width-large:50%;--awb-margin-top-large:0px;--awb-spacing-right-large:0px;--awb-margin-bottom-large:20px;--awb-spacing-left-large:0px;--awb-width-medium:50%;--awb-order-medium:0;--awb-spacing-right-medium:0px;--awb-spacing-left-medium:0px;--awb-width-small:100%;--awb-order-small:0;--awb-spacing-right-small:0px;--awb-spacing-left-small:0px;\"><div class=\"fusion-column-wrapper fusion-column-has-shadow fusion-flex-justify-content-flex-start fusion-content-layout-column\"><div class=\"fusion-video fusion-selfhosted-video\" style=\"max-width:100%;\"><div class=\"video-wrapper\"><video playsinline=\"true\" width=\"100%\" style=\"object-fit: cover;\" autoplay=\"true\" muted=\"true\" loop=\"true\" preload=\"auto\"><source src=\"https:\/\/www.hdry.com\/wp-content\/uploads\/2025\/09\/quality3-square.mp4\" type=\"video\/mp4\">Lo sentimos, su navegador no es compatible con los v\u00eddeos incrustados.<\/video><\/div><\/div><div class=\"fusion-separator fusion-no-medium-visibility fusion-no-large-visibility fusion-full-width-sep\" style=\"align-self: center;margin-left: auto;margin-right: auto;margin-top:30px;width:100%;\"><\/div><div class=\"fusion-title title fusion-title-5 fusion-sep-none fusion-title-text fusion-title-size-two\" style=\"--awb-text-color:var(--awb-color8);--awb-margin-top:40px;--awb-margin-right:40px;--awb-margin-bottom:0px;--awb-margin-left:40px;--awb-margin-top-small:10px;--awb-margin-right-small:0px;--awb-margin-bottom-small:10px;--awb-margin-left-small:0px;--awb-font-size:20px;\"><h2 class=\"fusion-title-heading title-heading-left fusion-responsive-typography-calculated\" style=\"font-family:&quot;Graphik wide medium&quot;;font-style:normal;font-weight:400;margin:0;text-transform:uppercase;font-size:1em;--fontSize:20;--minFontSize:20;line-height:var(--awb-typography1-line-height);\"><p style=\"text-align: center;\">LA PRUEBA DE ABSORCI\u00d3N<\/p><\/h2><\/div><div class=\"fusion-text fusion-text-4 fusion-text-no-margin\" style=\"--awb-margin-top:25px;--awb-margin-right:35px;--awb-margin-bottom:20px;--awb-margin-left:35px;\"><p>Para cumplir con los est\u00e1ndares de rendimiento de impermeabilidad, los materiales de la parte superior deben ser no absorbentes. Todos los componentes cr\u00edticos se prueban para garantizar que no haya riesgo de que el agua se transporte al zapato pasando por encima de la membrana HDry.<\/p>\n<\/div><\/div><\/div><div class=\"fusion-layout-column fusion_builder_column fusion-builder-column-5 fusion_builder_column_1_2 1_2 fusion-flex-column\" style=\"--awb-bg-size:cover;--awb-width-large:50%;--awb-margin-top-large:0px;--awb-spacing-right-large:0px;--awb-margin-bottom-large:20px;--awb-spacing-left-large:0px;--awb-width-medium:50%;--awb-order-medium:0;--awb-spacing-right-medium:0px;--awb-spacing-left-medium:0px;--awb-width-small:100%;--awb-order-small:0;--awb-spacing-right-small:0px;--awb-spacing-left-small:0px;\"><div class=\"fusion-column-wrapper fusion-column-has-shadow fusion-flex-justify-content-flex-start fusion-content-layout-column\"><div class=\"fusion-image-element \" style=\"--awb-caption-title-font-family:var(--h2_typography-font-family);--awb-caption-title-font-weight:var(--h2_typography-font-weight);--awb-caption-title-font-style:var(--h2_typography-font-style);--awb-caption-title-size:var(--h2_typography-font-size);--awb-caption-title-transform:var(--h2_typography-text-transform);--awb-caption-title-line-height:var(--h2_typography-line-height);--awb-caption-title-letter-spacing:var(--h2_typography-letter-spacing);\"><span class=\" fusion-imageframe imageframe-none imageframe-1 hover-type-none\"><img decoding=\"async\" width=\"1500\" height=\"1500\" alt=\"ajuste\" title=\"calidad4\" src=\"https:\/\/www.hdry.com\/wp-content\/uploads\/2025\/09\/quality4.jpg\" class=\"img-responsive wp-image-4839\" srcset=\"https:\/\/www.hdry.com\/wp-content\/uploads\/2025\/09\/quality4-200x200.jpg 200w, https:\/\/www.hdry.com\/wp-content\/uploads\/2025\/09\/quality4-400x400.jpg 400w, https:\/\/www.hdry.com\/wp-content\/uploads\/2025\/09\/quality4-600x600.jpg 600w, https:\/\/www.hdry.com\/wp-content\/uploads\/2025\/09\/quality4-800x800.jpg 800w, https:\/\/www.hdry.com\/wp-content\/uploads\/2025\/09\/quality4-1200x1200.jpg 1200w, https:\/\/www.hdry.com\/wp-content\/uploads\/2025\/09\/quality4.jpg 1500w\" sizes=\"(max-width: 640px) 100vw, 1200px\" \/><\/span><\/div><div class=\"fusion-separator fusion-no-medium-visibility fusion-no-large-visibility fusion-full-width-sep\" style=\"align-self: center;margin-left: auto;margin-right: auto;margin-top:30px;width:100%;\"><\/div><div class=\"fusion-title title fusion-title-6 fusion-sep-none fusion-title-text fusion-title-size-two\" style=\"--awb-text-color:var(--awb-color8);--awb-margin-top:40px;--awb-margin-right:40px;--awb-margin-bottom:0px;--awb-margin-left:40px;--awb-margin-top-small:10px;--awb-margin-right-small:0px;--awb-margin-bottom-small:10px;--awb-margin-left-small:0px;--awb-font-size:20px;\"><h2 class=\"fusion-title-heading title-heading-left fusion-responsive-typography-calculated\" style=\"font-family:&quot;Graphik wide medium&quot;;font-style:normal;font-weight:400;margin:0;text-transform:uppercase;font-size:1em;--fontSize:20;--minFontSize:20;line-height:var(--awb-typography1-line-height);\"><p style=\"text-align: center;\">PRUEBA DE TRANSPIRABILIDAD Y COMODIDAD<\/p><\/h2><\/div><div class=\"fusion-text fusion-text-5 fusion-text-no-margin\" style=\"--awb-margin-top:25px;--awb-margin-right:35px;--awb-margin-bottom:20px;--awb-margin-left:35px;\"><p>Los materiales del calzado deben cumplir con los m\u00e1s altos est\u00e1ndares de calidad de permeabilidad al vapor de agua, seg\u00fan lo establecido por el m\u00e9todo de prueba SATRA TM47. Esta prueba simula mejor que cualquier otra las condiciones reales de transpirabilidad del pie durante una actividad deportiva. El pie transpirable SATRA (STM567) se utiliza entonces para determinar la eficiencia de todo el zapato en el mantenimiento de su rendimiento t\u00e9rmico en condiciones secas y h\u00famedas.<\/p>\n<\/div><\/div><\/div><\/div><\/div><div class=\"fusion-fullwidth fullwidth-box fusion-builder-row-5 fusion-flex-container has-pattern-background has-mask-background nonhundred-percent-fullwidth non-hundred-percent-height-scrolling\" style=\"--awb-border-radius-top-left:0px;--awb-border-radius-top-right:0px;--awb-border-radius-bottom-right:0px;--awb-border-radius-bottom-left:0px;--awb-padding-right:40px;--awb-padding-left:40px;--awb-margin-top:40px;--awb-flex-wrap:wrap;\" ><div class=\"fusion-builder-row fusion-row fusion-flex-align-items-center fusion-flex-content-wrap\" style=\"max-width:1872px;margin-left: calc(-4% \/ 2 );margin-right: calc(-4% \/ 2 );\"><div class=\"fusion-layout-column fusion_builder_column fusion-builder-column-6 fusion_builder_column_4_5 4_5 fusion-flex-column\" style=\"--awb-bg-size:cover;--awb-width-large:80%;--awb-margin-top-large:0px;--awb-spacing-right-large:2.4%;--awb-margin-bottom-large:20px;--awb-spacing-left-large:2.4%;--awb-width-medium:80%;--awb-order-medium:0;--awb-spacing-right-medium:2.4%;--awb-spacing-left-medium:2.4%;--awb-width-small:100%;--awb-order-small:0;--awb-spacing-right-small:1.92%;--awb-spacing-left-small:1.92%;\" data-scroll-devices=\"small-visibility,medium-visibility,large-visibility\"><div class=\"fusion-column-wrapper fusion-column-has-shadow fusion-flex-justify-content-flex-start fusion-content-layout-column\"><div class=\"fusion-title title fusion-title-7 fusion-sep-none fusion-title-text fusion-title-size-one\" style=\"--awb-margin-top-small:10px;--awb-margin-right-small:0px;--awb-margin-bottom-small:10px;--awb-margin-left-small:0px;--awb-font-size:28px;\"><h1 class=\"fusion-title-heading title-heading-left fusion-responsive-typography-calculated\" style=\"font-family:&quot;Graphik wide regular&quot;;font-style:normal;font-weight:400;margin:0;text-transform:uppercase;font-size:1em;--fontSize:28;line-height:var(--awb-typography1-line-height);\"><h1 style=\"text-align: left;\">HDRY ES MIEMBRO DE SATRA, EL L\u00cdDER MUNDIAL EN M\u00c9TODOS Y SERVICIOS DE CONFIANZA PARA LA INDUSTRIA DEL CALZADO<\/h1><\/h1><\/div><\/div><\/div><div class=\"fusion-layout-column fusion_builder_column fusion-builder-column-7 fusion_builder_column_1_5 1_5 fusion-flex-column\" style=\"--awb-bg-size:cover;--awb-width-large:20%;--awb-margin-top-large:0px;--awb-spacing-right-large:9.6%;--awb-margin-bottom-large:20px;--awb-spacing-left-large:9.6%;--awb-width-medium:20%;--awb-order-medium:0;--awb-spacing-right-medium:9.6%;--awb-spacing-left-medium:9.6%;--awb-width-small:100%;--awb-order-small:0;--awb-spacing-right-small:1.92%;--awb-spacing-left-small:1.92%;\" data-scroll-devices=\"small-visibility,medium-visibility,large-visibility\"><div class=\"fusion-column-wrapper fusion-column-has-shadow fusion-flex-justify-content-flex-start fusion-content-layout-column\"><div class=\"fusion-image-element \" style=\"--awb-caption-title-font-family:var(--h2_typography-font-family);--awb-caption-title-font-weight:var(--h2_typography-font-weight);--awb-caption-title-font-style:var(--h2_typography-font-style);--awb-caption-title-size:var(--h2_typography-font-size);--awb-caption-title-transform:var(--h2_typography-text-transform);--awb-caption-title-line-height:var(--h2_typography-line-height);--awb-caption-title-letter-spacing:var(--h2_typography-letter-spacing);\"><span class=\" fusion-imageframe imageframe-none imageframe-2 hover-type-none\"><img decoding=\"async\" width=\"211\" height=\"211\" alt=\"logo-satra\" title=\"logo-satra\" src=\"https:\/\/www.hdry.com\/wp-content\/uploads\/2025\/09\/logo-satra.png\" class=\"img-responsive wp-image-4840\" srcset=\"https:\/\/www.hdry.com\/wp-content\/uploads\/2025\/09\/logo-satra-200x200.png 200w, https:\/\/www.hdry.com\/wp-content\/uploads\/2025\/09\/logo-satra.png 211w\" sizes=\"(max-width: 640px) 100vw, 211px\" \/><\/span><\/div><\/div><\/div><\/div><\/div><\/p>\n","protected":false},"excerpt":{"rendered":"","protected":false},"author":1,"featured_media":0,"parent":0,"menu_order":0,"comment_status":"closed","ping_status":"closed","template":"100-width.php","meta":{"footnotes":""},"class_list":["post-4835","page","type-page","status-publish","hentry"],"_links":{"self":[{"href":"https:\/\/www.hdry.com\/es\/wp-json\/wp\/v2\/pages\/4835","targetHints":{"allow":["GET"]}}],"collection":[{"href":"https:\/\/www.hdry.com\/es\/wp-json\/wp\/v2\/pages"}],"about":[{"href":"https:\/\/www.hdry.com\/es\/wp-json\/wp\/v2\/types\/page"}],"author":[{"embeddable":true,"href":"https:\/\/www.hdry.com\/es\/wp-json\/wp\/v2\/users\/1"}],"replies":[{"embeddable":true,"href":"https:\/\/www.hdry.com\/es\/wp-json\/wp\/v2\/comments?post=4835"}],"version-history":[{"count":0,"href":"https:\/\/www.hdry.com\/es\/wp-json\/wp\/v2\/pages\/4835\/revisions"}],"wp:attachment":[{"href":"https:\/\/www.hdry.com\/es\/wp-json\/wp\/v2\/media?parent=4835"}],"curies":[{"name":"wp","href":"https:\/\/api.w.org\/{rel}","templated":true}]}}