{"id":4951,"date":"2025-07-30T13:53:41","date_gmt":"2025-07-30T13:53:41","guid":{"rendered":"https:\/\/www.hdry.com\/sostenibilidad\/"},"modified":"2025-12-05T16:23:48","modified_gmt":"2025-12-05T16:23:48","slug":"sostenibilidad","status":"publish","type":"page","link":"https:\/\/www.hdry.com\/es\/sostenibilidad\/","title":{"rendered":"Sostenibilidad"},"content":{"rendered":"<p><div class=\"fusion-fullwidth fullwidth-box fusion-builder-row-1 fusion-flex-container has-pattern-background has-mask-background nonhundred-percent-fullwidth non-hundred-percent-height-scrolling\" style=\"--awb-border-radius-top-left:0px;--awb-border-radius-top-right:0px;--awb-border-radius-bottom-right:0px;--awb-border-radius-bottom-left:0px;--awb-margin-top:35px;--awb-flex-wrap:wrap;\" ><div class=\"fusion-builder-row fusion-row fusion-flex-align-items-flex-start fusion-flex-content-wrap\" style=\"max-width:1872px;margin-left: calc(-4% \/ 2 );margin-right: calc(-4% \/ 2 );\"><div class=\"fusion-layout-column fusion_builder_column fusion-builder-column-0 fusion_builder_column_1_1 1_1 fusion-flex-column\" style=\"--awb-bg-size:cover;--awb-width-large:100%;--awb-margin-top-large:0px;--awb-spacing-right-large:1.92%;--awb-margin-bottom-large:20px;--awb-spacing-left-large:1.92%;--awb-width-medium:100%;--awb-order-medium:0;--awb-spacing-right-medium:1.92%;--awb-spacing-left-medium:1.92%;--awb-width-small:100%;--awb-order-small:0;--awb-spacing-right-small:1.92%;--awb-spacing-left-small:1.92%;\" data-scroll-devices=\"small-visibility,medium-visibility,large-visibility\"><div class=\"fusion-column-wrapper fusion-column-has-shadow fusion-flex-justify-content-flex-start fusion-content-layout-column\"><div class=\"fusion-title title fusion-title-1 fusion-sep-none fusion-title-text fusion-title-size-one\" style=\"--awb-margin-top-small:10px;--awb-margin-right-small:0px;--awb-margin-bottom-small:10px;--awb-margin-left-small:0px;--awb-font-size:28px;\"><h1 class=\"fusion-title-heading title-heading-left fusion-responsive-typography-calculated\" style=\"font-family:&quot;Graphik wide regular&quot;;font-style:normal;font-weight:400;margin:0;text-transform:uppercase;font-size:1em;--fontSize:28;line-height:var(--awb-typography1-line-height);\"><h1 style=\"text-align: center;\">MENOS NECESIDAD DE TRATAMIENTOS DWR \/ PFC<\/h1><\/h1><\/div><div class=\"fusion-text fusion-text-1\" style=\"--awb-margin-top:10px;\"><p>El proceso de construcci\u00f3n patentado de HDry ayuda a disminuir el uso de tratamientos duraderos repelentes al agua (DWR), basados principalmente en PFC. En el calzado impermeable fabricado con el sistema est\u00e1ndar de &#8216;bot\u00edn&#8217;, los materiales superiores del calzado a menudo est\u00e1n fuertemente impregnados con compuestos qu\u00edmicos perfluorados (PFC) para limitar la cantidad de agua que penetra y se estanca en el espacio entre la parte superior del zapato y la membrana.<\/p>\n<p>El proceso de laminaci\u00f3n 3D de HDry presenta un uso mucho m\u00e1s eficaz de la membrana impermeable. De hecho, la membrana se adhiere directamente al material superior del zapato, bloqueando el agua en la capa m\u00e1s externa antes de que pueda penetrar en el zapato. Como elimina la posibilidad de acumulaci\u00f3n de humedad entre la capa exterior y la membrana, no hay (o hay mucha menos) necesidad de tratar el material superior con PFC.<\/p>\n<p>Muchos PFC, incluido el \u00e1cido perfluorooctano sulf\u00f3nico (PFOS) y el \u00e1cido perfluorooctanoico (PFOA), han sido motivo de preocupaci\u00f3n porque no se descomponen en el medio ambiente, pueden moverse a trav\u00e9s de los suelos y contaminar las fuentes de agua potable, y se acumulan (bioacumulan) en peces y vida silvestre. Se han encontrado PFC en r\u00edos y lagos y en muchos tipos de animales en tierra y en el agua.<\/p>\n<\/div><\/div><\/div><\/div><\/div><div class=\"fusion-fullwidth fullwidth-box fusion-builder-row-2 fusion-flex-container has-pattern-background has-mask-background hundred-percent-fullwidth non-hundred-percent-height-scrolling\" style=\"--awb-border-radius-top-left:0px;--awb-border-radius-top-right:0px;--awb-border-radius-bottom-right:0px;--awb-border-radius-bottom-left:0px;--awb-padding-top:0px;--awb-padding-right:0px;--awb-padding-bottom:0px;--awb-padding-left:0px;--awb-margin-top:25px;--awb-flex-wrap:wrap;\" ><div class=\"fusion-builder-row fusion-row fusion-flex-align-items-flex-start fusion-flex-content-wrap\" style=\"width:104% !important;max-width:104% !important;margin-left: calc(-4% \/ 2 );margin-right: calc(-4% \/ 2 );\"><div class=\"fusion-layout-column fusion_builder_column fusion-builder-column-1 fusion_builder_column_1_1 1_1 fusion-flex-column\" style=\"--awb-bg-size:cover;--awb-width-large:100%;--awb-margin-top-large:0px;--awb-spacing-right-large:1.92%;--awb-margin-bottom-large:20px;--awb-spacing-left-large:1.92%;--awb-width-medium:100%;--awb-order-medium:0;--awb-spacing-right-medium:1.92%;--awb-spacing-left-medium:1.92%;--awb-width-small:100%;--awb-order-small:0;--awb-spacing-right-small:1.92%;--awb-spacing-left-small:1.92%;\"><div class=\"fusion-column-wrapper fusion-column-has-shadow fusion-flex-justify-content-flex-start fusion-content-layout-column\"><div class=\"fusion-video fusion-selfhosted-video\" style=\"max-width:100%;\"><div class=\"video-wrapper\"><video playsinline=\"true\" width=\"100%\" style=\"object-fit: cover;\" autoplay=\"true\" muted=\"true\" loop=\"true\" preload=\"auto\"><source src=\"https:\/\/www.hdry.com\/wp-content\/uploads\/2025\/07\/play-with-water.mp4\" type=\"video\/mp4\">Lo sentimos, su navegador no es compatible con los v\u00eddeos incrustados.<\/video><\/div><\/div><\/div><\/div><\/div><\/div><div class=\"fusion-fullwidth fullwidth-box fusion-builder-row-3 fusion-flex-container has-pattern-background has-mask-background nonhundred-percent-fullwidth non-hundred-percent-height-scrolling\" style=\"--awb-border-radius-top-left:0px;--awb-border-radius-top-right:0px;--awb-border-radius-bottom-right:0px;--awb-border-radius-bottom-left:0px;--awb-padding-right:40px;--awb-padding-left:40px;--awb-margin-top:15px;--awb-flex-wrap:wrap;\" ><div class=\"fusion-builder-row fusion-row fusion-flex-align-items-flex-start fusion-flex-content-wrap\" style=\"max-width:1872px;margin-left: calc(-4% \/ 2 );margin-right: calc(-4% \/ 2 );\"><div class=\"fusion-layout-column fusion_builder_column fusion-builder-column-2 fusion_builder_column_1_1 1_1 fusion-flex-column\" style=\"--awb-bg-size:cover;--awb-width-large:100%;--awb-margin-top-large:0px;--awb-spacing-right-large:1.92%;--awb-margin-bottom-large:20px;--awb-spacing-left-large:1.92%;--awb-width-medium:100%;--awb-order-medium:0;--awb-spacing-right-medium:1.92%;--awb-spacing-left-medium:1.92%;--awb-width-small:100%;--awb-order-small:0;--awb-spacing-right-small:1.92%;--awb-spacing-left-small:1.92%;\" data-scroll-devices=\"small-visibility,medium-visibility,large-visibility\"><div class=\"fusion-column-wrapper fusion-column-has-shadow fusion-flex-justify-content-flex-start fusion-content-layout-column\"><div class=\"fusion-title title fusion-title-2 fusion-sep-none fusion-title-text fusion-title-size-one\" style=\"--awb-margin-top-small:10px;--awb-margin-right-small:0px;--awb-margin-bottom-small:10px;--awb-margin-left-small:0px;--awb-font-size:28px;\"><h1 class=\"fusion-title-heading title-heading-left fusion-responsive-typography-calculated\" style=\"font-family:&quot;Graphik wide regular&quot;;font-style:normal;font-weight:400;margin:0;text-transform:uppercase;font-size:1em;--fontSize:28;line-height:var(--awb-typography1-line-height);\"><h1 style=\"text-align: center;\">MATERIALES SIN PFC, SIN PTFE Y CERTIFICADOS<\/h1><\/h1><\/div><div class=\"fusion-text fusion-text-2\" style=\"--awb-margin-top:10px;\"><p>El compuesto HDry est\u00e1 hecho de una membrana impermeable\/transpirable a base de \u00e9ster de poliuretano combinada con un fino tejido de poli\u00e9ster. El ahorro de material y la ligereza son algunos de los mayores beneficios. HDry no contiene PTFE y no se utilizan compuestos perfluorados (PFC, PFOS, PFOA, etc.) durante su producci\u00f3n.<\/p>\n<p>HDry no contiene ninguna sustancia de la lista REACH \u2013ECHA. Todas las membranas HDry se prueban para detectar sustancias nocivas y est\u00e1n certificadas por OEKO-TEX STANDARD 100.<img decoding=\"async\" class=\"lazyloaded aligncenter\" src=\"https:\/\/www.hdry.com\/assets\/extensions\/hdry\/images\/sustainability\/logo-1.jpg\" alt=\"HDry | Sostenibilidad\" width=\"341\" height=\"127\" data-src=\"https:\/\/www.hdry.com\/assets\/extensions\/hdry\/images\/sustainability\/logo-1.jpg\"><\/p>\n<\/div><\/div><\/div><\/div><\/div><div class=\"fusion-fullwidth fullwidth-box fusion-builder-row-4 fusion-flex-container has-pattern-background has-mask-background nonhundred-percent-fullwidth non-hundred-percent-height-scrolling\" style=\"--awb-border-radius-top-left:0px;--awb-border-radius-top-right:0px;--awb-border-radius-bottom-right:0px;--awb-border-radius-bottom-left:0px;--awb-padding-top:40px;--awb-padding-right:40px;--awb-padding-bottom:30px;--awb-padding-left:40px;--awb-margin-top:10px;--awb-background-color:var(--awb-color2);--awb-flex-wrap:wrap;\" ><div class=\"fusion-builder-row fusion-row fusion-flex-align-items-flex-start fusion-flex-content-wrap\" style=\"max-width:1872px;margin-left: calc(-4% \/ 2 );margin-right: calc(-4% \/ 2 );\"><div class=\"fusion-layout-column fusion_builder_column fusion-builder-column-3 fusion_builder_column_2_5 2_5 fusion-flex-column fusion-animated\" style=\"--awb-bg-color:var(--awb-color2);--awb-bg-color-hover:var(--awb-color2);--awb-bg-size:cover;--awb-border-color:var(--awb-color5);--awb-border-top:0px;--awb-border-right:0px;--awb-border-bottom:0px;--awb-border-left:0px;--awb-border-style:solid;--awb-width-large:40%;--awb-margin-top-large:0px;--awb-spacing-right-large:4.8%;--awb-margin-bottom-large:20px;--awb-spacing-left-large:4.8%;--awb-width-medium:40%;--awb-order-medium:0;--awb-spacing-right-medium:4.8%;--awb-spacing-left-medium:4.8%;--awb-width-small:100%;--awb-order-small:0;--awb-spacing-right-small:1.92%;--awb-spacing-left-small:1.92%;\" data-animationType=\"fadeIn\" data-animationDuration=\"0.5\" data-animationDelay=\"0.4\" data-animationOffset=\"top-into-view\" data-scroll-devices=\"small-visibility,medium-visibility,large-visibility\"><div class=\"fusion-column-wrapper fusion-column-has-shadow fusion-flex-justify-content-flex-start fusion-content-layout-column\"><div class=\"fusion-image-element \" style=\"--awb-caption-title-font-family:var(--h2_typography-font-family);--awb-caption-title-font-weight:var(--h2_typography-font-weight);--awb-caption-title-font-style:var(--h2_typography-font-style);--awb-caption-title-size:var(--h2_typography-font-size);--awb-caption-title-transform:var(--h2_typography-text-transform);--awb-caption-title-line-height:var(--h2_typography-line-height);--awb-caption-title-letter-spacing:var(--h2_typography-letter-spacing);\"><span class=\" fusion-imageframe imageframe-none imageframe-1 hover-type-none\"><img decoding=\"async\" width=\"535\" height=\"510\" alt=\"imagen de sostenibilidad 1\" title=\"imagen de sostenibilidad 1\" src=\"https:\/\/www.hdry.com\/wp-content\/uploads\/2025\/07\/sustainability-image-1.jpg\" class=\"img-responsive wp-image-4953\" srcset=\"https:\/\/www.hdry.com\/wp-content\/uploads\/2025\/07\/sustainability-image-1-200x191.jpg 200w, https:\/\/www.hdry.com\/wp-content\/uploads\/2025\/07\/sustainability-image-1-400x381.jpg 400w, https:\/\/www.hdry.com\/wp-content\/uploads\/2025\/07\/sustainability-image-1.jpg 535w\" sizes=\"(max-width: 640px) 100vw, 535px\" \/><\/span><\/div><\/div><\/div><div class=\"fusion-layout-column fusion_builder_column fusion-builder-column-4 fusion_builder_column_3_5 3_5 fusion-flex-column fusion-flex-align-self-center\" style=\"--awb-bg-size:cover;--awb-width-large:60%;--awb-margin-top-large:0px;--awb-spacing-right-large:3.2%;--awb-margin-bottom-large:20px;--awb-spacing-left-large:3.2%;--awb-width-medium:60%;--awb-order-medium:0;--awb-spacing-right-medium:3.2%;--awb-spacing-left-medium:3.2%;--awb-width-small:100%;--awb-order-small:0;--awb-spacing-right-small:1.92%;--awb-spacing-left-small:1.92%;\" data-scroll-devices=\"small-visibility,medium-visibility,large-visibility\"><div class=\"fusion-column-wrapper fusion-column-has-shadow fusion-flex-justify-content-center fusion-content-layout-column\"><div class=\"fusion-text fusion-text-3\" style=\"--awb-font-size:20px;--awb-text-font-family:&quot;Graphik wide regular&quot;;--awb-text-font-style:normal;--awb-text-font-weight:400;\"><p style=\"text-align: center;\">Gracias a HDry, la funci\u00f3n impermeable se mejora enormemente, mientras que la necesidad de tratamientos qu\u00edmicos nocivos como los PCF se reduce dr\u00e1sticamente. Eso es un hecho.<\/p>\n<\/div><\/div><\/div><\/div><\/div><div class=\"fusion-fullwidth fullwidth-box fusion-builder-row-5 fusion-flex-container has-pattern-background has-mask-background nonhundred-percent-fullwidth non-hundred-percent-height-scrolling\" style=\"--awb-border-radius-top-left:0px;--awb-border-radius-top-right:0px;--awb-border-radius-bottom-right:0px;--awb-border-radius-bottom-left:0px;--awb-padding-right:40px;--awb-padding-left:40px;--awb-margin-top:50px;--awb-margin-bottom:20px;--awb-flex-wrap:wrap;\" ><div class=\"fusion-builder-row fusion-row fusion-flex-align-items-flex-start fusion-flex-content-wrap\" style=\"max-width:1872px;margin-left: calc(-4% \/ 2 );margin-right: calc(-4% \/ 2 );\"><div class=\"fusion-layout-column fusion_builder_column fusion-builder-column-5 fusion_builder_column_1_1 1_1 fusion-flex-column\" style=\"--awb-bg-size:cover;--awb-width-large:100%;--awb-margin-top-large:0px;--awb-spacing-right-large:1.92%;--awb-margin-bottom-large:20px;--awb-spacing-left-large:1.92%;--awb-width-medium:100%;--awb-order-medium:0;--awb-spacing-right-medium:1.92%;--awb-spacing-left-medium:1.92%;--awb-width-small:100%;--awb-order-small:0;--awb-spacing-right-small:1.92%;--awb-spacing-left-small:1.92%;\" data-scroll-devices=\"small-visibility,medium-visibility,large-visibility\"><div class=\"fusion-column-wrapper fusion-column-has-shadow fusion-flex-justify-content-flex-start fusion-content-layout-column\"><div class=\"fusion-title title fusion-title-3 fusion-sep-none fusion-title-text fusion-title-size-one\" style=\"--awb-margin-top-small:10px;--awb-margin-right-small:0px;--awb-margin-bottom-small:10px;--awb-margin-left-small:0px;--awb-font-size:28px;\"><h1 class=\"fusion-title-heading title-heading-left fusion-responsive-typography-calculated\" style=\"font-family:&quot;Graphik wide regular&quot;;font-style:normal;font-weight:400;margin:0;text-transform:uppercase;font-size:1em;--fontSize:28;line-height:var(--awb-typography1-line-height);\"><h1 style=\"text-align: center;\">VIDA \u00daTIL EXTENDIDA DEL PRODUCTO<\/h1><\/h1><\/div><div class=\"fusion-text fusion-text-4\" style=\"--awb-margin-top:10px;\"><p>En los zapatos fabricados con el sistema de &#8216;bot\u00edn&#8217;, la entrada de agua puede provocar la putrefacci\u00f3n de los componentes internos (puntera, refuerzos, plantilla&#8230;) y una reducci\u00f3n en la resistencia del material (por ejemplo, contribuyendo a fallos en la uni\u00f3n de la suela).<\/p>\n<p>Por el contrario, con la tecnolog\u00eda HDry, todos estos componentes permanecen secos: la vida \u00fatil del producto se extiende, lo cual es una de las formas m\u00e1s efectivas de reducir la huella ambiental del calzado.<\/p>\n<\/div><\/div><\/div><\/div><\/div><\/p>\n","protected":false},"excerpt":{"rendered":"","protected":false},"author":1,"featured_media":0,"parent":0,"menu_order":0,"comment_status":"closed","ping_status":"closed","template":"100-width.php","meta":{"footnotes":""},"class_list":["post-4951","page","type-page","status-publish","hentry"],"_links":{"self":[{"href":"https:\/\/www.hdry.com\/es\/wp-json\/wp\/v2\/pages\/4951","targetHints":{"allow":["GET"]}}],"collection":[{"href":"https:\/\/www.hdry.com\/es\/wp-json\/wp\/v2\/pages"}],"about":[{"href":"https:\/\/www.hdry.com\/es\/wp-json\/wp\/v2\/types\/page"}],"author":[{"embeddable":true,"href":"https:\/\/www.hdry.com\/es\/wp-json\/wp\/v2\/users\/1"}],"replies":[{"embeddable":true,"href":"https:\/\/www.hdry.com\/es\/wp-json\/wp\/v2\/comments?post=4951"}],"version-history":[{"count":0,"href":"https:\/\/www.hdry.com\/es\/wp-json\/wp\/v2\/pages\/4951\/revisions"}],"wp:attachment":[{"href":"https:\/\/www.hdry.com\/es\/wp-json\/wp\/v2\/media?parent=4951"}],"curies":[{"name":"wp","href":"https:\/\/api.w.org\/{rel}","templated":true}]}}