{"id":5033,"date":"2025-10-14T16:46:41","date_gmt":"2025-10-14T16:46:41","guid":{"rendered":"https:\/\/www.hdry.com\/wenaas\/"},"modified":"2026-01-30T15:54:40","modified_gmt":"2026-01-30T15:54:40","slug":"wenaas","status":"publish","type":"page","link":"https:\/\/www.hdry.com\/es\/wenaas\/","title":{"rendered":"wenaas"},"content":{"rendered":"<p><div class=\"fusion-fullwidth fullwidth-box fusion-builder-row-1 fusion-flex-container has-pattern-background has-mask-background nonhundred-percent-fullwidth non-hundred-percent-height-scrolling\" style=\"--awb-border-radius-top-left:0px;--awb-border-radius-top-right:0px;--awb-border-radius-bottom-right:0px;--awb-border-radius-bottom-left:0px;--awb-padding-top:0px;--awb-padding-right:0px;--awb-padding-bottom:0px;--awb-padding-left:0px;--awb-margin-top:15px;--awb-margin-bottom:0px;--awb-flex-wrap:wrap;\" ><div class=\"fusion-builder-row fusion-row fusion-flex-align-items-flex-start fusion-flex-content-wrap\" style=\"max-width:1872px;margin-left: calc(-4% \/ 2 );margin-right: calc(-4% \/ 2 );\"><div class=\"fusion-layout-column fusion_builder_column fusion-builder-column-0 fusion_builder_column_1_1 1_1 fusion-flex-column\" style=\"--awb-bg-size:cover;--awb-width-large:100%;--awb-margin-top-large:0px;--awb-spacing-right-large:1.92%;--awb-margin-bottom-large:20px;--awb-spacing-left-large:1.92%;--awb-width-medium:100%;--awb-order-medium:0;--awb-spacing-right-medium:1.92%;--awb-spacing-left-medium:1.92%;--awb-width-small:100%;--awb-order-small:0;--awb-spacing-right-small:1.92%;--awb-spacing-left-small:1.92%;\" data-scroll-devices=\"small-visibility,medium-visibility,large-visibility\"><div class=\"fusion-column-wrapper fusion-column-has-shadow fusion-flex-justify-content-flex-start fusion-content-layout-column\"><div class=\"fusion-separator fusion-no-small-visibility fusion-full-width-sep\" style=\"align-self: center;margin-left: auto;margin-right: auto;margin-top:75px;width:100%;\"><\/div><div class=\"fusion-image-element \" style=\"text-align:center;--awb-max-width:250px;--awb-caption-title-font-family:var(--h2_typography-font-family);--awb-caption-title-font-weight:var(--h2_typography-font-weight);--awb-caption-title-font-style:var(--h2_typography-font-style);--awb-caption-title-size:var(--h2_typography-font-size);--awb-caption-title-transform:var(--h2_typography-text-transform);--awb-caption-title-line-height:var(--h2_typography-line-height);--awb-caption-title-letter-spacing:var(--h2_typography-letter-spacing);\"><span class=\" fusion-imageframe imageframe-none imageframe-1 hover-type-none\"><a class=\"fusion-no-lightbox\" href=\"https:\/\/www.wenaas.com\/en\/\" target=\"_blank\" aria-label=\"Logotipo de Wenaas ID\" rel=\"noopener noreferrer\"><img decoding=\"async\" width=\"600\" height=\"266\" alt=\"Scarpa\" src=\"https:\/\/www.hdry.com\/wp-content\/uploads\/2025\/10\/Wenaas-ID-Logo-600x266.png\" class=\"img-responsive wp-image-5035\" srcset=\"https:\/\/www.hdry.com\/wp-content\/uploads\/2025\/10\/Wenaas-ID-Logo-200x89.png 200w, https:\/\/www.hdry.com\/wp-content\/uploads\/2025\/10\/Wenaas-ID-Logo-400x177.png 400w, https:\/\/www.hdry.com\/wp-content\/uploads\/2025\/10\/Wenaas-ID-Logo-600x266.png 600w, https:\/\/www.hdry.com\/wp-content\/uploads\/2025\/10\/Wenaas-ID-Logo-800x355.png 800w, https:\/\/www.hdry.com\/wp-content\/uploads\/2025\/10\/Wenaas-ID-Logo-1200x532.png 1200w, https:\/\/www.hdry.com\/wp-content\/uploads\/2025\/10\/Wenaas-ID-Logo.png 1515w\" sizes=\"(max-width: 640px) 100vw, 600px\" \/><\/a><\/span><\/div><\/div><\/div><\/div><\/div><div class=\"fusion-fullwidth fullwidth-box fusion-builder-row-2 fusion-flex-container has-pattern-background has-mask-background nonhundred-percent-fullwidth non-hundred-percent-height-scrolling\" style=\"--awb-border-radius-top-left:0px;--awb-border-radius-top-right:0px;--awb-border-radius-bottom-right:0px;--awb-border-radius-bottom-left:0px;--awb-flex-wrap:wrap;\" ><div class=\"fusion-builder-row fusion-row fusion-flex-align-items-flex-start fusion-flex-content-wrap\" style=\"max-width:1872px;margin-left: calc(-4% \/ 2 );margin-right: calc(-4% \/ 2 );\"><div class=\"fusion-layout-column fusion_builder_column fusion-builder-column-1 fusion_builder_column_1_1 1_1 fusion-flex-column\" style=\"--awb-bg-size:cover;--awb-width-large:100%;--awb-margin-top-large:0px;--awb-spacing-right-large:1.92%;--awb-margin-bottom-large:20px;--awb-spacing-left-large:1.92%;--awb-width-medium:100%;--awb-order-medium:0;--awb-spacing-right-medium:1.92%;--awb-spacing-left-medium:1.92%;--awb-width-small:100%;--awb-order-small:0;--awb-spacing-right-small:1.92%;--awb-spacing-left-small:1.92%;\"><div class=\"fusion-column-wrapper fusion-column-has-shadow fusion-flex-justify-content-flex-start fusion-content-layout-column\"><div class=\"fusion-text fusion-text-1\"><p>Wenaas ofrece ropa de trabajo para hombres y mujeres, as\u00ed como equipos de protecci\u00f3n personal para sectores con requisitos de seguridad extremadamente altos. Sus productos est\u00e1n dise\u00f1ados para ofrecer protecci\u00f3n contra todo, desde el agua hasta el calor, desde el ruido hasta las ca\u00eddas, desde la congelaci\u00f3n hasta las llamas, de la cabeza a los pies.<\/p>\n<\/div><\/div><\/div><\/div><\/div><div class=\"fusion-fullwidth fullwidth-box fusion-builder-row-3 fusion-flex-container has-pattern-background has-mask-background hundred-percent-fullwidth non-hundred-percent-height-scrolling\" style=\"--awb-border-radius-top-left:0px;--awb-border-radius-top-right:0px;--awb-border-radius-bottom-right:0px;--awb-border-radius-bottom-left:0px;--awb-padding-top:0px;--awb-padding-right:0px;--awb-padding-bottom:0px;--awb-padding-left:0px;--awb-margin-top:60px;--awb-background-color:var(--awb-color1);--awb-flex-wrap:wrap;\" ><div class=\"fusion-builder-row fusion-row fusion-flex-align-items-center fusion-flex-justify-content-center fusion-flex-content-wrap\" style=\"width:calc( 100% + 40px ) !important;max-width:calc( 100% + 40px ) !important;margin-left: calc(-40px \/ 2 );margin-right: calc(-40px \/ 2 );\"><div class=\"fusion-layout-column fusion_builder_column fusion-builder-column-2 fusion_builder_column_1_4 1_4 fusion-flex-column\" style=\"--awb-bg-size:cover;--awb-width-large:25%;--awb-margin-top-large:0px;--awb-spacing-right-large:20px;--awb-margin-bottom-large:0px;--awb-spacing-left-large:20px;--awb-width-medium:25%;--awb-order-medium:0;--awb-spacing-right-medium:20px;--awb-spacing-left-medium:20px;--awb-width-small:100%;--awb-order-small:0;--awb-spacing-right-small:20px;--awb-spacing-left-small:20px;\" data-scroll-devices=\"small-visibility,medium-visibility,large-visibility\"><div class=\"fusion-column-wrapper fusion-column-has-shadow fusion-flex-justify-content-flex-start fusion-content-layout-column\"><div class=\"fusion-image-element \" style=\"--awb-caption-title-font-family:var(--h2_typography-font-family);--awb-caption-title-font-weight:var(--h2_typography-font-weight);--awb-caption-title-font-style:var(--h2_typography-font-style);--awb-caption-title-size:var(--h2_typography-font-size);--awb-caption-title-transform:var(--h2_typography-text-transform);--awb-caption-title-line-height:var(--h2_typography-line-height);--awb-caption-title-letter-spacing:var(--h2_typography-letter-spacing);\"><span class=\" fusion-imageframe imageframe-none imageframe-2 hover-type-none\"><a class=\"fusion-no-lightbox\" href=\"https:\/\/www.wenaas.com\/en\/products\/boot-berserk-brage-us-black-0-1270-0-10\" target=\"_blank\" aria-label=\"0-1270-0-10_10_front_shoes_2025\" rel=\"noopener noreferrer\"><img decoding=\"async\" width=\"1229\" height=\"1360\" src=\"https:\/\/www.hdry.com\/wp-content\/uploads\/2026\/01\/0-1270-0-10_10_front_shoes_2025.jpg\" alt class=\"img-responsive wp-image-5566\" srcset=\"https:\/\/www.hdry.com\/wp-content\/uploads\/2026\/01\/0-1270-0-10_10_front_shoes_2025-200x221.jpg 200w, https:\/\/www.hdry.com\/wp-content\/uploads\/2026\/01\/0-1270-0-10_10_front_shoes_2025-400x443.jpg 400w, https:\/\/www.hdry.com\/wp-content\/uploads\/2026\/01\/0-1270-0-10_10_front_shoes_2025-600x664.jpg 600w, https:\/\/www.hdry.com\/wp-content\/uploads\/2026\/01\/0-1270-0-10_10_front_shoes_2025-800x885.jpg 800w, https:\/\/www.hdry.com\/wp-content\/uploads\/2026\/01\/0-1270-0-10_10_front_shoes_2025-1200x1328.jpg 1200w, https:\/\/www.hdry.com\/wp-content\/uploads\/2026\/01\/0-1270-0-10_10_front_shoes_2025.jpg 1229w\" sizes=\"(max-width: 640px) 100vw, 600px\" \/><\/a><\/span><\/div><\/div><\/div><div class=\"fusion-layout-column fusion_builder_column fusion-builder-column-3 fusion_builder_column_1_4 1_4 fusion-flex-column\" style=\"--awb-bg-size:cover;--awb-width-large:25%;--awb-margin-top-large:0px;--awb-spacing-right-large:20px;--awb-margin-bottom-large:0px;--awb-spacing-left-large:20px;--awb-width-medium:25%;--awb-order-medium:0;--awb-spacing-right-medium:20px;--awb-spacing-left-medium:20px;--awb-width-small:100%;--awb-order-small:0;--awb-spacing-right-small:20px;--awb-spacing-left-small:20px;\" data-scroll-devices=\"small-visibility,medium-visibility,large-visibility\"><div class=\"fusion-column-wrapper fusion-column-has-shadow fusion-flex-justify-content-flex-start fusion-content-layout-column\"><div class=\"fusion-image-element \" style=\"--awb-caption-title-font-family:var(--h2_typography-font-family);--awb-caption-title-font-weight:var(--h2_typography-font-weight);--awb-caption-title-font-style:var(--h2_typography-font-style);--awb-caption-title-size:var(--h2_typography-font-size);--awb-caption-title-transform:var(--h2_typography-text-transform);--awb-caption-title-line-height:var(--h2_typography-line-height);--awb-caption-title-letter-spacing:var(--h2_typography-letter-spacing);\"><span class=\" fusion-imageframe imageframe-none imageframe-3 hover-type-none\"><a class=\"fusion-no-lightbox\" href=\"https:\/\/www.wenaas.com\/en\/products\/ankle-boot-berserk-borr-black-0-1320-1101-10\" target=\"_blank\" aria-label=\"0-1320-1101-10_10_front_shoes_2025\" rel=\"noopener noreferrer\"><img decoding=\"async\" width=\"1360\" height=\"1213\" src=\"https:\/\/www.hdry.com\/wp-content\/uploads\/2026\/01\/0-1320-1101-10_10_front_shoes_2025.jpg\" alt class=\"img-responsive wp-image-5567\" srcset=\"https:\/\/www.hdry.com\/wp-content\/uploads\/2026\/01\/0-1320-1101-10_10_front_shoes_2025-200x178.jpg 200w, https:\/\/www.hdry.com\/wp-content\/uploads\/2026\/01\/0-1320-1101-10_10_front_shoes_2025-400x357.jpg 400w, https:\/\/www.hdry.com\/wp-content\/uploads\/2026\/01\/0-1320-1101-10_10_front_shoes_2025-600x535.jpg 600w, https:\/\/www.hdry.com\/wp-content\/uploads\/2026\/01\/0-1320-1101-10_10_front_shoes_2025-800x714.jpg 800w, https:\/\/www.hdry.com\/wp-content\/uploads\/2026\/01\/0-1320-1101-10_10_front_shoes_2025-1200x1070.jpg 1200w, https:\/\/www.hdry.com\/wp-content\/uploads\/2026\/01\/0-1320-1101-10_10_front_shoes_2025.jpg 1360w\" sizes=\"(max-width: 640px) 100vw, 600px\" \/><\/a><\/span><\/div><\/div><\/div><div class=\"fusion-layout-column fusion_builder_column fusion-builder-column-4 fusion_builder_column_1_4 1_4 fusion-flex-column fusion-animated\" style=\"--awb-bg-color:var(--awb-color2);--awb-bg-color-hover:var(--awb-color2);--awb-bg-size:cover;--awb-border-color:var(--awb-color5);--awb-border-top:0px;--awb-border-right:0px;--awb-border-bottom:0px;--awb-border-left:0px;--awb-border-style:solid;--awb-width-large:25%;--awb-margin-top-large:0px;--awb-spacing-right-large:20px;--awb-margin-bottom-large:0px;--awb-spacing-left-large:20px;--awb-width-medium:25%;--awb-order-medium:0;--awb-spacing-right-medium:20px;--awb-spacing-left-medium:20px;--awb-width-small:100%;--awb-order-small:0;--awb-spacing-right-small:20px;--awb-spacing-left-small:20px;\" data-animationType=\"fadeIn\" data-animationDuration=\"0.5\" data-animationDelay=\"0.4\" data-animationOffset=\"top-into-view\" data-scroll-devices=\"small-visibility,medium-visibility,large-visibility\"><div class=\"fusion-column-wrapper fusion-column-has-shadow fusion-flex-justify-content-flex-start fusion-content-layout-column\"><div class=\"fusion-image-element \" style=\"--awb-caption-title-font-family:var(--h2_typography-font-family);--awb-caption-title-font-weight:var(--h2_typography-font-weight);--awb-caption-title-font-style:var(--h2_typography-font-style);--awb-caption-title-size:var(--h2_typography-font-size);--awb-caption-title-transform:var(--h2_typography-text-transform);--awb-caption-title-line-height:var(--h2_typography-line-height);--awb-caption-title-letter-spacing:var(--h2_typography-letter-spacing);\"><span class=\" fusion-imageframe imageframe-none imageframe-4 hover-type-none\"><a class=\"fusion-no-lightbox\" href=\"https:\/\/www.wenaas.com\/en\/products\/boot-berserk-balder-black-0-1420-1101-10\" target=\"_blank\" aria-label=\"0-1420-1101-10_10_front_shoes_2025\" rel=\"noopener noreferrer\"><img decoding=\"async\" width=\"1207\" height=\"1360\" src=\"https:\/\/www.hdry.com\/wp-content\/uploads\/2026\/01\/0-1420-1101-10_10_front_shoes_2025.jpg\" alt class=\"img-responsive wp-image-5568\" srcset=\"https:\/\/www.hdry.com\/wp-content\/uploads\/2026\/01\/0-1420-1101-10_10_front_shoes_2025-200x225.jpg 200w, https:\/\/www.hdry.com\/wp-content\/uploads\/2026\/01\/0-1420-1101-10_10_front_shoes_2025-400x451.jpg 400w, https:\/\/www.hdry.com\/wp-content\/uploads\/2026\/01\/0-1420-1101-10_10_front_shoes_2025-600x676.jpg 600w, https:\/\/www.hdry.com\/wp-content\/uploads\/2026\/01\/0-1420-1101-10_10_front_shoes_2025-800x901.jpg 800w, https:\/\/www.hdry.com\/wp-content\/uploads\/2026\/01\/0-1420-1101-10_10_front_shoes_2025-1200x1352.jpg 1200w, https:\/\/www.hdry.com\/wp-content\/uploads\/2026\/01\/0-1420-1101-10_10_front_shoes_2025.jpg 1207w\" sizes=\"(max-width: 640px) 100vw, 600px\" \/><\/a><\/span><\/div><\/div><\/div><\/div><\/div><\/p>\n","protected":false},"excerpt":{"rendered":"","protected":false},"author":1,"featured_media":0,"parent":0,"menu_order":0,"comment_status":"closed","ping_status":"closed","template":"100-width.php","meta":{"footnotes":""},"class_list":["post-5033","page","type-page","status-publish","hentry"],"_links":{"self":[{"href":"https:\/\/www.hdry.com\/es\/wp-json\/wp\/v2\/pages\/5033","targetHints":{"allow":["GET"]}}],"collection":[{"href":"https:\/\/www.hdry.com\/es\/wp-json\/wp\/v2\/pages"}],"about":[{"href":"https:\/\/www.hdry.com\/es\/wp-json\/wp\/v2\/types\/page"}],"author":[{"embeddable":true,"href":"https:\/\/www.hdry.com\/es\/wp-json\/wp\/v2\/users\/1"}],"replies":[{"embeddable":true,"href":"https:\/\/www.hdry.com\/es\/wp-json\/wp\/v2\/comments?post=5033"}],"version-history":[{"count":0,"href":"https:\/\/www.hdry.com\/es\/wp-json\/wp\/v2\/pages\/5033\/revisions"}],"wp:attachment":[{"href":"https:\/\/www.hdry.com\/es\/wp-json\/wp\/v2\/media?parent=5033"}],"curies":[{"name":"wp","href":"https:\/\/api.w.org\/{rel}","templated":true}]}}