{"id":5068,"date":"2025-09-18T13:51:35","date_gmt":"2025-09-18T13:51:35","guid":{"rendered":"https:\/\/www.hdry.com\/kuiu\/"},"modified":"2026-01-30T15:25:03","modified_gmt":"2026-01-30T15:25:03","slug":"kuiu","status":"publish","type":"page","link":"https:\/\/www.hdry.com\/es\/kuiu\/","title":{"rendered":"KUIU"},"content":{"rendered":"<p><div class=\"fusion-fullwidth fullwidth-box fusion-builder-row-1 fusion-flex-container has-pattern-background has-mask-background nonhundred-percent-fullwidth non-hundred-percent-height-scrolling\" style=\"--awb-border-radius-top-left:0px;--awb-border-radius-top-right:0px;--awb-border-radius-bottom-right:0px;--awb-border-radius-bottom-left:0px;--awb-padding-top:0px;--awb-padding-right:40px;--awb-padding-bottom:0px;--awb-padding-left:40px;--awb-margin-top:;--awb-margin-bottom:0px;--awb-flex-wrap:wrap;\" ><div class=\"fusion-builder-row fusion-row fusion-flex-align-items-flex-start fusion-flex-content-wrap\" style=\"max-width:1872px;margin-left: calc(-4% \/ 2 );margin-right: calc(-4% \/ 2 );\"><div class=\"fusion-layout-column fusion_builder_column fusion-builder-column-0 fusion_builder_column_1_1 1_1 fusion-flex-column\" style=\"--awb-bg-size:cover;--awb-width-large:100%;--awb-margin-top-large:30px;--awb-spacing-right-large:1.92%;--awb-margin-bottom-large:40px;--awb-spacing-left-large:1.92%;--awb-width-medium:100%;--awb-order-medium:0;--awb-spacing-right-medium:1.92%;--awb-spacing-left-medium:1.92%;--awb-width-small:100%;--awb-order-small:0;--awb-spacing-right-small:1.92%;--awb-spacing-left-small:1.92%;\" data-scroll-devices=\"small-visibility,medium-visibility,large-visibility\"><div class=\"fusion-column-wrapper fusion-column-has-shadow fusion-flex-justify-content-flex-start fusion-content-layout-column\"><div class=\"fusion-image-element \" style=\"text-align:center;--awb-max-width:250px;--awb-caption-title-font-family:var(--h2_typography-font-family);--awb-caption-title-font-weight:var(--h2_typography-font-weight);--awb-caption-title-font-style:var(--h2_typography-font-style);--awb-caption-title-size:var(--h2_typography-font-size);--awb-caption-title-transform:var(--h2_typography-text-transform);--awb-caption-title-line-height:var(--h2_typography-line-height);--awb-caption-title-letter-spacing:var(--h2_typography-letter-spacing);\"><span class=\" fusion-imageframe imageframe-none imageframe-1 hover-type-none\"><img decoding=\"async\" width=\"450\" height=\"450\" alt=\"Scarpa\" title=\"kuiu-logo\" src=\"https:\/\/www.hdry.com\/wp-content\/uploads\/2025\/09\/kuiu-logo.jpg\" class=\"img-responsive wp-image-4607\" srcset=\"https:\/\/www.hdry.com\/wp-content\/uploads\/2025\/09\/kuiu-logo-200x200.jpg 200w, https:\/\/www.hdry.com\/wp-content\/uploads\/2025\/09\/kuiu-logo-400x400.jpg 400w, https:\/\/www.hdry.com\/wp-content\/uploads\/2025\/09\/kuiu-logo.jpg 450w\" sizes=\"(max-width: 640px) 100vw, 450px\" \/><\/span><\/div><div class=\"fusion-text fusion-text-1\"><p>KUIU, una de las principales marcas estadounidenses de equipamiento t\u00e9cnico de caza, es sin\u00f3nimo de excelencia y rendimiento extremo. Los guantes equipados con HDry est\u00e1n dise\u00f1ados para largas jornadas en entornos fr\u00edos y h\u00famedos, ofreciendo una impermeabilidad total, una durabilidad prolongada y un control t\u00e1ctil preciso. Ideal para aquellos que exigen una fiabilidad absoluta en las condiciones de caza m\u00e1s duras.<\/p>\n<\/div><div class=\"fusion-separator fusion-full-width-sep\" style=\"align-self: center;margin-left: auto;margin-right: auto;margin-top:35px;width:100%;\"><\/div><\/div><\/div><\/div><\/div><div class=\"fusion-fullwidth fullwidth-box fusion-builder-row-2 fusion-flex-container has-pattern-background has-mask-background nonhundred-percent-fullwidth non-hundred-percent-height-scrolling\" style=\"--awb-border-radius-top-left:0px;--awb-border-radius-top-right:0px;--awb-border-radius-bottom-right:0px;--awb-border-radius-bottom-left:0px;--awb-flex-wrap:wrap;\" ><div class=\"fusion-builder-row fusion-row fusion-flex-align-items-flex-start fusion-flex-justify-content-center fusion-flex-content-wrap\" style=\"max-width:1872px;margin-left: calc(-4% \/ 2 );margin-right: calc(-4% \/ 2 );\"><div class=\"fusion-layout-column fusion_builder_column fusion-builder-column-1 fusion_builder_column_1_4 1_4 fusion-flex-column\" style=\"--awb-bg-size:cover;--awb-width-large:25%;--awb-margin-top-large:0px;--awb-spacing-right-large:7.68%;--awb-margin-bottom-large:20px;--awb-spacing-left-large:7.68%;--awb-width-medium:25%;--awb-order-medium:0;--awb-spacing-right-medium:7.68%;--awb-spacing-left-medium:7.68%;--awb-width-small:100%;--awb-order-small:0;--awb-spacing-right-small:1.92%;--awb-spacing-left-small:1.92%;\"><div class=\"fusion-column-wrapper fusion-column-has-shadow fusion-flex-justify-content-flex-start fusion-content-layout-column\"><div class=\"fusion-image-element \" style=\"--awb-caption-title-font-family:var(--h2_typography-font-family);--awb-caption-title-font-weight:var(--h2_typography-font-weight);--awb-caption-title-font-style:var(--h2_typography-font-style);--awb-caption-title-size:var(--h2_typography-font-size);--awb-caption-title-transform:var(--h2_typography-text-transform);--awb-caption-title-line-height:var(--h2_typography-line-height);--awb-caption-title-letter-spacing:var(--h2_typography-letter-spacing);\"><span class=\" fusion-imageframe imageframe-none imageframe-2 hover-type-none\"><a class=\"fusion-no-lightbox\" href=\"https:\/\/www.kuiu.com\/search?q=hdry\" target=\"_blank\" aria-label=\"pulgar cuadrado\" rel=\"noopener noreferrer\"><img decoding=\"async\" width=\"1000\" height=\"1000\" src=\"https:\/\/www.hdry.com\/wp-content\/uploads\/2026\/01\/4-10.jpg\" alt class=\"img-responsive wp-image-11366\" srcset=\"https:\/\/www.hdry.com\/wp-content\/uploads\/2026\/01\/4-10-200x200.jpg 200w, https:\/\/www.hdry.com\/wp-content\/uploads\/2026\/01\/4-10-400x400.jpg 400w, https:\/\/www.hdry.com\/wp-content\/uploads\/2026\/01\/4-10-600x600.jpg 600w, https:\/\/www.hdry.com\/wp-content\/uploads\/2026\/01\/4-10-800x800.jpg 800w, https:\/\/www.hdry.com\/wp-content\/uploads\/2026\/01\/4-10.jpg 1000w\" sizes=\"(max-width: 640px) 100vw, 400px\" \/><\/a><\/span><\/div><\/div><\/div><div class=\"fusion-layout-column fusion_builder_column fusion-builder-column-2 fusion_builder_column_1_4 1_4 fusion-flex-column\" style=\"--awb-bg-size:cover;--awb-width-large:25%;--awb-margin-top-large:0px;--awb-spacing-right-large:7.68%;--awb-margin-bottom-large:20px;--awb-spacing-left-large:7.68%;--awb-width-medium:25%;--awb-order-medium:0;--awb-spacing-right-medium:7.68%;--awb-spacing-left-medium:7.68%;--awb-width-small:100%;--awb-order-small:0;--awb-spacing-right-small:1.92%;--awb-spacing-left-small:1.92%;\"><div class=\"fusion-column-wrapper fusion-column-has-shadow fusion-flex-justify-content-flex-start fusion-content-layout-column\"><div class=\"fusion-image-element \" style=\"--awb-caption-title-font-family:var(--h2_typography-font-family);--awb-caption-title-font-weight:var(--h2_typography-font-weight);--awb-caption-title-font-style:var(--h2_typography-font-style);--awb-caption-title-size:var(--h2_typography-font-size);--awb-caption-title-transform:var(--h2_typography-text-transform);--awb-caption-title-line-height:var(--h2_typography-line-height);--awb-caption-title-letter-spacing:var(--h2_typography-letter-spacing);\"><span class=\" fusion-imageframe imageframe-none imageframe-3 hover-type-none\"><a class=\"fusion-no-lightbox\" href=\"https:\/\/www.kuiu.com\/search?q=hdry\" target=\"_blank\" aria-label=\"pulgar cuadrado\" rel=\"noopener noreferrer\"><img decoding=\"async\" width=\"1000\" height=\"1000\" src=\"https:\/\/www.hdry.com\/wp-content\/uploads\/2026\/01\/3-14.jpg\" alt class=\"img-responsive wp-image-11365\" srcset=\"https:\/\/www.hdry.com\/wp-content\/uploads\/2026\/01\/3-14-200x200.jpg 200w, https:\/\/www.hdry.com\/wp-content\/uploads\/2026\/01\/3-14-400x400.jpg 400w, https:\/\/www.hdry.com\/wp-content\/uploads\/2026\/01\/3-14-600x600.jpg 600w, https:\/\/www.hdry.com\/wp-content\/uploads\/2026\/01\/3-14-800x800.jpg 800w, https:\/\/www.hdry.com\/wp-content\/uploads\/2026\/01\/3-14.jpg 1000w\" sizes=\"(max-width: 640px) 100vw, 400px\" \/><\/a><\/span><\/div><\/div><\/div><div class=\"fusion-layout-column fusion_builder_column fusion-builder-column-3 fusion_builder_column_1_4 1_4 fusion-flex-column\" style=\"--awb-bg-size:cover;--awb-width-large:25%;--awb-margin-top-large:0px;--awb-spacing-right-large:7.68%;--awb-margin-bottom-large:20px;--awb-spacing-left-large:7.68%;--awb-width-medium:25%;--awb-order-medium:0;--awb-spacing-right-medium:7.68%;--awb-spacing-left-medium:7.68%;--awb-width-small:100%;--awb-order-small:0;--awb-spacing-right-small:1.92%;--awb-spacing-left-small:1.92%;\"><div class=\"fusion-column-wrapper fusion-column-has-shadow fusion-flex-justify-content-flex-start fusion-content-layout-column\"><div class=\"fusion-image-element \" style=\"--awb-caption-title-font-family:var(--h2_typography-font-family);--awb-caption-title-font-weight:var(--h2_typography-font-weight);--awb-caption-title-font-style:var(--h2_typography-font-style);--awb-caption-title-size:var(--h2_typography-font-size);--awb-caption-title-transform:var(--h2_typography-text-transform);--awb-caption-title-line-height:var(--h2_typography-line-height);--awb-caption-title-letter-spacing:var(--h2_typography-letter-spacing);\"><span class=\" fusion-imageframe imageframe-none imageframe-4 hover-type-none\"><a class=\"fusion-no-lightbox\" href=\"https:\/\/www.kuiu.com\/search?q=hdry\" target=\"_blank\" aria-label=\"pulgar cuadrado\" rel=\"noopener noreferrer\"><img decoding=\"async\" width=\"1000\" height=\"1000\" src=\"https:\/\/www.hdry.com\/wp-content\/uploads\/2026\/01\/2-21.jpg\" alt class=\"img-responsive wp-image-11364\" srcset=\"https:\/\/www.hdry.com\/wp-content\/uploads\/2026\/01\/2-21-200x200.jpg 200w, https:\/\/www.hdry.com\/wp-content\/uploads\/2026\/01\/2-21-400x400.jpg 400w, https:\/\/www.hdry.com\/wp-content\/uploads\/2026\/01\/2-21-600x600.jpg 600w, https:\/\/www.hdry.com\/wp-content\/uploads\/2026\/01\/2-21-800x800.jpg 800w, https:\/\/www.hdry.com\/wp-content\/uploads\/2026\/01\/2-21.jpg 1000w\" sizes=\"(max-width: 640px) 100vw, 400px\" \/><\/a><\/span><\/div><\/div><\/div><div class=\"fusion-layout-column fusion_builder_column fusion-builder-column-4 fusion_builder_column_1_4 1_4 fusion-flex-column\" style=\"--awb-bg-size:cover;--awb-width-large:25%;--awb-margin-top-large:0px;--awb-spacing-right-large:7.68%;--awb-margin-bottom-large:20px;--awb-spacing-left-large:7.68%;--awb-width-medium:25%;--awb-order-medium:0;--awb-spacing-right-medium:7.68%;--awb-spacing-left-medium:7.68%;--awb-width-small:100%;--awb-order-small:0;--awb-spacing-right-small:1.92%;--awb-spacing-left-small:1.92%;\"><div class=\"fusion-column-wrapper fusion-column-has-shadow fusion-flex-justify-content-flex-start fusion-content-layout-column\"><div class=\"fusion-image-element \" style=\"--awb-caption-title-font-family:var(--h2_typography-font-family);--awb-caption-title-font-weight:var(--h2_typography-font-weight);--awb-caption-title-font-style:var(--h2_typography-font-style);--awb-caption-title-size:var(--h2_typography-font-size);--awb-caption-title-transform:var(--h2_typography-text-transform);--awb-caption-title-line-height:var(--h2_typography-line-height);--awb-caption-title-letter-spacing:var(--h2_typography-letter-spacing);\"><span class=\" fusion-imageframe imageframe-none imageframe-5 hover-type-none\"><a class=\"fusion-no-lightbox\" href=\"https:\/\/www.kuiu.com\/search?q=hdry\" target=\"_blank\" aria-label=\"pulgar cuadrado\" rel=\"noopener noreferrer\"><img decoding=\"async\" width=\"1000\" height=\"1000\" src=\"https:\/\/www.hdry.com\/wp-content\/uploads\/2026\/01\/1-23.jpg\" alt class=\"img-responsive wp-image-11363\" srcset=\"https:\/\/www.hdry.com\/wp-content\/uploads\/2026\/01\/1-23-200x200.jpg 200w, https:\/\/www.hdry.com\/wp-content\/uploads\/2026\/01\/1-23-400x400.jpg 400w, https:\/\/www.hdry.com\/wp-content\/uploads\/2026\/01\/1-23-600x600.jpg 600w, https:\/\/www.hdry.com\/wp-content\/uploads\/2026\/01\/1-23-800x800.jpg 800w, https:\/\/www.hdry.com\/wp-content\/uploads\/2026\/01\/1-23.jpg 1000w\" sizes=\"(max-width: 640px) 100vw, 400px\" \/><\/a><\/span><\/div><\/div><\/div><\/div><\/div><\/p>\n","protected":false},"excerpt":{"rendered":"","protected":false},"author":1,"featured_media":0,"parent":0,"menu_order":0,"comment_status":"closed","ping_status":"closed","template":"100-width.php","meta":{"footnotes":""},"class_list":["post-5068","page","type-page","status-publish","hentry"],"_links":{"self":[{"href":"https:\/\/www.hdry.com\/es\/wp-json\/wp\/v2\/pages\/5068","targetHints":{"allow":["GET"]}}],"collection":[{"href":"https:\/\/www.hdry.com\/es\/wp-json\/wp\/v2\/pages"}],"about":[{"href":"https:\/\/www.hdry.com\/es\/wp-json\/wp\/v2\/types\/page"}],"author":[{"embeddable":true,"href":"https:\/\/www.hdry.com\/es\/wp-json\/wp\/v2\/users\/1"}],"replies":[{"embeddable":true,"href":"https:\/\/www.hdry.com\/es\/wp-json\/wp\/v2\/comments?post=5068"}],"version-history":[{"count":0,"href":"https:\/\/www.hdry.com\/es\/wp-json\/wp\/v2\/pages\/5068\/revisions"}],"wp:attachment":[{"href":"https:\/\/www.hdry.com\/es\/wp-json\/wp\/v2\/media?parent=5068"}],"curies":[{"name":"wp","href":"https:\/\/api.w.org\/{rel}","templated":true}]}}