{"id":5093,"date":"2025-09-18T13:23:35","date_gmt":"2025-09-18T13:23:35","guid":{"rendered":"https:\/\/www.hdry.com\/scarpa\/"},"modified":"2026-01-30T15:36:58","modified_gmt":"2026-01-30T15:36:58","slug":"scarpa","status":"publish","type":"page","link":"https:\/\/www.hdry.com\/es\/scarpa\/","title":{"rendered":"SCARPA"},"content":{"rendered":"<p><div class=\"fusion-fullwidth fullwidth-box fusion-builder-row-1 fusion-flex-container has-pattern-background has-mask-background nonhundred-percent-fullwidth non-hundred-percent-height-scrolling\" style=\"--awb-border-radius-top-left:0px;--awb-border-radius-top-right:0px;--awb-border-radius-bottom-right:0px;--awb-border-radius-bottom-left:0px;--awb-padding-top:0px;--awb-padding-right:40px;--awb-padding-bottom:0px;--awb-padding-left:40px;--awb-margin-top:15px;--awb-margin-bottom:0px;--awb-flex-wrap:wrap;\" ><div class=\"fusion-builder-row fusion-row fusion-flex-align-items-flex-start fusion-flex-content-wrap\" style=\"max-width:1872px;margin-left: calc(-4% \/ 2 );margin-right: calc(-4% \/ 2 );\"><div class=\"fusion-layout-column fusion_builder_column fusion-builder-column-0 fusion_builder_column_1_1 1_1 fusion-flex-column\" style=\"--awb-bg-size:cover;--awb-width-large:100%;--awb-margin-top-large:0px;--awb-spacing-right-large:1.92%;--awb-margin-bottom-large:20px;--awb-spacing-left-large:1.92%;--awb-width-medium:100%;--awb-order-medium:0;--awb-spacing-right-medium:1.92%;--awb-spacing-left-medium:1.92%;--awb-width-small:100%;--awb-order-small:0;--awb-spacing-right-small:1.92%;--awb-spacing-left-small:1.92%;\" data-scroll-devices=\"small-visibility,medium-visibility,large-visibility\"><div class=\"fusion-column-wrapper fusion-column-has-shadow fusion-flex-justify-content-flex-start fusion-content-layout-column\"><div class=\"fusion-image-element \" style=\"text-align:center;--awb-aspect-ratio:1 \/ 1;--awb-max-width:250px;--awb-caption-title-font-family:var(--h2_typography-font-family);--awb-caption-title-font-weight:var(--h2_typography-font-weight);--awb-caption-title-font-style:var(--h2_typography-font-style);--awb-caption-title-size:var(--h2_typography-font-size);--awb-caption-title-transform:var(--h2_typography-text-transform);--awb-caption-title-line-height:var(--h2_typography-line-height);--awb-caption-title-letter-spacing:var(--h2_typography-letter-spacing);\"><div style=\"display:inline-block;width:250px;\"><span class=\" fusion-imageframe imageframe-none imageframe-1 hover-type-none has-aspect-ratio\"><img decoding=\"async\" width=\"450\" height=\"450\" alt=\"Scarpa\" title=\"scarpa-logo\" src=\"https:\/\/www.hdry.com\/wp-content\/uploads\/2025\/09\/scarpa-logo.jpg\" class=\"img-responsive wp-image-4974 img-with-aspect-ratio\" data-parent-fit=\"cover\" data-parent-container=\".fusion-image-element\" srcset=\"https:\/\/www.hdry.com\/wp-content\/uploads\/2025\/09\/scarpa-logo-200x200.jpg 200w, https:\/\/www.hdry.com\/wp-content\/uploads\/2025\/09\/scarpa-logo-400x400.jpg 400w, https:\/\/www.hdry.com\/wp-content\/uploads\/2025\/09\/scarpa-logo.jpg 450w\" sizes=\"(max-width: 640px) 100vw, 450px\" \/><\/span><\/div><\/div><div class=\"fusion-text fusion-text-1 fusion-text-no-margin\" style=\"--awb-margin-top:0px;--awb-margin-right:0px;--awb-margin-bottom:0px;--awb-margin-left:0px;--awb-text-font-family:&quot;Graphik wide regular&quot;;--awb-text-font-style:normal;--awb-text-font-weight:400;\"><p>SCARPA, una marca italiana emblem\u00e1tica en calzado de monta\u00f1a y para actividades al aire libre, es un referente mundial en alpinismo t\u00e9cnico. La tecnolog\u00eda HDry est\u00e1 integrada en sus l\u00edneas alpinas de alta gama, especialmente en las series Phantom y Ribelle, donde el m\u00e1ximo rendimiento es esencial.<br \/>\nEn los entornos m\u00e1s hostiles, desde los Alpes hasta el K2, la impermeabilidad, la calidez y la transpirabilidad son fundamentales. La laminaci\u00f3n directa HDry crea una barrera totalmente impermeable, elimina la absorci\u00f3n de agua y mantiene la bota ligera incluso en condiciones clim\u00e1ticas extremas.<br \/>\nEstamos orgullosos de colaborar con SCARPA en el desarrollo de tecnolog\u00edas que siguen superando los l\u00edmites del alpinismo moderno.<\/p>\n<\/div><div class=\"fusion-separator fusion-full-width-sep\" style=\"align-self: center;margin-left: auto;margin-right: auto;margin-top:30px;width:100%;\"><\/div><\/div><\/div><\/div><\/div><div class=\"fusion-fullwidth fullwidth-box fusion-builder-row-2 fusion-flex-container has-pattern-background has-mask-background hundred-percent-fullwidth non-hundred-percent-height-scrolling\" style=\"--awb-border-radius-top-left:0px;--awb-border-radius-top-right:0px;--awb-border-radius-bottom-right:0px;--awb-border-radius-bottom-left:0px;--awb-padding-top:0px;--awb-padding-right:0px;--awb-padding-bottom:0px;--awb-padding-left:0px;--awb-margin-top:0px;--awb-background-color:#f6f6f6;--awb-flex-wrap:wrap;\" ><div class=\"fusion-builder-row fusion-row fusion-flex-align-items-stretch fusion-flex-justify-content-center fusion-flex-content-wrap\" style=\"width:calc( 100% + 0px ) !important;max-width:calc( 100% + 0px ) !important;margin-left: calc(-0px \/ 2 );margin-right: calc(-0px \/ 2 );\"><div class=\"fusion-layout-column fusion_builder_column fusion-builder-column-1 fusion_builder_column_1_1 1_1 fusion-flex-column\" style=\"--awb-bg-size:cover;--awb-width-large:100%;--awb-margin-top-large:0px;--awb-spacing-right-large:0px;--awb-margin-bottom-large:0px;--awb-spacing-left-large:0px;--awb-width-medium:100%;--awb-order-medium:0;--awb-spacing-right-medium:0px;--awb-spacing-left-medium:0px;--awb-width-small:100%;--awb-order-small:0;--awb-spacing-right-small:0px;--awb-spacing-left-small:0px;\" data-scroll-devices=\"small-visibility,medium-visibility,large-visibility\"><div class=\"fusion-column-wrapper fusion-column-has-shadow fusion-flex-justify-content-flex-start fusion-content-layout-column\"><div class=\"fusion-video fusion-selfhosted-video\" style=\"max-width:100%;\"><div class=\"video-wrapper\"><video playsinline=\"true\" width=\"100%\" style=\"object-fit: cover;\" autoplay=\"true\" muted=\"true\" loop=\"true\" preload=\"auto\"><source src=\"https:\/\/www.hdry.com\/wp-content\/uploads\/2025\/09\/scarpa-video-1.mp4\" type=\"video\/mp4\">Lo sentimos, su navegador no es compatible con los v\u00eddeos incrustados.<\/video><\/div><\/div><div class=\"fusion-separator fusion-full-width-sep\" style=\"align-self: center;margin-left: auto;margin-right: auto;margin-top:80px;width:100%;\"><\/div><\/div><\/div><div class=\"fusion-layout-column fusion_builder_column fusion-builder-column-2 fusion_builder_column_1_4 1_4 fusion-flex-column fusion-animated\" style=\"--awb-bg-color:var(--awb-color2);--awb-bg-color-hover:var(--awb-color2);--awb-bg-size:cover;--awb-border-color:var(--awb-color5);--awb-border-top:0px;--awb-border-right:0px;--awb-border-bottom:0px;--awb-border-left:0px;--awb-border-style:solid;--awb-width-large:25%;--awb-margin-top-large:0px;--awb-spacing-right-large:0px;--awb-margin-bottom-large:0px;--awb-spacing-left-large:0px;--awb-width-medium:25%;--awb-order-medium:0;--awb-spacing-right-medium:0px;--awb-spacing-left-medium:0px;--awb-width-small:100%;--awb-order-small:0;--awb-spacing-right-small:0px;--awb-spacing-left-small:0px;\" data-animationType=\"fadeIn\" data-animationDuration=\"0.5\" data-animationDelay=\"0.4\" data-animationOffset=\"top-into-view\" data-scroll-devices=\"small-visibility,medium-visibility,large-visibility\"><div class=\"fusion-column-wrapper fusion-column-has-shadow fusion-flex-justify-content-flex-start fusion-content-layout-column\"><div class=\"fusion-image-element \" style=\"--awb-caption-title-font-family:var(--h2_typography-font-family);--awb-caption-title-font-weight:var(--h2_typography-font-weight);--awb-caption-title-font-style:var(--h2_typography-font-style);--awb-caption-title-size:var(--h2_typography-font-size);--awb-caption-title-transform:var(--h2_typography-text-transform);--awb-caption-title-line-height:var(--h2_typography-line-height);--awb-caption-title-letter-spacing:var(--h2_typography-letter-spacing);\"><span class=\" fusion-imageframe imageframe-none imageframe-2 hover-type-none\"><a class=\"fusion-no-lightbox\" href=\"https:\/\/scarpa.com\/products\/phantom-8000-thermic-hd-high-altitude-high-attitude-87403-500-1?variant=56048243114366\" target=\"_blank\" aria-label=\"pulgar cuadrado\" rel=\"noopener noreferrer\"><img decoding=\"async\" width=\"1000\" height=\"1000\" src=\"https:\/\/www.hdry.com\/wp-content\/uploads\/2026\/01\/1-9.jpg\" alt class=\"img-responsive wp-image-8454\" srcset=\"https:\/\/www.hdry.com\/wp-content\/uploads\/2026\/01\/1-9-200x200.jpg 200w, https:\/\/www.hdry.com\/wp-content\/uploads\/2026\/01\/1-9-400x400.jpg 400w, https:\/\/www.hdry.com\/wp-content\/uploads\/2026\/01\/1-9-600x600.jpg 600w, https:\/\/www.hdry.com\/wp-content\/uploads\/2026\/01\/1-9-800x800.jpg 800w, https:\/\/www.hdry.com\/wp-content\/uploads\/2026\/01\/1-9.jpg 1000w\" sizes=\"(max-width: 640px) 100vw, 600px\" \/><\/a><\/span><\/div><\/div><\/div><div class=\"fusion-layout-column fusion_builder_column fusion-builder-column-3 fusion_builder_column_1_4 1_4 fusion-flex-column fusion-flex-align-self-flex-start fusion-animated\" style=\"--awb-bg-color:var(--awb-color2);--awb-bg-color-hover:var(--awb-color2);--awb-bg-size:cover;--awb-border-color:var(--awb-color7);--awb-border-top:0px;--awb-border-right:0px;--awb-border-bottom:0px;--awb-border-left:0px;--awb-border-style:solid;--awb-width-large:25%;--awb-margin-top-large:0px;--awb-spacing-right-large:0px;--awb-margin-bottom-large:0px;--awb-spacing-left-large:0px;--awb-width-medium:25%;--awb-order-medium:0;--awb-spacing-right-medium:0px;--awb-spacing-left-medium:0px;--awb-width-small:100%;--awb-order-small:0;--awb-spacing-right-small:0px;--awb-spacing-left-small:0px;\" data-animationType=\"fadeIn\" data-animationDuration=\"0.5\" data-animationDelay=\"0.4\" data-animationOffset=\"top-into-view\" data-scroll-devices=\"small-visibility,medium-visibility,large-visibility\"><div class=\"fusion-column-wrapper fusion-column-has-shadow fusion-flex-justify-content-flex-start fusion-content-layout-column\"><div class=\"fusion-image-element \" style=\"--awb-caption-title-font-family:var(--h2_typography-font-family);--awb-caption-title-font-weight:var(--h2_typography-font-weight);--awb-caption-title-font-style:var(--h2_typography-font-style);--awb-caption-title-size:var(--h2_typography-font-size);--awb-caption-title-transform:var(--h2_typography-text-transform);--awb-caption-title-line-height:var(--h2_typography-line-height);--awb-caption-title-letter-spacing:var(--h2_typography-letter-spacing);\"><span class=\" fusion-imageframe imageframe-none imageframe-3 hover-type-none\"><a class=\"fusion-no-lightbox\" href=\"https:\/\/scarpa.com\/products\/phantom-6000-hd-low-profile-high-insulation-87409-500-1\" target=\"_blank\" aria-label=\"pulgar cuadrado\" rel=\"noopener noreferrer\"><img decoding=\"async\" width=\"1000\" height=\"1000\" src=\"https:\/\/www.hdry.com\/wp-content\/uploads\/2026\/01\/2-8.jpg\" alt class=\"img-responsive wp-image-8455\" srcset=\"https:\/\/www.hdry.com\/wp-content\/uploads\/2026\/01\/2-8-200x200.jpg 200w, https:\/\/www.hdry.com\/wp-content\/uploads\/2026\/01\/2-8-400x400.jpg 400w, https:\/\/www.hdry.com\/wp-content\/uploads\/2026\/01\/2-8-600x600.jpg 600w, https:\/\/www.hdry.com\/wp-content\/uploads\/2026\/01\/2-8-800x800.jpg 800w, https:\/\/www.hdry.com\/wp-content\/uploads\/2026\/01\/2-8.jpg 1000w\" sizes=\"(max-width: 640px) 100vw, 600px\" \/><\/a><\/span><\/div><\/div><\/div><div class=\"fusion-layout-column fusion_builder_column fusion-builder-column-4 fusion_builder_column_1_4 1_4 fusion-flex-column fusion-flex-align-self-flex-start fusion-animated\" style=\"--awb-bg-color:var(--awb-color2);--awb-bg-color-hover:var(--awb-color2);--awb-bg-size:cover;--awb-border-color:var(--awb-color7);--awb-border-top:0px;--awb-border-right:0px;--awb-border-bottom:0px;--awb-border-left:0px;--awb-border-style:solid;--awb-width-large:25%;--awb-margin-top-large:0px;--awb-spacing-right-large:0px;--awb-margin-bottom-large:0px;--awb-spacing-left-large:0px;--awb-width-medium:25%;--awb-order-medium:0;--awb-spacing-right-medium:0px;--awb-spacing-left-medium:0px;--awb-width-small:100%;--awb-order-small:0;--awb-spacing-right-small:0px;--awb-spacing-left-small:0px;\" data-animationType=\"fadeIn\" data-animationDuration=\"0.5\" data-animationDelay=\"0.4\" data-animationOffset=\"top-into-view\" data-scroll-devices=\"small-visibility,medium-visibility,large-visibility\"><div class=\"fusion-column-wrapper fusion-column-has-shadow fusion-flex-justify-content-flex-start fusion-content-layout-column\"><div class=\"fusion-image-element \" style=\"--awb-caption-title-font-family:var(--h2_typography-font-family);--awb-caption-title-font-weight:var(--h2_typography-font-weight);--awb-caption-title-font-style:var(--h2_typography-font-style);--awb-caption-title-size:var(--h2_typography-font-size);--awb-caption-title-transform:var(--h2_typography-text-transform);--awb-caption-title-line-height:var(--h2_typography-line-height);--awb-caption-title-letter-spacing:var(--h2_typography-letter-spacing);\"><span class=\" fusion-imageframe imageframe-none imageframe-4 hover-type-none\"><a class=\"fusion-no-lightbox\" href=\"https:\/\/scarpa.com\/products\/phantom-tech-hd-high-altitude-high-attitude-87426-210-1\" target=\"_blank\" aria-label=\"pulgar cuadrado\" rel=\"noopener noreferrer\"><img decoding=\"async\" width=\"1000\" height=\"1000\" src=\"https:\/\/www.hdry.com\/wp-content\/uploads\/2026\/01\/3-6.jpg\" alt class=\"img-responsive wp-image-8456\" srcset=\"https:\/\/www.hdry.com\/wp-content\/uploads\/2026\/01\/3-6-200x200.jpg 200w, https:\/\/www.hdry.com\/wp-content\/uploads\/2026\/01\/3-6-400x400.jpg 400w, https:\/\/www.hdry.com\/wp-content\/uploads\/2026\/01\/3-6-600x600.jpg 600w, https:\/\/www.hdry.com\/wp-content\/uploads\/2026\/01\/3-6-800x800.jpg 800w, https:\/\/www.hdry.com\/wp-content\/uploads\/2026\/01\/3-6.jpg 1000w\" sizes=\"(max-width: 640px) 100vw, 600px\" \/><\/a><\/span><\/div><\/div><\/div><div class=\"fusion-layout-column fusion_builder_column fusion-builder-column-5 fusion_builder_column_1_4 1_4 fusion-flex-column fusion-flex-align-self-flex-start fusion-animated\" style=\"--awb-bg-color:var(--awb-color2);--awb-bg-color-hover:var(--awb-color2);--awb-bg-size:cover;--awb-border-color:var(--awb-color7);--awb-border-top:0px;--awb-border-right:0px;--awb-border-bottom:0px;--awb-border-left:0px;--awb-border-style:solid;--awb-width-large:25%;--awb-margin-top-large:0px;--awb-spacing-right-large:0px;--awb-margin-bottom-large:0px;--awb-spacing-left-large:0px;--awb-width-medium:25%;--awb-order-medium:0;--awb-spacing-right-medium:0px;--awb-spacing-left-medium:0px;--awb-width-small:100%;--awb-order-small:0;--awb-spacing-right-small:0px;--awb-spacing-left-small:0px;\" data-animationType=\"fadeIn\" data-animationDuration=\"0.5\" data-animationDelay=\"0.4\" data-animationOffset=\"top-into-view\" data-scroll-devices=\"small-visibility,medium-visibility,large-visibility\"><div class=\"fusion-column-wrapper fusion-column-has-shadow fusion-flex-justify-content-flex-start fusion-content-layout-column\"><div class=\"fusion-image-element \" style=\"--awb-caption-title-font-family:var(--h2_typography-font-family);--awb-caption-title-font-weight:var(--h2_typography-font-weight);--awb-caption-title-font-style:var(--h2_typography-font-style);--awb-caption-title-size:var(--h2_typography-font-size);--awb-caption-title-transform:var(--h2_typography-text-transform);--awb-caption-title-line-height:var(--h2_typography-line-height);--awb-caption-title-letter-spacing:var(--h2_typography-letter-spacing);\"><span class=\" fusion-imageframe imageframe-none imageframe-5 hover-type-none\"><a class=\"fusion-no-lightbox\" href=\"https:\/\/scarpa.com\/products\/ribelle-tech-3-hd-the-fast-and-light-alpinism-boot-71074-250-1\" target=\"_blank\" aria-label=\"pulgar cuadrado\" rel=\"noopener noreferrer\"><img decoding=\"async\" width=\"1000\" height=\"1000\" src=\"https:\/\/www.hdry.com\/wp-content\/uploads\/2026\/01\/4-5.jpg\" alt class=\"img-responsive wp-image-8457\" srcset=\"https:\/\/www.hdry.com\/wp-content\/uploads\/2026\/01\/4-5-200x200.jpg 200w, https:\/\/www.hdry.com\/wp-content\/uploads\/2026\/01\/4-5-400x400.jpg 400w, https:\/\/www.hdry.com\/wp-content\/uploads\/2026\/01\/4-5-600x600.jpg 600w, https:\/\/www.hdry.com\/wp-content\/uploads\/2026\/01\/4-5-800x800.jpg 800w, https:\/\/www.hdry.com\/wp-content\/uploads\/2026\/01\/4-5.jpg 1000w\" sizes=\"(max-width: 640px) 100vw, 600px\" \/><\/a><\/span><\/div><\/div><\/div><div class=\"fusion-layout-column fusion_builder_column fusion-builder-column-6 fusion_builder_column_1_4 1_4 fusion-flex-column fusion-flex-align-self-flex-start fusion-animated\" style=\"--awb-bg-color:var(--awb-color2);--awb-bg-color-hover:var(--awb-color2);--awb-bg-size:cover;--awb-border-color:var(--awb-color7);--awb-border-top:0px;--awb-border-right:0px;--awb-border-bottom:0px;--awb-border-left:0px;--awb-border-style:solid;--awb-width-large:25%;--awb-margin-top-large:0px;--awb-spacing-right-large:0px;--awb-margin-bottom-large:0px;--awb-spacing-left-large:0px;--awb-width-medium:25%;--awb-order-medium:0;--awb-spacing-right-medium:0px;--awb-spacing-left-medium:0px;--awb-width-small:100%;--awb-order-small:0;--awb-spacing-right-small:0px;--awb-spacing-left-small:0px;\" data-animationType=\"fadeIn\" data-animationDuration=\"0.5\" data-animationDelay=\"0.4\" data-animationOffset=\"top-into-view\" data-scroll-devices=\"small-visibility,medium-visibility,large-visibility\"><div class=\"fusion-column-wrapper fusion-column-has-shadow fusion-flex-justify-content-flex-start fusion-content-layout-column\"><div class=\"fusion-image-element \" style=\"--awb-caption-title-font-family:var(--h2_typography-font-family);--awb-caption-title-font-weight:var(--h2_typography-font-weight);--awb-caption-title-font-style:var(--h2_typography-font-style);--awb-caption-title-size:var(--h2_typography-font-size);--awb-caption-title-transform:var(--h2_typography-text-transform);--awb-caption-title-line-height:var(--h2_typography-line-height);--awb-caption-title-letter-spacing:var(--h2_typography-letter-spacing);\"><span class=\" fusion-imageframe imageframe-none imageframe-6 hover-type-none\"><a class=\"fusion-no-lightbox\" href=\"https:\/\/scarpa.com\/products\/ribelle-hd-lightweight-boot-for-fast-mountaineering-71088-250-6\" target=\"_blank\" aria-label=\"pulgar cuadrado\" rel=\"noopener noreferrer\"><img decoding=\"async\" width=\"1000\" height=\"1000\" src=\"https:\/\/www.hdry.com\/wp-content\/uploads\/2026\/01\/5-4.jpg\" alt class=\"img-responsive wp-image-8514\" srcset=\"https:\/\/www.hdry.com\/wp-content\/uploads\/2026\/01\/5-4-200x200.jpg 200w, https:\/\/www.hdry.com\/wp-content\/uploads\/2026\/01\/5-4-400x400.jpg 400w, https:\/\/www.hdry.com\/wp-content\/uploads\/2026\/01\/5-4-600x600.jpg 600w, https:\/\/www.hdry.com\/wp-content\/uploads\/2026\/01\/5-4-800x800.jpg 800w, https:\/\/www.hdry.com\/wp-content\/uploads\/2026\/01\/5-4.jpg 1000w\" sizes=\"(max-width: 640px) 100vw, 600px\" \/><\/a><\/span><\/div><\/div><\/div><div class=\"fusion-layout-column fusion_builder_column fusion-builder-column-7 fusion_builder_column_1_4 1_4 fusion-flex-column fusion-flex-align-self-flex-start fusion-animated\" style=\"--awb-bg-color:var(--awb-color2);--awb-bg-color-hover:var(--awb-color2);--awb-bg-size:cover;--awb-border-color:var(--awb-color7);--awb-border-top:0px;--awb-border-right:0px;--awb-border-bottom:0px;--awb-border-left:0px;--awb-border-style:solid;--awb-width-large:25%;--awb-margin-top-large:0px;--awb-spacing-right-large:0px;--awb-margin-bottom-large:0px;--awb-spacing-left-large:0px;--awb-width-medium:25%;--awb-order-medium:0;--awb-spacing-right-medium:0px;--awb-spacing-left-medium:0px;--awb-width-small:100%;--awb-order-small:0;--awb-spacing-right-small:0px;--awb-spacing-left-small:0px;\" data-animationType=\"fadeIn\" data-animationDuration=\"0.5\" data-animationDelay=\"0.4\" data-animationOffset=\"top-into-view\" data-scroll-devices=\"small-visibility,medium-visibility,large-visibility\"><div class=\"fusion-column-wrapper fusion-column-has-shadow fusion-flex-justify-content-flex-start fusion-content-layout-column\"><div class=\"fusion-image-element \" style=\"--awb-caption-title-font-family:var(--h2_typography-font-family);--awb-caption-title-font-weight:var(--h2_typography-font-weight);--awb-caption-title-font-style:var(--h2_typography-font-style);--awb-caption-title-size:var(--h2_typography-font-size);--awb-caption-title-transform:var(--h2_typography-text-transform);--awb-caption-title-line-height:var(--h2_typography-line-height);--awb-caption-title-letter-spacing:var(--h2_typography-letter-spacing);\"><span class=\" fusion-imageframe imageframe-none imageframe-7 hover-type-none\"><a class=\"fusion-no-lightbox\" href=\"https:\/\/scarpa.com\/products\/ribelle-hd-woman-lightweight-boot-for-fast-mountaineering-71088-252-5\" target=\"_blank\" aria-label=\"pulgar cuadrado\" rel=\"noopener noreferrer\"><img decoding=\"async\" width=\"1000\" height=\"1000\" src=\"https:\/\/www.hdry.com\/wp-content\/uploads\/2026\/01\/6-3.jpg\" alt class=\"img-responsive wp-image-8515\" srcset=\"https:\/\/www.hdry.com\/wp-content\/uploads\/2026\/01\/6-3-200x200.jpg 200w, https:\/\/www.hdry.com\/wp-content\/uploads\/2026\/01\/6-3-400x400.jpg 400w, https:\/\/www.hdry.com\/wp-content\/uploads\/2026\/01\/6-3-600x600.jpg 600w, https:\/\/www.hdry.com\/wp-content\/uploads\/2026\/01\/6-3-800x800.jpg 800w, https:\/\/www.hdry.com\/wp-content\/uploads\/2026\/01\/6-3.jpg 1000w\" sizes=\"(max-width: 640px) 100vw, 600px\" \/><\/a><\/span><\/div><\/div><\/div><div class=\"fusion-layout-column fusion_builder_column fusion-builder-column-8 fusion_builder_column_1_4 1_4 fusion-flex-column fusion-flex-align-self-flex-start fusion-animated\" style=\"--awb-bg-color:var(--awb-color2);--awb-bg-color-hover:var(--awb-color2);--awb-bg-size:cover;--awb-border-color:var(--awb-color7);--awb-border-top:0px;--awb-border-right:0px;--awb-border-bottom:0px;--awb-border-left:0px;--awb-border-style:solid;--awb-width-large:25%;--awb-margin-top-large:0px;--awb-spacing-right-large:0px;--awb-margin-bottom-large:0px;--awb-spacing-left-large:0px;--awb-width-medium:25%;--awb-order-medium:0;--awb-spacing-right-medium:0px;--awb-spacing-left-medium:0px;--awb-width-small:100%;--awb-order-small:0;--awb-spacing-right-small:0px;--awb-spacing-left-small:0px;\" data-animationType=\"fadeIn\" data-animationDuration=\"0.5\" data-animationDelay=\"0.4\" data-animationOffset=\"top-into-view\" data-scroll-devices=\"small-visibility,medium-visibility,large-visibility\"><div class=\"fusion-column-wrapper fusion-column-has-shadow fusion-flex-justify-content-flex-start fusion-content-layout-column\"><div class=\"fusion-image-element \" style=\"--awb-caption-title-font-family:var(--h2_typography-font-family);--awb-caption-title-font-weight:var(--h2_typography-font-weight);--awb-caption-title-font-style:var(--h2_typography-font-style);--awb-caption-title-size:var(--h2_typography-font-size);--awb-caption-title-transform:var(--h2_typography-text-transform);--awb-caption-title-line-height:var(--h2_typography-line-height);--awb-caption-title-letter-spacing:var(--h2_typography-letter-spacing);\"><span class=\" fusion-imageframe imageframe-none imageframe-8 hover-type-none\"><a class=\"fusion-no-lightbox\" href=\"https:\/\/scarpa.com\/products\/ribelle-lite-hd-lightweight-boot-for-fast-mountaineering-71089-250-5\" target=\"_blank\" aria-label=\"pulgar cuadrado\" rel=\"noopener noreferrer\"><img decoding=\"async\" width=\"1000\" height=\"1000\" src=\"https:\/\/www.hdry.com\/wp-content\/uploads\/2026\/01\/7-1.jpg\" alt class=\"img-responsive wp-image-8516\" srcset=\"https:\/\/www.hdry.com\/wp-content\/uploads\/2026\/01\/7-1-200x200.jpg 200w, https:\/\/www.hdry.com\/wp-content\/uploads\/2026\/01\/7-1-400x400.jpg 400w, https:\/\/www.hdry.com\/wp-content\/uploads\/2026\/01\/7-1-600x600.jpg 600w, https:\/\/www.hdry.com\/wp-content\/uploads\/2026\/01\/7-1-800x800.jpg 800w, https:\/\/www.hdry.com\/wp-content\/uploads\/2026\/01\/7-1.jpg 1000w\" sizes=\"(max-width: 640px) 100vw, 600px\" \/><\/a><\/span><\/div><\/div><\/div><div class=\"fusion-layout-column fusion_builder_column fusion-builder-column-9 fusion_builder_column_1_4 1_4 fusion-flex-column fusion-flex-align-self-flex-start fusion-animated\" style=\"--awb-bg-color:var(--awb-color2);--awb-bg-color-hover:var(--awb-color2);--awb-bg-size:cover;--awb-border-color:var(--awb-color7);--awb-border-top:0px;--awb-border-right:0px;--awb-border-bottom:0px;--awb-border-left:0px;--awb-border-style:solid;--awb-width-large:25%;--awb-margin-top-large:0px;--awb-spacing-right-large:0px;--awb-margin-bottom-large:0px;--awb-spacing-left-large:0px;--awb-width-medium:25%;--awb-order-medium:0;--awb-spacing-right-medium:0px;--awb-spacing-left-medium:0px;--awb-width-small:100%;--awb-order-small:0;--awb-spacing-right-small:0px;--awb-spacing-left-small:0px;\" data-animationType=\"fadeIn\" data-animationDuration=\"0.5\" data-animationDelay=\"0.4\" data-animationOffset=\"top-into-view\" data-scroll-devices=\"small-visibility,medium-visibility,large-visibility\"><div class=\"fusion-column-wrapper fusion-column-has-shadow fusion-flex-justify-content-flex-start fusion-content-layout-column\"><div class=\"fusion-image-element \" style=\"--awb-caption-title-font-family:var(--h2_typography-font-family);--awb-caption-title-font-weight:var(--h2_typography-font-weight);--awb-caption-title-font-style:var(--h2_typography-font-style);--awb-caption-title-size:var(--h2_typography-font-size);--awb-caption-title-transform:var(--h2_typography-text-transform);--awb-caption-title-line-height:var(--h2_typography-line-height);--awb-caption-title-letter-spacing:var(--h2_typography-letter-spacing);\"><span class=\" fusion-imageframe imageframe-none imageframe-9 hover-type-none\"><a class=\"fusion-no-lightbox\" href=\"https:\/\/scarpa.com\/products\/ribelle-lite-hd-woman-lightweight-boot-for-fast-mountaineering-71089-252-5\" target=\"_blank\" aria-label=\"pulgar cuadrado\" rel=\"noopener noreferrer\"><img decoding=\"async\" width=\"1000\" height=\"1000\" src=\"https:\/\/www.hdry.com\/wp-content\/uploads\/2026\/01\/8-1.jpg\" alt class=\"img-responsive wp-image-8517\" srcset=\"https:\/\/www.hdry.com\/wp-content\/uploads\/2026\/01\/8-1-200x200.jpg 200w, https:\/\/www.hdry.com\/wp-content\/uploads\/2026\/01\/8-1-400x400.jpg 400w, https:\/\/www.hdry.com\/wp-content\/uploads\/2026\/01\/8-1-600x600.jpg 600w, https:\/\/www.hdry.com\/wp-content\/uploads\/2026\/01\/8-1-800x800.jpg 800w, https:\/\/www.hdry.com\/wp-content\/uploads\/2026\/01\/8-1.jpg 1000w\" sizes=\"(max-width: 640px) 100vw, 600px\" \/><\/a><\/span><\/div><\/div><\/div><\/div><\/div><\/p>\n","protected":false},"excerpt":{"rendered":"","protected":false},"author":1,"featured_media":0,"parent":0,"menu_order":0,"comment_status":"closed","ping_status":"closed","template":"100-width.php","meta":{"footnotes":""},"class_list":["post-5093","page","type-page","status-publish","hentry"],"_links":{"self":[{"href":"https:\/\/www.hdry.com\/es\/wp-json\/wp\/v2\/pages\/5093","targetHints":{"allow":["GET"]}}],"collection":[{"href":"https:\/\/www.hdry.com\/es\/wp-json\/wp\/v2\/pages"}],"about":[{"href":"https:\/\/www.hdry.com\/es\/wp-json\/wp\/v2\/types\/page"}],"author":[{"embeddable":true,"href":"https:\/\/www.hdry.com\/es\/wp-json\/wp\/v2\/users\/1"}],"replies":[{"embeddable":true,"href":"https:\/\/www.hdry.com\/es\/wp-json\/wp\/v2\/comments?post=5093"}],"version-history":[{"count":0,"href":"https:\/\/www.hdry.com\/es\/wp-json\/wp\/v2\/pages\/5093\/revisions"}],"wp:attachment":[{"href":"https:\/\/www.hdry.com\/es\/wp-json\/wp\/v2\/media?parent=5093"}],"curies":[{"name":"wp","href":"https:\/\/api.w.org\/{rel}","templated":true}]}}