{"id":1866,"date":"2025-07-30T12:52:05","date_gmt":"2025-07-30T12:52:05","guid":{"rendered":"https:\/\/www.hdry.com\/notre-histoire\/"},"modified":"2025-12-04T13:44:34","modified_gmt":"2025-12-04T13:44:34","slug":"notre-histoire","status":"publish","type":"page","link":"https:\/\/www.hdry.com\/fr\/notre-histoire\/","title":{"rendered":"Notre Histoire"},"content":{"rendered":"<p><div class=\"fusion-fullwidth fullwidth-box fusion-builder-row-1 fusion-flex-container has-pattern-background has-mask-background nonhundred-percent-fullwidth non-hundred-percent-height-scrolling\" style=\"--awb-border-radius-top-left:0px;--awb-border-radius-top-right:0px;--awb-border-radius-bottom-right:0px;--awb-border-radius-bottom-left:0px;--awb-padding-top:30px;--awb-padding-right:50px;--awb-padding-bottom:30px;--awb-padding-left:50px;--awb-margin-top:40px;--awb-flex-wrap:wrap;\" ><div class=\"fusion-builder-row fusion-row fusion-flex-align-items-flex-start fusion-flex-content-wrap\" style=\"max-width:1872px;margin-left: calc(-4% \/ 2 );margin-right: calc(-4% \/ 2 );\"><div class=\"fusion-layout-column fusion_builder_column fusion-builder-column-0 fusion_builder_column_1_3 1_3 fusion-flex-column fusion-animated\" style=\"--awb-bg-color:var(--awb-color2);--awb-bg-color-hover:var(--awb-color2);--awb-bg-size:cover;--awb-border-color:var(--awb-color5);--awb-border-top:0px;--awb-border-right:0px;--awb-border-bottom:0px;--awb-border-left:0px;--awb-border-style:solid;--awb-width-large:33.333333333333%;--awb-margin-top-large:0px;--awb-spacing-right-large:5.76%;--awb-margin-bottom-large:20px;--awb-spacing-left-large:5.76%;--awb-width-medium:33.333333333333%;--awb-order-medium:0;--awb-spacing-right-medium:5.76%;--awb-spacing-left-medium:5.76%;--awb-width-small:100%;--awb-order-small:0;--awb-spacing-right-small:1.92%;--awb-spacing-left-small:1.92%;\" data-animationType=\"fadeIn\" data-animationDuration=\"0.5\" data-animationDelay=\"0.4\" data-animationOffset=\"top-into-view\" data-scroll-devices=\"small-visibility,medium-visibility,large-visibility\"><div class=\"fusion-column-wrapper fusion-column-has-shadow fusion-flex-justify-content-flex-start fusion-content-layout-column\"><div class=\"fusion-image-element \" style=\"--awb-caption-title-color:var(--awb-color1);--awb-caption-overlay-color:rgba(193,197,200,0.4);--awb-caption-title-font-family:&quot;Graphik wide bold&quot;;--awb-caption-title-font-weight:400;--awb-caption-title-font-style:normal;--awb-caption-title-size:30px;--awb-caption-title-transform:var(--h1_typography-text-transform);--awb-caption-title-line-height:var(--h1_typography-line-height);--awb-caption-title-letter-spacing:var(--h1_typography-letter-spacing);\"><span class=\" fusion-imageframe imageframe-none imageframe-1 awb-imageframe-style awb-imageframe-style-schantel\"><img decoding=\"async\" width=\"680\" height=\"525\" alt=\"2006\" title=\"2006\" src=\"https:\/\/www.hdry.com\/wp-content\/uploads\/2025\/07\/2006.jpg\" class=\"img-responsive wp-image-1867\" srcset=\"https:\/\/www.hdry.com\/wp-content\/uploads\/2025\/07\/2006-200x154.jpg 200w, https:\/\/www.hdry.com\/wp-content\/uploads\/2025\/07\/2006-400x309.jpg 400w, https:\/\/www.hdry.com\/wp-content\/uploads\/2025\/07\/2006-600x463.jpg 600w, https:\/\/www.hdry.com\/wp-content\/uploads\/2025\/07\/2006.jpg 680w\" sizes=\"(max-width: 640px) 100vw, 600px\" \/><div class=\"awb-imageframe-caption-container\"><div class=\"awb-imageframe-caption\"><h1 class=\"awb-imageframe-caption-title\">2006<\/h1><\/div><\/div><\/span><\/div><\/div><\/div><div class=\"fusion-layout-column fusion_builder_column fusion-builder-column-1 fusion_builder_column_2_3 2_3 fusion-flex-column fusion-flex-align-self-center\" style=\"--awb-bg-size:cover;--awb-width-large:66.666666666667%;--awb-margin-top-large:0px;--awb-spacing-right-large:2.88%;--awb-margin-bottom-large:20px;--awb-spacing-left-large:2.88%;--awb-width-medium:66.666666666667%;--awb-order-medium:0;--awb-spacing-right-medium:2.88%;--awb-spacing-left-medium:2.88%;--awb-width-small:100%;--awb-order-small:0;--awb-spacing-right-small:1.92%;--awb-spacing-left-small:1.92%;\" data-scroll-devices=\"small-visibility,medium-visibility,large-visibility\"><div class=\"fusion-column-wrapper fusion-column-has-shadow fusion-flex-justify-content-flex-start fusion-content-layout-column\"><div class=\"fusion-text fusion-text-1\" style=\"--awb-font-size:16px;--awb-margin-top:0px;--awb-margin-right:0px;--awb-margin-left:0px;\"><p>HDry est la technologie la plus avanc\u00e9e pour l&rsquo;imperm\u00e9abilisation des produits outdoor gr\u00e2ce \u00e0 la lamination directe d&rsquo;une membrane imperm\u00e9able\/respirante.<\/p>\n<p>HDry renforce le d\u00e9veloppement technologique que ses fondateurs ont initi\u00e9 en 2006 lorsqu&rsquo;ils ont cr\u00e9\u00e9 la technologie et la marque OutDry.<\/p>\n<\/div><\/div><\/div><\/div><\/div><div class=\"fusion-fullwidth fullwidth-box fusion-builder-row-2 fusion-flex-container has-pattern-background has-mask-background nonhundred-percent-fullwidth non-hundred-percent-height-scrolling\" style=\"--awb-border-radius-top-left:0px;--awb-border-radius-top-right:0px;--awb-border-radius-bottom-right:0px;--awb-border-radius-bottom-left:0px;--awb-padding-top:50px;--awb-padding-right:50px;--awb-padding-bottom:30px;--awb-padding-left:50px;--awb-background-color:var(--awb-color2);--awb-flex-wrap:wrap;\" ><div class=\"fusion-builder-row fusion-row fusion-flex-align-items-flex-start fusion-flex-content-wrap\" style=\"max-width:1872px;margin-left: calc(-4% \/ 2 );margin-right: calc(-4% \/ 2 );\"><div class=\"fusion-layout-column fusion_builder_column fusion-builder-column-2 fusion_builder_column_1_3 1_3 fusion-flex-column fusion-animated\" style=\"--awb-overflow:hidden;--awb-bg-color:var(--awb-color2);--awb-bg-color-hover:var(--awb-color2);--awb-bg-size:cover;--awb-border-color:var(--awb-color7);--awb-border-top:0px;--awb-border-right:0px;--awb-border-bottom:0px;--awb-border-left:0px;--awb-border-style:solid;--awb-border-radius:9px 9px 9px 9px;--awb-width-large:33.333333333333%;--awb-margin-top-large:0px;--awb-spacing-right-large:5.76%;--awb-margin-bottom-large:20px;--awb-spacing-left-large:5.76%;--awb-width-medium:33.333333333333%;--awb-order-medium:0;--awb-spacing-right-medium:5.76%;--awb-spacing-left-medium:5.76%;--awb-width-small:100%;--awb-order-small:0;--awb-spacing-right-small:1.92%;--awb-spacing-left-small:1.92%;\" data-animationType=\"fadeIn\" data-animationDuration=\"0.5\" data-animationDelay=\"0.4\" data-animationOffset=\"top-into-view\" data-scroll-devices=\"small-visibility,medium-visibility,large-visibility\"><div class=\"fusion-column-wrapper fusion-column-has-shadow fusion-flex-justify-content-flex-start fusion-content-layout-column\"><div class=\"fusion-image-element \" style=\"--awb-caption-title-color:#979a9e;--awb-caption-overlay-color:rgba(193,197,200,0.4);--awb-caption-title-font-family:&quot;Graphik wide bold&quot;;--awb-caption-title-font-weight:400;--awb-caption-title-font-style:normal;--awb-caption-title-size:30px;--awb-caption-title-transform:var(--h1_typography-text-transform);--awb-caption-title-line-height:var(--h1_typography-line-height);--awb-caption-title-letter-spacing:var(--h1_typography-letter-spacing);\"><span class=\" fusion-imageframe imageframe-none imageframe-2 awb-imageframe-style awb-imageframe-style-schantel\"><img decoding=\"async\" width=\"680\" height=\"525\" alt=\"2008\" title=\"2008\" src=\"https:\/\/www.hdry.com\/wp-content\/uploads\/2025\/07\/2008.jpg\" class=\"img-responsive wp-image-1868\" srcset=\"https:\/\/www.hdry.com\/wp-content\/uploads\/2025\/07\/2008-200x154.jpg 200w, https:\/\/www.hdry.com\/wp-content\/uploads\/2025\/07\/2008-400x309.jpg 400w, https:\/\/www.hdry.com\/wp-content\/uploads\/2025\/07\/2008-600x463.jpg 600w, https:\/\/www.hdry.com\/wp-content\/uploads\/2025\/07\/2008.jpg 680w\" sizes=\"(max-width: 640px) 100vw, 600px\" \/><div class=\"awb-imageframe-caption-container\"><div class=\"awb-imageframe-caption\"><h1 class=\"awb-imageframe-caption-title\">2008<\/h1><\/div><\/div><\/span><\/div><\/div><\/div><div class=\"fusion-layout-column fusion_builder_column fusion-builder-column-3 fusion_builder_column_2_3 2_3 fusion-flex-column fusion-flex-align-self-center\" style=\"--awb-bg-size:cover;--awb-width-large:66.666666666667%;--awb-margin-top-large:0px;--awb-spacing-right-large:2.88%;--awb-margin-bottom-large:20px;--awb-spacing-left-large:2.88%;--awb-width-medium:66.666666666667%;--awb-order-medium:0;--awb-spacing-right-medium:2.88%;--awb-spacing-left-medium:2.88%;--awb-width-small:100%;--awb-order-small:0;--awb-spacing-right-small:1.92%;--awb-spacing-left-small:1.92%;\" data-scroll-devices=\"small-visibility,medium-visibility,large-visibility\"><div class=\"fusion-column-wrapper fusion-column-has-shadow fusion-flex-justify-content-flex-start fusion-content-layout-column\"><div class=\"fusion-text fusion-text-2\" style=\"--awb-font-size:16px;--awb-margin-top:0px;--awb-margin-right:0px;--awb-margin-left:0px;\"><p>Ils ont \u00e9t\u00e9 les tout premiers \u00e0 introduire le processus de lamination directe, tridimensionnelle, d&rsquo;une membrane sur une tige de chaussure outdoor, remportant ainsi le prestigieux prix ISPO \u00ab ECO DESIGN \u2013 FORM FOLLOW SUSTAINABILITY \u00bb en 2008.<\/p>\n<p>La marque \u00ab HDry \u00bb d\u00e9rive du symbole chimique de l&rsquo;hydrog\u00e8ne H, associ\u00e9 au mot \u00ab Dry \u00bb, et signifie l&rsquo;affinit\u00e9 entre cette technologie et l&rsquo;eau. En effet, la technologie HDry interagit avec l&rsquo;eau de multiples fa\u00e7ons, agissant parfois comme un \u00e9l\u00e9ment protecteur (contre la pluie, la neige ou la glace), parfois comme un conduit (permettant \u00e0 la transpiration de s&rsquo;\u00e9vaporer), tout en pr\u00e9servant l&rsquo;eau d&rsquo;un point de vue environnemental.<\/p>\n<\/div><\/div><\/div><\/div><\/div><div class=\"fusion-fullwidth fullwidth-box fusion-builder-row-3 fusion-flex-container has-pattern-background has-mask-background nonhundred-percent-fullwidth non-hundred-percent-height-scrolling\" style=\"--awb-border-radius-top-left:0px;--awb-border-radius-top-right:0px;--awb-border-radius-bottom-right:0px;--awb-border-radius-bottom-left:0px;--awb-padding-top:50px;--awb-padding-right:50px;--awb-padding-bottom:30px;--awb-padding-left:50px;--awb-flex-wrap:wrap;\" ><div class=\"fusion-builder-row fusion-row fusion-flex-align-items-flex-start fusion-flex-content-wrap\" style=\"max-width:1872px;margin-left: calc(-4% \/ 2 );margin-right: calc(-4% \/ 2 );\"><div class=\"fusion-layout-column fusion_builder_column fusion-builder-column-4 fusion_builder_column_1_3 1_3 fusion-flex-column fusion-animated\" style=\"--awb-bg-color:var(--awb-color2);--awb-bg-color-hover:var(--awb-color2);--awb-bg-size:cover;--awb-border-color:var(--awb-color4);--awb-border-top:0px;--awb-border-right:0px;--awb-border-bottom:0px;--awb-border-left:0px;--awb-border-style:solid;--awb-width-large:33.333333333333%;--awb-margin-top-large:0px;--awb-spacing-right-large:5.76%;--awb-margin-bottom-large:20px;--awb-spacing-left-large:5.76%;--awb-width-medium:33.333333333333%;--awb-order-medium:0;--awb-spacing-right-medium:5.76%;--awb-spacing-left-medium:5.76%;--awb-width-small:100%;--awb-order-small:0;--awb-spacing-right-small:1.92%;--awb-spacing-left-small:1.92%;\" data-animationType=\"fadeIn\" data-animationDuration=\"0.5\" data-animationDelay=\"0.4\" data-animationOffset=\"top-into-view\" data-scroll-devices=\"small-visibility,medium-visibility,large-visibility\"><div class=\"fusion-column-wrapper fusion-column-has-shadow fusion-flex-justify-content-flex-start fusion-content-layout-column\"><div class=\"fusion-image-element \" style=\"--awb-caption-title-color:#686868;--awb-caption-overlay-color:rgba(193,197,200,0.35);--awb-caption-title-font-family:&quot;Graphik wide bold&quot;;--awb-caption-title-font-weight:400;--awb-caption-title-font-style:normal;--awb-caption-title-size:30px;--awb-caption-title-transform:var(--h1_typography-text-transform);--awb-caption-title-line-height:var(--h1_typography-line-height);--awb-caption-title-letter-spacing:var(--h1_typography-letter-spacing);\"><span class=\" fusion-imageframe imageframe-none imageframe-3 awb-imageframe-style awb-imageframe-style-schantel\"><img decoding=\"async\" width=\"680\" height=\"525\" alt=\"2012\" title=\"2012\" src=\"https:\/\/www.hdry.com\/wp-content\/uploads\/2025\/07\/2012.jpg\" class=\"img-responsive wp-image-1869\" srcset=\"https:\/\/www.hdry.com\/wp-content\/uploads\/2025\/07\/2012-200x154.jpg 200w, https:\/\/www.hdry.com\/wp-content\/uploads\/2025\/07\/2012-400x309.jpg 400w, https:\/\/www.hdry.com\/wp-content\/uploads\/2025\/07\/2012-600x463.jpg 600w, https:\/\/www.hdry.com\/wp-content\/uploads\/2025\/07\/2012.jpg 680w\" sizes=\"(max-width: 640px) 100vw, 600px\" \/><div class=\"awb-imageframe-caption-container\"><div class=\"awb-imageframe-caption\"><h1 class=\"awb-imageframe-caption-title\">2012<\/h1><\/div><\/div><\/span><\/div><\/div><\/div><div class=\"fusion-layout-column fusion_builder_column fusion-builder-column-5 fusion_builder_column_2_3 2_3 fusion-flex-column fusion-flex-align-self-center\" style=\"--awb-bg-size:cover;--awb-width-large:66.666666666667%;--awb-margin-top-large:0px;--awb-spacing-right-large:2.88%;--awb-margin-bottom-large:20px;--awb-spacing-left-large:2.88%;--awb-width-medium:66.666666666667%;--awb-order-medium:0;--awb-spacing-right-medium:2.88%;--awb-spacing-left-medium:2.88%;--awb-width-small:100%;--awb-order-small:0;--awb-spacing-right-small:1.92%;--awb-spacing-left-small:1.92%;\" data-scroll-devices=\"small-visibility,medium-visibility,large-visibility\"><div class=\"fusion-column-wrapper fusion-column-has-shadow fusion-flex-justify-content-flex-start fusion-content-layout-column\"><div class=\"fusion-text fusion-text-3\" style=\"--awb-font-size:16px;--awb-margin-top:0px;--awb-margin-right:0px;--awb-margin-left:0px;\"><p>L&rsquo;intuition qui a orient\u00e9 le d\u00e9veloppement technologique d&rsquo;HDry est simple. Depuis de nombreuses ann\u00e9es et encore aujourd&rsquo;hui, le processus par lequel la plupart des chaussures imperm\u00e9ables sont construites implique l&rsquo;utilisation d&rsquo;une membrane sous forme de chausson (le \u00ab bootie \u00bb) qui est ins\u00e9r\u00e9 dans la chaussure et s\u00e9par\u00e9 de la tige proprement dite.<\/p>\n<p>Le \u00ab bootie \u00bb est simple et peu co\u00fbteux \u00e0 fabriquer d&rsquo;un point de vue industriel, mais il offre de faibles performances et pr\u00e9sente de nombreux inconv\u00e9nients. Le plus grave d&rsquo;entre eux est li\u00e9 au fait que l&rsquo;eau (provenant de la pluie, de la neige ou d&rsquo;un environnement humide) peut facilement p\u00e9n\u00e9trer et stagner dans l&rsquo;espace entre la tige et la membrane. Cela rend la chaussure plus lourde, limite la respirabilit\u00e9 et l&rsquo;isolation thermique, compromettant le confort.<\/p>\n<\/div><\/div><\/div><\/div><\/div><div class=\"fusion-fullwidth fullwidth-box fusion-builder-row-4 fusion-flex-container has-pattern-background has-mask-background nonhundred-percent-fullwidth non-hundred-percent-height-scrolling\" style=\"--awb-border-radius-top-left:0px;--awb-border-radius-top-right:0px;--awb-border-radius-bottom-right:0px;--awb-border-radius-bottom-left:0px;--awb-padding-top:50px;--awb-padding-right:50px;--awb-padding-bottom:30px;--awb-padding-left:50px;--awb-background-color:var(--awb-color2);--awb-flex-wrap:wrap;\" ><div class=\"fusion-builder-row fusion-row fusion-flex-align-items-flex-start fusion-flex-content-wrap\" style=\"max-width:1872px;margin-left: calc(-4% \/ 2 );margin-right: calc(-4% \/ 2 );\"><div class=\"fusion-layout-column fusion_builder_column fusion-builder-column-6 fusion_builder_column_1_3 1_3 fusion-flex-column fusion-animated\" style=\"--awb-bg-color:var(--awb-color2);--awb-bg-color-hover:var(--awb-color2);--awb-bg-size:cover;--awb-border-color:var(--awb-color4);--awb-border-top:0px;--awb-border-right:0px;--awb-border-bottom:0px;--awb-border-left:0px;--awb-border-style:solid;--awb-width-large:33.333333333333%;--awb-margin-top-large:0px;--awb-spacing-right-large:5.76%;--awb-margin-bottom-large:20px;--awb-spacing-left-large:5.76%;--awb-width-medium:33.333333333333%;--awb-order-medium:0;--awb-spacing-right-medium:5.76%;--awb-spacing-left-medium:5.76%;--awb-width-small:100%;--awb-order-small:0;--awb-spacing-right-small:1.92%;--awb-spacing-left-small:1.92%;\" data-animationType=\"fadeIn\" data-animationDuration=\"0.5\" data-animationDelay=\"0.4\" data-animationOffset=\"top-into-view\" data-scroll-devices=\"small-visibility,medium-visibility,large-visibility\"><div class=\"fusion-column-wrapper fusion-column-has-shadow fusion-flex-justify-content-flex-start fusion-content-layout-column\"><div class=\"fusion-image-element \" style=\"--awb-caption-title-color:#ffffff;--awb-caption-overlay-color:rgba(193,197,200,0.35);--awb-caption-title-font-family:&quot;Graphik wide bold&quot;;--awb-caption-title-font-weight:400;--awb-caption-title-font-style:normal;--awb-caption-title-size:30px;--awb-caption-title-transform:var(--h1_typography-text-transform);--awb-caption-title-line-height:var(--h1_typography-line-height);--awb-caption-title-letter-spacing:var(--h1_typography-letter-spacing);\"><span class=\" fusion-imageframe imageframe-none imageframe-4 awb-imageframe-style awb-imageframe-style-schantel\"><img decoding=\"async\" width=\"680\" height=\"525\" alt=\"2020\" title=\"2020\" src=\"https:\/\/www.hdry.com\/wp-content\/uploads\/2025\/07\/2020.jpg\" class=\"img-responsive wp-image-1870\" srcset=\"https:\/\/www.hdry.com\/wp-content\/uploads\/2025\/07\/2020-200x154.jpg 200w, https:\/\/www.hdry.com\/wp-content\/uploads\/2025\/07\/2020-400x309.jpg 400w, https:\/\/www.hdry.com\/wp-content\/uploads\/2025\/07\/2020-600x463.jpg 600w, https:\/\/www.hdry.com\/wp-content\/uploads\/2025\/07\/2020.jpg 680w\" sizes=\"(max-width: 640px) 100vw, 600px\" \/><div class=\"awb-imageframe-caption-container\"><div class=\"awb-imageframe-caption\"><h1 class=\"awb-imageframe-caption-title\">2020<\/h1><\/div><\/div><\/span><\/div><\/div><\/div><div class=\"fusion-layout-column fusion_builder_column fusion-builder-column-7 fusion_builder_column_2_3 2_3 fusion-flex-column fusion-flex-align-self-center\" style=\"--awb-bg-size:cover;--awb-width-large:66.666666666667%;--awb-margin-top-large:0px;--awb-spacing-right-large:2.88%;--awb-margin-bottom-large:20px;--awb-spacing-left-large:2.88%;--awb-width-medium:66.666666666667%;--awb-order-medium:0;--awb-spacing-right-medium:2.88%;--awb-spacing-left-medium:2.88%;--awb-width-small:100%;--awb-order-small:0;--awb-spacing-right-small:1.92%;--awb-spacing-left-small:1.92%;\" data-scroll-devices=\"small-visibility,medium-visibility,large-visibility\"><div class=\"fusion-column-wrapper fusion-column-has-shadow fusion-flex-justify-content-flex-start fusion-content-layout-column\"><div class=\"fusion-text fusion-text-4\" style=\"--awb-font-size:16px;--awb-margin-top:0px;--awb-margin-right:0px;--awb-margin-left:0px;\"><p>Trouver une solution \u00e0 ces probl\u00e8mes est ce qui a inspir\u00e9 le d\u00e9veloppement de la technologie HDry. En utilisant la technologie HDry, la membrane est lamin\u00e9e directement sur la surface interne de la tige, d\u00e9j\u00e0 cousue et compl\u00e8te avec crochets et \u0153illets, dans une v\u00e9ritable conformation 3D.<\/p>\n<p>Au moyen d&rsquo;une machine de lamination brevet\u00e9e, d\u00e9riv\u00e9e de l&rsquo;industrie de construction a\u00e9rospatiale, la membrane imperm\u00e9able est fermement li\u00e9e au mat\u00e9riau interne de la tige, scellant en une seule \u00e9tape les mat\u00e9riaux, les coutures et tout autre point d&rsquo;entr\u00e9e potentiel. Cela garantit que l&rsquo;eau ne peut pas p\u00e9n\u00e9trer dans l&rsquo;espace entre la tige et la membrane, et que la chaussure reste toujours l\u00e9g\u00e8re et s\u00e8che dans toutes les conditions m\u00e9t\u00e9orologiques.<\/p>\n<p>Il est important de noter que l&rsquo;innovation technologique ne r\u00e9side pas dans la membrane, mais plut\u00f4t dans la fa\u00e7on dont la chaussure est construite, sp\u00e9cifiquement le processus de lamination de la membrane \u00e0 la tige.<br \/>\nLa membrane peut donc \u00eatre choisie selon le type d&rsquo;utilisation finale, en utilisant des crit\u00e8res tels que la performance, l&rsquo;efficacit\u00e9 et, surtout, la durabilit\u00e9.<\/p>\n<\/div><\/div><\/div><\/div><\/div><\/p>\n","protected":false},"excerpt":{"rendered":"","protected":false},"author":1,"featured_media":0,"parent":0,"menu_order":0,"comment_status":"closed","ping_status":"closed","template":"100-width.php","meta":{"footnotes":""},"class_list":["post-1866","page","type-page","status-publish","hentry"],"_links":{"self":[{"href":"https:\/\/www.hdry.com\/fr\/wp-json\/wp\/v2\/pages\/1866","targetHints":{"allow":["GET"]}}],"collection":[{"href":"https:\/\/www.hdry.com\/fr\/wp-json\/wp\/v2\/pages"}],"about":[{"href":"https:\/\/www.hdry.com\/fr\/wp-json\/wp\/v2\/types\/page"}],"author":[{"embeddable":true,"href":"https:\/\/www.hdry.com\/fr\/wp-json\/wp\/v2\/users\/1"}],"replies":[{"embeddable":true,"href":"https:\/\/www.hdry.com\/fr\/wp-json\/wp\/v2\/comments?post=1866"}],"version-history":[{"count":0,"href":"https:\/\/www.hdry.com\/fr\/wp-json\/wp\/v2\/pages\/1866\/revisions"}],"wp:attachment":[{"href":"https:\/\/www.hdry.com\/fr\/wp-json\/wp\/v2\/media?parent=1866"}],"curies":[{"name":"wp","href":"https:\/\/api.w.org\/{rel}","templated":true}]}}