{"id":2942,"date":"2025-07-30T12:52:05","date_gmt":"2025-07-30T12:52:05","guid":{"rendered":"https:\/\/www.hdry.com\/la-nostra-storia\/"},"modified":"2025-12-04T16:12:13","modified_gmt":"2025-12-04T16:12:13","slug":"la-nostra-storia","status":"publish","type":"page","link":"https:\/\/www.hdry.com\/it\/la-nostra-storia\/","title":{"rendered":"LA NOSTRA STORIA"},"content":{"rendered":"<p><div class=\"fusion-fullwidth fullwidth-box fusion-builder-row-1 fusion-flex-container has-pattern-background has-mask-background nonhundred-percent-fullwidth non-hundred-percent-height-scrolling\" style=\"--awb-border-radius-top-left:0px;--awb-border-radius-top-right:0px;--awb-border-radius-bottom-right:0px;--awb-border-radius-bottom-left:0px;--awb-padding-top:30px;--awb-padding-right:50px;--awb-padding-bottom:30px;--awb-padding-left:50px;--awb-margin-top:40px;--awb-flex-wrap:wrap;\" ><div class=\"fusion-builder-row fusion-row fusion-flex-align-items-flex-start fusion-flex-content-wrap\" style=\"max-width:1872px;margin-left: calc(-4% \/ 2 );margin-right: calc(-4% \/ 2 );\"><div class=\"fusion-layout-column fusion_builder_column fusion-builder-column-0 fusion_builder_column_1_3 1_3 fusion-flex-column fusion-animated\" style=\"--awb-bg-color:var(--awb-color2);--awb-bg-color-hover:var(--awb-color2);--awb-bg-size:cover;--awb-border-color:var(--awb-color5);--awb-border-top:0px;--awb-border-right:0px;--awb-border-bottom:0px;--awb-border-left:0px;--awb-border-style:solid;--awb-width-large:33.333333333333%;--awb-margin-top-large:0px;--awb-spacing-right-large:5.76%;--awb-margin-bottom-large:20px;--awb-spacing-left-large:5.76%;--awb-width-medium:33.333333333333%;--awb-order-medium:0;--awb-spacing-right-medium:5.76%;--awb-spacing-left-medium:5.76%;--awb-width-small:100%;--awb-order-small:0;--awb-spacing-right-small:1.92%;--awb-spacing-left-small:1.92%;\" data-animationType=\"fadeIn\" data-animationDuration=\"0.5\" data-animationDelay=\"0.4\" data-animationOffset=\"top-into-view\" data-scroll-devices=\"small-visibility,medium-visibility,large-visibility\"><div class=\"fusion-column-wrapper fusion-column-has-shadow fusion-flex-justify-content-flex-start fusion-content-layout-column\"><div class=\"fusion-image-element \" style=\"--awb-caption-title-color:var(--awb-color1);--awb-caption-overlay-color:rgba(193,197,200,0.4);--awb-caption-title-font-family:&quot;Graphik wide bold&quot;;--awb-caption-title-font-weight:400;--awb-caption-title-font-style:normal;--awb-caption-title-size:30px;--awb-caption-title-transform:var(--h1_typography-text-transform);--awb-caption-title-line-height:var(--h1_typography-line-height);--awb-caption-title-letter-spacing:var(--h1_typography-letter-spacing);\"><span class=\" fusion-imageframe imageframe-none imageframe-1 awb-imageframe-style awb-imageframe-style-schantel\"><img decoding=\"async\" width=\"680\" height=\"525\" alt=\"2006\" title=\"2006\" src=\"https:\/\/www.hdry.com\/wp-content\/uploads\/2025\/07\/2006.jpg\" class=\"img-responsive wp-image-2943\" srcset=\"https:\/\/www.hdry.com\/wp-content\/uploads\/2025\/07\/2006-200x154.jpg 200w, https:\/\/www.hdry.com\/wp-content\/uploads\/2025\/07\/2006-400x309.jpg 400w, https:\/\/www.hdry.com\/wp-content\/uploads\/2025\/07\/2006-600x463.jpg 600w, https:\/\/www.hdry.com\/wp-content\/uploads\/2025\/07\/2006.jpg 680w\" sizes=\"(max-width: 640px) 100vw, 600px\" \/><div class=\"awb-imageframe-caption-container\"><div class=\"awb-imageframe-caption\"><h1 class=\"awb-imageframe-caption-title\">2006<\/h1><\/div><\/div><\/span><\/div><\/div><\/div><div class=\"fusion-layout-column fusion_builder_column fusion-builder-column-1 fusion_builder_column_2_3 2_3 fusion-flex-column fusion-flex-align-self-center\" style=\"--awb-bg-size:cover;--awb-width-large:66.666666666667%;--awb-margin-top-large:0px;--awb-spacing-right-large:2.88%;--awb-margin-bottom-large:20px;--awb-spacing-left-large:2.88%;--awb-width-medium:66.666666666667%;--awb-order-medium:0;--awb-spacing-right-medium:2.88%;--awb-spacing-left-medium:2.88%;--awb-width-small:100%;--awb-order-small:0;--awb-spacing-right-small:1.92%;--awb-spacing-left-small:1.92%;\" data-scroll-devices=\"small-visibility,medium-visibility,large-visibility\"><div class=\"fusion-column-wrapper fusion-column-has-shadow fusion-flex-justify-content-flex-start fusion-content-layout-column\"><div class=\"fusion-text fusion-text-1\" style=\"--awb-font-size:16px;--awb-margin-top:0px;--awb-margin-right:0px;--awb-margin-left:0px;\"><p>HDry \u00e8 la pi\u00f9 avanzata tecnologia con laminazione diretta di una membrana impermeabile \/ traspirante per l&#8217;impermeabilizzazione dei prodotti outdoor.<\/p>\n<p>HDry rafforza lo sviluppo tecnologico iniziato nel 2006 dai suoi fondatori quando hanno creato la tecnologia e il marchio OutDry.<\/p>\n<\/div><\/div><\/div><\/div><\/div><div class=\"fusion-fullwidth fullwidth-box fusion-builder-row-2 fusion-flex-container has-pattern-background has-mask-background nonhundred-percent-fullwidth non-hundred-percent-height-scrolling\" style=\"--awb-border-radius-top-left:0px;--awb-border-radius-top-right:0px;--awb-border-radius-bottom-right:0px;--awb-border-radius-bottom-left:0px;--awb-padding-top:50px;--awb-padding-right:50px;--awb-padding-bottom:30px;--awb-padding-left:50px;--awb-background-color:var(--awb-color2);--awb-flex-wrap:wrap;\" ><div class=\"fusion-builder-row fusion-row fusion-flex-align-items-flex-start fusion-flex-content-wrap\" style=\"max-width:1872px;margin-left: calc(-4% \/ 2 );margin-right: calc(-4% \/ 2 );\"><div class=\"fusion-layout-column fusion_builder_column fusion-builder-column-2 fusion_builder_column_1_3 1_3 fusion-flex-column fusion-animated\" style=\"--awb-overflow:hidden;--awb-bg-color:var(--awb-color2);--awb-bg-color-hover:var(--awb-color2);--awb-bg-size:cover;--awb-border-color:var(--awb-color7);--awb-border-top:0px;--awb-border-right:0px;--awb-border-bottom:0px;--awb-border-left:0px;--awb-border-style:solid;--awb-border-radius:9px 9px 9px 9px;--awb-width-large:33.333333333333%;--awb-margin-top-large:0px;--awb-spacing-right-large:5.76%;--awb-margin-bottom-large:20px;--awb-spacing-left-large:5.76%;--awb-width-medium:33.333333333333%;--awb-order-medium:0;--awb-spacing-right-medium:5.76%;--awb-spacing-left-medium:5.76%;--awb-width-small:100%;--awb-order-small:0;--awb-spacing-right-small:1.92%;--awb-spacing-left-small:1.92%;\" data-animationType=\"fadeIn\" data-animationDuration=\"0.5\" data-animationDelay=\"0.4\" data-animationOffset=\"top-into-view\" data-scroll-devices=\"small-visibility,medium-visibility,large-visibility\"><div class=\"fusion-column-wrapper fusion-column-has-shadow fusion-flex-justify-content-flex-start fusion-content-layout-column\"><div class=\"fusion-image-element \" style=\"--awb-caption-title-color:#979a9e;--awb-caption-overlay-color:rgba(193,197,200,0.4);--awb-caption-title-font-family:&quot;Graphik wide bold&quot;;--awb-caption-title-font-weight:400;--awb-caption-title-font-style:normal;--awb-caption-title-size:30px;--awb-caption-title-transform:var(--h1_typography-text-transform);--awb-caption-title-line-height:var(--h1_typography-line-height);--awb-caption-title-letter-spacing:var(--h1_typography-letter-spacing);\"><span class=\" fusion-imageframe imageframe-none imageframe-2 awb-imageframe-style awb-imageframe-style-schantel\"><img decoding=\"async\" width=\"680\" height=\"525\" alt=\"2008\" title=\"2008\" src=\"https:\/\/www.hdry.com\/wp-content\/uploads\/2025\/07\/2008.jpg\" class=\"img-responsive wp-image-2944\" srcset=\"https:\/\/www.hdry.com\/wp-content\/uploads\/2025\/07\/2008-200x154.jpg 200w, https:\/\/www.hdry.com\/wp-content\/uploads\/2025\/07\/2008-400x309.jpg 400w, https:\/\/www.hdry.com\/wp-content\/uploads\/2025\/07\/2008-600x463.jpg 600w, https:\/\/www.hdry.com\/wp-content\/uploads\/2025\/07\/2008.jpg 680w\" sizes=\"(max-width: 640px) 100vw, 600px\" \/><div class=\"awb-imageframe-caption-container\"><div class=\"awb-imageframe-caption\"><h1 class=\"awb-imageframe-caption-title\">2008<\/h1><\/div><\/div><\/span><\/div><\/div><\/div><div class=\"fusion-layout-column fusion_builder_column fusion-builder-column-3 fusion_builder_column_2_3 2_3 fusion-flex-column fusion-flex-align-self-center\" style=\"--awb-bg-size:cover;--awb-width-large:66.666666666667%;--awb-margin-top-large:0px;--awb-spacing-right-large:2.88%;--awb-margin-bottom-large:20px;--awb-spacing-left-large:2.88%;--awb-width-medium:66.666666666667%;--awb-order-medium:0;--awb-spacing-right-medium:2.88%;--awb-spacing-left-medium:2.88%;--awb-width-small:100%;--awb-order-small:0;--awb-spacing-right-small:1.92%;--awb-spacing-left-small:1.92%;\" data-scroll-devices=\"small-visibility,medium-visibility,large-visibility\"><div class=\"fusion-column-wrapper fusion-column-has-shadow fusion-flex-justify-content-flex-start fusion-content-layout-column\"><div class=\"fusion-text fusion-text-2\" style=\"--awb-font-size:16px;--awb-margin-top:0px;--awb-margin-right:0px;--awb-margin-left:0px;\"><p>Sono stati i primi a introdurre il processo di laminazione diretta, tridimensionale, di una membrana su una tomaia per scarpe da esterno, vincendo cos\u00ec il prestigioso premio ISPO &#8216;ECO DESIGN \u2013 FORM FOLLOW SUSTAINABILITY&#8217; nel 2008.<\/p>\n<p>Il marchio &#8220;HDry&#8221; deriva dal simbolo chimico dell&#8217;idrogeno H, abbinato alla parola &#8220;Dry&#8221;, e vuole richiamare il forte legame tra questa tecnologia e l&#8217;acqua. La tecnologia HDry, infatti, interagisce con l&#8217;acqua in pi\u00f9 modi, agendo a volte come elemento protettivo (da pioggia, neve o ghiaccio), a volte come via di trasporto (permettendo al sudore di fuoriuscire) e, infine, proteggendola dal punto di vista ambientale.<\/p>\n<\/div><\/div><\/div><\/div><\/div><div class=\"fusion-fullwidth fullwidth-box fusion-builder-row-3 fusion-flex-container has-pattern-background has-mask-background nonhundred-percent-fullwidth non-hundred-percent-height-scrolling\" style=\"--awb-border-radius-top-left:0px;--awb-border-radius-top-right:0px;--awb-border-radius-bottom-right:0px;--awb-border-radius-bottom-left:0px;--awb-padding-top:50px;--awb-padding-right:50px;--awb-padding-bottom:30px;--awb-padding-left:50px;--awb-flex-wrap:wrap;\" ><div class=\"fusion-builder-row fusion-row fusion-flex-align-items-flex-start fusion-flex-content-wrap\" style=\"max-width:1872px;margin-left: calc(-4% \/ 2 );margin-right: calc(-4% \/ 2 );\"><div class=\"fusion-layout-column fusion_builder_column fusion-builder-column-4 fusion_builder_column_1_3 1_3 fusion-flex-column fusion-animated\" style=\"--awb-bg-color:var(--awb-color2);--awb-bg-color-hover:var(--awb-color2);--awb-bg-size:cover;--awb-border-color:var(--awb-color4);--awb-border-top:0px;--awb-border-right:0px;--awb-border-bottom:0px;--awb-border-left:0px;--awb-border-style:solid;--awb-width-large:33.333333333333%;--awb-margin-top-large:0px;--awb-spacing-right-large:5.76%;--awb-margin-bottom-large:20px;--awb-spacing-left-large:5.76%;--awb-width-medium:33.333333333333%;--awb-order-medium:0;--awb-spacing-right-medium:5.76%;--awb-spacing-left-medium:5.76%;--awb-width-small:100%;--awb-order-small:0;--awb-spacing-right-small:1.92%;--awb-spacing-left-small:1.92%;\" data-animationType=\"fadeIn\" data-animationDuration=\"0.5\" data-animationDelay=\"0.4\" data-animationOffset=\"top-into-view\" data-scroll-devices=\"small-visibility,medium-visibility,large-visibility\"><div class=\"fusion-column-wrapper fusion-column-has-shadow fusion-flex-justify-content-flex-start fusion-content-layout-column\"><div class=\"fusion-image-element \" style=\"--awb-caption-title-color:#686868;--awb-caption-overlay-color:rgba(193,197,200,0.35);--awb-caption-title-font-family:&quot;Graphik wide bold&quot;;--awb-caption-title-font-weight:400;--awb-caption-title-font-style:normal;--awb-caption-title-size:30px;--awb-caption-title-transform:var(--h1_typography-text-transform);--awb-caption-title-line-height:var(--h1_typography-line-height);--awb-caption-title-letter-spacing:var(--h1_typography-letter-spacing);\"><span class=\" fusion-imageframe imageframe-none imageframe-3 awb-imageframe-style awb-imageframe-style-schantel\"><img decoding=\"async\" width=\"680\" height=\"525\" alt=\"2012\" title=\"2012\" src=\"https:\/\/www.hdry.com\/wp-content\/uploads\/2025\/07\/2012.jpg\" class=\"img-responsive wp-image-2945\" srcset=\"https:\/\/www.hdry.com\/wp-content\/uploads\/2025\/07\/2012-200x154.jpg 200w, https:\/\/www.hdry.com\/wp-content\/uploads\/2025\/07\/2012-400x309.jpg 400w, https:\/\/www.hdry.com\/wp-content\/uploads\/2025\/07\/2012-600x463.jpg 600w, https:\/\/www.hdry.com\/wp-content\/uploads\/2025\/07\/2012.jpg 680w\" sizes=\"(max-width: 640px) 100vw, 600px\" \/><div class=\"awb-imageframe-caption-container\"><div class=\"awb-imageframe-caption\"><h1 class=\"awb-imageframe-caption-title\">2012<\/h1><\/div><\/div><\/span><\/div><\/div><\/div><div class=\"fusion-layout-column fusion_builder_column fusion-builder-column-5 fusion_builder_column_2_3 2_3 fusion-flex-column fusion-flex-align-self-center\" style=\"--awb-bg-size:cover;--awb-width-large:66.666666666667%;--awb-margin-top-large:0px;--awb-spacing-right-large:2.88%;--awb-margin-bottom-large:20px;--awb-spacing-left-large:2.88%;--awb-width-medium:66.666666666667%;--awb-order-medium:0;--awb-spacing-right-medium:2.88%;--awb-spacing-left-medium:2.88%;--awb-width-small:100%;--awb-order-small:0;--awb-spacing-right-small:1.92%;--awb-spacing-left-small:1.92%;\" data-scroll-devices=\"small-visibility,medium-visibility,large-visibility\"><div class=\"fusion-column-wrapper fusion-column-has-shadow fusion-flex-justify-content-flex-start fusion-content-layout-column\"><div class=\"fusion-text fusion-text-3\" style=\"--awb-font-size:16px;--awb-margin-top:0px;--awb-margin-right:0px;--awb-margin-left:0px;\"><p>L&#8217;intuizione che ha guidato lo sviluppo tecnologico di HDry \u00e8 semplice. Per molti anni e ancora oggi, il processo con cui vengono costruite la maggior parte delle scarpe impermeabili prevede l&#8217;uso di una membrana abbinata alla fodera in forma di \u2018calzino\u2019 (il cosiddetto &#8220;bootie&#8221;) che viene inserito nella calzatura ma resta separato dalla tomaia.<\/p>\n<p>Il &#8220;bootie&#8221; \u00e8 semplice ed economico da produrre, ma offre scarse prestazioni e presenta numerosi svantaggi. Il pi\u00f9 grave di questi \u00e8 legato al fatto che l&#8217;acqua (dalla pioggia, dalla neve o da un ambiente umido) pu\u00f2 facilmente penetrare e ristagnare nello spazio tra la tomaia e la membrana. Ci\u00f2 rende la scarpa pi\u00f9 pesante, limita la traspirabilit\u00e0 e l&#8217;isolamento termico, compromettendo il comfort.<\/p>\n<\/div><\/div><\/div><\/div><\/div><div class=\"fusion-fullwidth fullwidth-box fusion-builder-row-4 fusion-flex-container has-pattern-background has-mask-background nonhundred-percent-fullwidth non-hundred-percent-height-scrolling\" style=\"--awb-border-radius-top-left:0px;--awb-border-radius-top-right:0px;--awb-border-radius-bottom-right:0px;--awb-border-radius-bottom-left:0px;--awb-padding-top:50px;--awb-padding-right:50px;--awb-padding-bottom:30px;--awb-padding-left:50px;--awb-background-color:var(--awb-color2);--awb-flex-wrap:wrap;\" ><div class=\"fusion-builder-row fusion-row fusion-flex-align-items-flex-start fusion-flex-content-wrap\" style=\"max-width:1872px;margin-left: calc(-4% \/ 2 );margin-right: calc(-4% \/ 2 );\"><div class=\"fusion-layout-column fusion_builder_column fusion-builder-column-6 fusion_builder_column_1_3 1_3 fusion-flex-column fusion-animated\" style=\"--awb-bg-color:var(--awb-color2);--awb-bg-color-hover:var(--awb-color2);--awb-bg-size:cover;--awb-border-color:var(--awb-color4);--awb-border-top:0px;--awb-border-right:0px;--awb-border-bottom:0px;--awb-border-left:0px;--awb-border-style:solid;--awb-width-large:33.333333333333%;--awb-margin-top-large:0px;--awb-spacing-right-large:5.76%;--awb-margin-bottom-large:20px;--awb-spacing-left-large:5.76%;--awb-width-medium:33.333333333333%;--awb-order-medium:0;--awb-spacing-right-medium:5.76%;--awb-spacing-left-medium:5.76%;--awb-width-small:100%;--awb-order-small:0;--awb-spacing-right-small:1.92%;--awb-spacing-left-small:1.92%;\" data-animationType=\"fadeIn\" data-animationDuration=\"0.5\" data-animationDelay=\"0.4\" data-animationOffset=\"top-into-view\" data-scroll-devices=\"small-visibility,medium-visibility,large-visibility\"><div class=\"fusion-column-wrapper fusion-column-has-shadow fusion-flex-justify-content-flex-start fusion-content-layout-column\"><div class=\"fusion-image-element \" style=\"--awb-caption-title-color:#ffffff;--awb-caption-overlay-color:rgba(193,197,200,0.35);--awb-caption-title-font-family:&quot;Graphik wide bold&quot;;--awb-caption-title-font-weight:400;--awb-caption-title-font-style:normal;--awb-caption-title-size:30px;--awb-caption-title-transform:var(--h1_typography-text-transform);--awb-caption-title-line-height:var(--h1_typography-line-height);--awb-caption-title-letter-spacing:var(--h1_typography-letter-spacing);\"><span class=\" fusion-imageframe imageframe-none imageframe-4 awb-imageframe-style awb-imageframe-style-schantel\"><img decoding=\"async\" width=\"680\" height=\"525\" alt=\"2020\" title=\"2020\" src=\"https:\/\/www.hdry.com\/wp-content\/uploads\/2025\/07\/2020.jpg\" class=\"img-responsive wp-image-2946\" srcset=\"https:\/\/www.hdry.com\/wp-content\/uploads\/2025\/07\/2020-200x154.jpg 200w, https:\/\/www.hdry.com\/wp-content\/uploads\/2025\/07\/2020-400x309.jpg 400w, https:\/\/www.hdry.com\/wp-content\/uploads\/2025\/07\/2020-600x463.jpg 600w, https:\/\/www.hdry.com\/wp-content\/uploads\/2025\/07\/2020.jpg 680w\" sizes=\"(max-width: 640px) 100vw, 600px\" \/><div class=\"awb-imageframe-caption-container\"><div class=\"awb-imageframe-caption\"><h1 class=\"awb-imageframe-caption-title\">2020<\/h1><\/div><\/div><\/span><\/div><\/div><\/div><div class=\"fusion-layout-column fusion_builder_column fusion-builder-column-7 fusion_builder_column_2_3 2_3 fusion-flex-column fusion-flex-align-self-center\" style=\"--awb-bg-size:cover;--awb-width-large:66.666666666667%;--awb-margin-top-large:0px;--awb-spacing-right-large:2.88%;--awb-margin-bottom-large:20px;--awb-spacing-left-large:2.88%;--awb-width-medium:66.666666666667%;--awb-order-medium:0;--awb-spacing-right-medium:2.88%;--awb-spacing-left-medium:2.88%;--awb-width-small:100%;--awb-order-small:0;--awb-spacing-right-small:1.92%;--awb-spacing-left-small:1.92%;\" data-scroll-devices=\"small-visibility,medium-visibility,large-visibility\"><div class=\"fusion-column-wrapper fusion-column-has-shadow fusion-flex-justify-content-flex-start fusion-content-layout-column\"><div class=\"fusion-text fusion-text-4\" style=\"--awb-font-size:16px;--awb-margin-top:0px;--awb-margin-right:0px;--awb-margin-left:0px;\"><p>Trovare una soluzione a questi problemi \u00e8 ci\u00f2 che ha ispirato lo sviluppo della tecnologia HDry. Con la tecnologia HDry la membrana viene laminata direttamente sulla superficie interna della tomaia, gi\u00e0 cucita, e completa di ganci e occhielli, in una vera e propria conformazione 3D.<\/p>\n<p>Per mezzo di una macchina di laminazione brevettata, derivata dall&#8217;industria aerospaziale, la membrana impermeabile viene solidamente unita alla superficie interna della tomaia, sigillando in un unico passaggio i materiali, le cuciture e qualsiasi altro potenziale punto di ingresso. Ci\u00f2 evita che l\u2019acqua penetri nello spazio tra la tomaia e la membrana e mantiene la scarpa sempre leggera e asciutta in tutte le condizioni atmosferiche.<\/p>\n<p>\u00c8 importante notare che l&#8217;innovazione tecnologica non risiede nella membrana, ma piuttosto nel modo in cui viene costruita la scarpa, e in particolare nel processo di laminazione diretta della membrana alla tomaia.<br \/>\nLa membrana pu\u00f2 quindi essere scelta in base al tipo di utilizzo finale, utilizzando criteri quali prestazioni, efficienza e, soprattutto, sostenibilit\u00e0.<\/p>\n<\/div><\/div><\/div><\/div><\/div><\/p>\n","protected":false},"excerpt":{"rendered":"","protected":false},"author":1,"featured_media":0,"parent":0,"menu_order":0,"comment_status":"closed","ping_status":"closed","template":"100-width.php","meta":{"footnotes":""},"class_list":["post-2942","page","type-page","status-publish","hentry"],"_links":{"self":[{"href":"https:\/\/www.hdry.com\/it\/wp-json\/wp\/v2\/pages\/2942","targetHints":{"allow":["GET"]}}],"collection":[{"href":"https:\/\/www.hdry.com\/it\/wp-json\/wp\/v2\/pages"}],"about":[{"href":"https:\/\/www.hdry.com\/it\/wp-json\/wp\/v2\/types\/page"}],"author":[{"embeddable":true,"href":"https:\/\/www.hdry.com\/it\/wp-json\/wp\/v2\/users\/1"}],"replies":[{"embeddable":true,"href":"https:\/\/www.hdry.com\/it\/wp-json\/wp\/v2\/comments?post=2942"}],"version-history":[{"count":0,"href":"https:\/\/www.hdry.com\/it\/wp-json\/wp\/v2\/pages\/2942\/revisions"}],"wp:attachment":[{"href":"https:\/\/www.hdry.com\/it\/wp-json\/wp\/v2\/media?parent=2942"}],"curies":[{"name":"wp","href":"https:\/\/api.w.org\/{rel}","templated":true}]}}