{"id":9685,"date":"2026-01-22T15:25:28","date_gmt":"2026-01-22T15:25:28","guid":{"rendered":"https:\/\/www.hdry.com\/klattermusen\/"},"modified":"2026-01-30T15:16:43","modified_gmt":"2026-01-30T15:16:43","slug":"klattermusen","status":"publish","type":"page","link":"https:\/\/www.hdry.com\/it\/klattermusen\/","title":{"rendered":"KLATTERMUSEN"},"content":{"rendered":"<p><div class=\"fusion-fullwidth fullwidth-box fusion-builder-row-1 fusion-flex-container has-pattern-background has-mask-background nonhundred-percent-fullwidth non-hundred-percent-height-scrolling\" style=\"--awb-border-radius-top-left:0px;--awb-border-radius-top-right:0px;--awb-border-radius-bottom-right:0px;--awb-border-radius-bottom-left:0px;--awb-padding-top:0px;--awb-padding-right:40px;--awb-padding-bottom:0px;--awb-padding-left:40px;--awb-margin-top:15px;--awb-margin-bottom:0px;--awb-flex-wrap:wrap;\" ><div class=\"fusion-builder-row fusion-row fusion-flex-align-items-flex-start fusion-flex-content-wrap\" style=\"max-width:1872px;margin-left: calc(-4% \/ 2 );margin-right: calc(-4% \/ 2 );\"><div class=\"fusion-layout-column fusion_builder_column fusion-builder-column-0 fusion_builder_column_1_1 1_1 fusion-flex-column\" style=\"--awb-bg-size:cover;--awb-width-large:100%;--awb-margin-top-large:0px;--awb-spacing-right-large:1.92%;--awb-margin-bottom-large:30px;--awb-spacing-left-large:1.92%;--awb-width-medium:100%;--awb-order-medium:0;--awb-spacing-right-medium:1.92%;--awb-spacing-left-medium:1.92%;--awb-width-small:100%;--awb-order-small:0;--awb-spacing-right-small:1.92%;--awb-spacing-left-small:1.92%;\" data-scroll-devices=\"small-visibility,medium-visibility,large-visibility\"><div class=\"fusion-column-wrapper fusion-column-has-shadow fusion-flex-justify-content-flex-start fusion-content-layout-column\"><div class=\"fusion-separator fusion-full-width-sep\" style=\"align-self: center;margin-left: auto;margin-right: auto;margin-top:20px;width:100%;\"><\/div><div class=\"fusion-image-element \" style=\"text-align:center;--awb-max-width:250px;--awb-caption-title-font-family:var(--h2_typography-font-family);--awb-caption-title-font-weight:var(--h2_typography-font-weight);--awb-caption-title-font-style:var(--h2_typography-font-style);--awb-caption-title-size:var(--h2_typography-font-size);--awb-caption-title-transform:var(--h2_typography-text-transform);--awb-caption-title-line-height:var(--h2_typography-line-height);--awb-caption-title-letter-spacing:var(--h2_typography-letter-spacing);\"><span class=\" fusion-imageframe imageframe-none imageframe-1 hover-type-none\"><img decoding=\"async\" width=\"449\" height=\"451\" alt=\"Klattermusen\" title=\"Miniatura del marchio\" src=\"https:\/\/www.hdry.com\/wp-content\/uploads\/2026\/01\/logo-4.jpg\" class=\"img-responsive wp-image-9686\" srcset=\"https:\/\/www.hdry.com\/wp-content\/uploads\/2026\/01\/logo-4-200x201.jpg 200w, https:\/\/www.hdry.com\/wp-content\/uploads\/2026\/01\/logo-4-400x402.jpg 400w, https:\/\/www.hdry.com\/wp-content\/uploads\/2026\/01\/logo-4.jpg 449w\" sizes=\"(max-width: 640px) 100vw, 449px\" \/><\/span><\/div><div class=\"fusion-text fusion-text-1\"><p>Kl\u00e4ttermusen \u00e8 un produttore di attrezzatura da alpinismo di alta qualit\u00e0. Fondata nel 1975 con l&#8217;obiettivo di combinare utilit\u00e0 e massima durata in design e materiali ecosostenibili, Kl\u00e4ttermusen supporta gli appassionati di attivit\u00e0 all&#8217;aperto in condizioni meteorologiche avverse e situazioni imprevedibili.<\/p>\n<\/div><div class=\"fusion-separator fusion-full-width-sep\" style=\"align-self: center;margin-left: auto;margin-right: auto;margin-top:25px;width:100%;\"><\/div><\/div><\/div><\/div><\/div><div class=\"fusion-fullwidth fullwidth-box fusion-builder-row-2 fusion-flex-container has-pattern-background has-mask-background hundred-percent-fullwidth non-hundred-percent-height-scrolling\" style=\"--awb-border-radius-top-left:0px;--awb-border-radius-top-right:0px;--awb-border-radius-bottom-right:0px;--awb-border-radius-bottom-left:0px;--awb-padding-top:0px;--awb-padding-right:0px;--awb-padding-bottom:0px;--awb-padding-left:0px;--awb-margin-top:0px;--awb-background-color:var(--awb-color1);--awb-flex-wrap:wrap;\" ><div class=\"fusion-builder-row fusion-row fusion-flex-align-items-stretch fusion-flex-justify-content-center fusion-flex-content-wrap\" style=\"width:calc( 100% + 0px ) !important;max-width:calc( 100% + 0px ) !important;margin-left: calc(-0px \/ 2 );margin-right: calc(-0px \/ 2 );\"><div class=\"fusion-layout-column fusion_builder_column fusion-builder-column-1 fusion_builder_column_1_3 1_3 fusion-flex-column fusion-animated\" style=\"--awb-bg-color:var(--awb-color2);--awb-bg-color-hover:var(--awb-color2);--awb-bg-size:cover;--awb-border-color:var(--awb-color5);--awb-border-top:0px;--awb-border-right:0px;--awb-border-bottom:0px;--awb-border-left:0px;--awb-border-style:solid;--awb-width-large:33.333333333333%;--awb-margin-top-large:0px;--awb-spacing-right-large:0px;--awb-margin-bottom-large:0px;--awb-spacing-left-large:0px;--awb-width-medium:33.333333333333%;--awb-order-medium:0;--awb-spacing-right-medium:0px;--awb-spacing-left-medium:0px;--awb-width-small:100%;--awb-order-small:0;--awb-spacing-right-small:0px;--awb-spacing-left-small:0px;\" data-animationType=\"fadeIn\" data-animationDuration=\"0.5\" data-animationDelay=\"0.4\" data-animationOffset=\"top-into-view\" data-scroll-devices=\"small-visibility,medium-visibility,large-visibility\"><div class=\"fusion-column-wrapper fusion-column-has-shadow fusion-flex-justify-content-flex-start fusion-content-layout-column\"><div class=\"fusion-image-element \" style=\"--awb-caption-title-font-family:var(--h2_typography-font-family);--awb-caption-title-font-weight:var(--h2_typography-font-weight);--awb-caption-title-font-style:var(--h2_typography-font-style);--awb-caption-title-size:var(--h2_typography-font-size);--awb-caption-title-transform:var(--h2_typography-text-transform);--awb-caption-title-line-height:var(--h2_typography-line-height);--awb-caption-title-letter-spacing:var(--h2_typography-letter-spacing);\"><span class=\" fusion-imageframe imageframe-none imageframe-2 hover-type-none\"><a class=\"fusion-no-lightbox\" href=\"https:\/\/www.klattermusen.com\/en-eu\/10042-kvaser-gloves-moon\/\" target=\"_blank\" aria-label=\"pollice squadrato\" rel=\"noopener noreferrer\"><img decoding=\"async\" width=\"1000\" height=\"1000\" src=\"https:\/\/www.hdry.com\/wp-content\/uploads\/2026\/01\/1-16.jpg\" alt class=\"img-responsive wp-image-9735\" srcset=\"https:\/\/www.hdry.com\/wp-content\/uploads\/2026\/01\/1-16-200x200.jpg 200w, https:\/\/www.hdry.com\/wp-content\/uploads\/2026\/01\/1-16-400x400.jpg 400w, https:\/\/www.hdry.com\/wp-content\/uploads\/2026\/01\/1-16-600x600.jpg 600w, https:\/\/www.hdry.com\/wp-content\/uploads\/2026\/01\/1-16-800x800.jpg 800w, https:\/\/www.hdry.com\/wp-content\/uploads\/2026\/01\/1-16.jpg 1000w\" sizes=\"(max-width: 640px) 100vw, 800px\" \/><\/a><\/span><\/div><\/div><\/div><div class=\"fusion-layout-column fusion_builder_column fusion-builder-column-2 fusion_builder_column_1_3 1_3 fusion-flex-column fusion-animated\" style=\"--awb-bg-color:var(--awb-color2);--awb-bg-color-hover:var(--awb-color2);--awb-bg-size:cover;--awb-border-color:var(--awb-color5);--awb-border-top:0px;--awb-border-right:0px;--awb-border-bottom:0px;--awb-border-left:0px;--awb-border-style:solid;--awb-width-large:33.333333333333%;--awb-margin-top-large:0px;--awb-spacing-right-large:0px;--awb-margin-bottom-large:0px;--awb-spacing-left-large:0px;--awb-width-medium:33.333333333333%;--awb-order-medium:0;--awb-spacing-right-medium:0px;--awb-spacing-left-medium:0px;--awb-width-small:100%;--awb-order-small:0;--awb-spacing-right-small:0px;--awb-spacing-left-small:0px;\" data-animationType=\"fadeIn\" data-animationDuration=\"0.5\" data-animationDelay=\"0.4\" data-animationOffset=\"top-into-view\" data-scroll-devices=\"small-visibility,medium-visibility,large-visibility\"><div class=\"fusion-column-wrapper fusion-column-has-shadow fusion-flex-justify-content-flex-start fusion-content-layout-column\"><div class=\"fusion-image-element \" style=\"--awb-caption-title-font-family:var(--h2_typography-font-family);--awb-caption-title-font-weight:var(--h2_typography-font-weight);--awb-caption-title-font-style:var(--h2_typography-font-style);--awb-caption-title-size:var(--h2_typography-font-size);--awb-caption-title-transform:var(--h2_typography-text-transform);--awb-caption-title-line-height:var(--h2_typography-line-height);--awb-caption-title-letter-spacing:var(--h2_typography-letter-spacing);\"><span class=\" fusion-imageframe imageframe-none imageframe-3 hover-type-none\"><a class=\"fusion-no-lightbox\" href=\"https:\/\/www.klattermusen.com\/en-eu\/10042-kvaser-gloves-black\/\" target=\"_blank\" aria-label=\"pollice squadrato\" rel=\"noopener noreferrer\"><img decoding=\"async\" width=\"1000\" height=\"1000\" src=\"https:\/\/www.hdry.com\/wp-content\/uploads\/2026\/01\/2-15.jpg\" alt class=\"img-responsive wp-image-9736\" srcset=\"https:\/\/www.hdry.com\/wp-content\/uploads\/2026\/01\/2-15-200x200.jpg 200w, https:\/\/www.hdry.com\/wp-content\/uploads\/2026\/01\/2-15-400x400.jpg 400w, https:\/\/www.hdry.com\/wp-content\/uploads\/2026\/01\/2-15-600x600.jpg 600w, https:\/\/www.hdry.com\/wp-content\/uploads\/2026\/01\/2-15-800x800.jpg 800w, https:\/\/www.hdry.com\/wp-content\/uploads\/2026\/01\/2-15.jpg 1000w\" sizes=\"(max-width: 640px) 100vw, 800px\" \/><\/a><\/span><\/div><\/div><\/div><div class=\"fusion-layout-column fusion_builder_column fusion-builder-column-3 fusion_builder_column_1_3 1_3 fusion-flex-column fusion-animated\" style=\"--awb-bg-color:var(--awb-color2);--awb-bg-color-hover:var(--awb-color2);--awb-bg-size:cover;--awb-border-color:var(--awb-color5);--awb-border-top:0px;--awb-border-right:0px;--awb-border-bottom:0px;--awb-border-left:0px;--awb-border-style:solid;--awb-width-large:33.333333333333%;--awb-margin-top-large:0px;--awb-spacing-right-large:0px;--awb-margin-bottom-large:0px;--awb-spacing-left-large:0px;--awb-width-medium:33.333333333333%;--awb-order-medium:0;--awb-spacing-right-medium:0px;--awb-spacing-left-medium:0px;--awb-width-small:100%;--awb-order-small:0;--awb-spacing-right-small:0px;--awb-spacing-left-small:0px;\" data-animationType=\"fadeIn\" data-animationDuration=\"0.5\" data-animationDelay=\"0.4\" data-animationOffset=\"top-into-view\" data-scroll-devices=\"small-visibility,medium-visibility,large-visibility\"><div class=\"fusion-column-wrapper fusion-column-has-shadow fusion-flex-justify-content-flex-start fusion-content-layout-column\"><div class=\"fusion-image-element \" style=\"--awb-caption-title-font-family:var(--h2_typography-font-family);--awb-caption-title-font-weight:var(--h2_typography-font-weight);--awb-caption-title-font-style:var(--h2_typography-font-style);--awb-caption-title-size:var(--h2_typography-font-size);--awb-caption-title-transform:var(--h2_typography-text-transform);--awb-caption-title-line-height:var(--h2_typography-line-height);--awb-caption-title-letter-spacing:var(--h2_typography-letter-spacing);\"><span class=\" fusion-imageframe imageframe-none imageframe-4 hover-type-none\"><a class=\"fusion-no-lightbox\" href=\"https:\/\/www.klattermusen.com\/en-eu\/10042-kvaser-gloves-moon\/\" target=\"_blank\" aria-label=\"pollice squadrato\" rel=\"noopener noreferrer\"><img decoding=\"async\" width=\"1000\" height=\"1341\" src=\"https:\/\/www.hdry.com\/wp-content\/uploads\/2026\/01\/3-10.jpg\" alt class=\"img-responsive wp-image-9737\" srcset=\"https:\/\/www.hdry.com\/wp-content\/uploads\/2026\/01\/3-10-200x268.jpg 200w, https:\/\/www.hdry.com\/wp-content\/uploads\/2026\/01\/3-10-400x536.jpg 400w, https:\/\/www.hdry.com\/wp-content\/uploads\/2026\/01\/3-10-600x805.jpg 600w, https:\/\/www.hdry.com\/wp-content\/uploads\/2026\/01\/3-10-800x1073.jpg 800w, https:\/\/www.hdry.com\/wp-content\/uploads\/2026\/01\/3-10.jpg 1000w\" sizes=\"(max-width: 640px) 100vw, 800px\" \/><\/a><\/span><\/div><\/div><\/div><\/div><\/div><\/p>\n","protected":false},"excerpt":{"rendered":"","protected":false},"author":1,"featured_media":0,"parent":0,"menu_order":0,"comment_status":"closed","ping_status":"closed","template":"100-width.php","meta":{"footnotes":""},"class_list":["post-9685","page","type-page","status-publish","hentry"],"_links":{"self":[{"href":"https:\/\/www.hdry.com\/it\/wp-json\/wp\/v2\/pages\/9685","targetHints":{"allow":["GET"]}}],"collection":[{"href":"https:\/\/www.hdry.com\/it\/wp-json\/wp\/v2\/pages"}],"about":[{"href":"https:\/\/www.hdry.com\/it\/wp-json\/wp\/v2\/types\/page"}],"author":[{"embeddable":true,"href":"https:\/\/www.hdry.com\/it\/wp-json\/wp\/v2\/users\/1"}],"replies":[{"embeddable":true,"href":"https:\/\/www.hdry.com\/it\/wp-json\/wp\/v2\/comments?post=9685"}],"version-history":[{"count":0,"href":"https:\/\/www.hdry.com\/it\/wp-json\/wp\/v2\/pages\/9685\/revisions"}],"wp:attachment":[{"href":"https:\/\/www.hdry.com\/it\/wp-json\/wp\/v2\/media?parent=9685"}],"curies":[{"name":"wp","href":"https:\/\/api.w.org\/{rel}","templated":true}]}}